{"id":672,"date":"2024-07-05T14:02:07","date_gmt":"2024-07-05T12:02:07","guid":{"rendered":"https:\/\/wipcool.pl\/sakumlapa\/"},"modified":"2025-05-30T12:12:47","modified_gmt":"2025-05-30T10:12:47","slug":"sakumlapa","status":"publish","type":"page","link":"https:\/\/wipcool.pl\/lv\/","title":{"rendered":"S\u0101kumlapa"},"content":{"rendered":"\n<section class=\"hero relative\">\n  <div class=\"container\">\n    <div class=\"relative px-4 md:px-10 lg:px-20 pt-[80vw] sm:pt-[460px] md:pt-40 lg:pt-40 pb-8 md:pb-16 lg:pb-32 text-white rounded-[20px] overflow-hidden bg-[#222222]\">\n      <div class=\"relative z-10\">\n        <span class=\"relative block text-xs sm:text-sm leading-5 font-semibold uppercase text-secondary lg:mb-2 xl:mb-4 pl-12 before:absolute before:top-1\/2 before:left-0 before:w-10 before:border-t-2 before:border-secondary before:content-[''] before:-translate-y-1\/2\">Par mums<\/span>\n        <h1 class=\"text-base lg:text-2xl xl:text-4xl mb-2 xl:mb-4\">\n                  <\/h1>\n        <p class=\"text-2xl lg:text-4xl xl:text-5xl font-bold max-w-[480px] leading-tight lg:leading-tight xl:leading-tight mb-6 xl:mb-8\">\n                  <\/p>\n        <div class=\"flex flex-col md:flex-row gap-4 lg:gap-8 xl:gap-12\">\n                      <a href=\"https:\/\/www.wp.pl\/\" target=\"_self\" class=\"btn btn--primary\">\n              Apskatiet produktu katalogu            <\/a>\n                                <a href=\"https:\/\/www.wp.pl\/\" target=\"_self\" class=\"btn btn--outline\">\n              Uzzin\u0101t vair\u0101k            <\/a>\n                  <\/div>\n      <\/div>\n\n      <img id=\"heroImageMob\" fetchpriority=\"high\" data-src=\"\" alt=\"\" class=\"absolute top-0 left-0 w-full\">\n      \n    <\/div>\n  <\/div>\n<\/section>\n\n  <section class=\"icons-with-descriptions\">\n    <div class=\"container\">\n      <div class=\"grid grid-cols-1 sm:grid-cols-3 gap-14 xl:py-14\">\n                  <div class=\"icon-with-description\">\n            <div class=\"icon-with-description__icon\">\n              <img loading=\"lazy\" decoding=\"async\" width=\"48\" height=\"48\" src=\"https:\/\/wipcool.pl\/wp-content\/uploads\/2024\/08\/Icons-two-color-1.svg\" class=\"attachment-full size-full\" alt=\"\" \/>            <\/div>\n            <div class=\"icon-with-description__text\">\n              <h6>P\u0101rdo\u0161anas t\u012bkls vair\u0101k nek\u0101 73 valst\u012bs<\/h6>\n              <p>Tuvin\u0101ta sadarb\u012bba ar klientiem un biznesa partneriem vis\u0101 pasaul\u0113.<\/p>\n            <\/div>\n          <\/div>\n                  <div class=\"icon-with-description\">\n            <div class=\"icon-with-description__icon\">\n              <img loading=\"lazy\" decoding=\"async\" width=\"49\" height=\"48\" src=\"https:\/\/wipcool.pl\/wp-content\/uploads\/2024\/08\/Frame-1.svg\" class=\"attachment-full size-full\" alt=\"\" \/>            <\/div>\n            <div class=\"icon-with-description__text\">\n              <h6>Modern\u0101 Tehnolo\u0123ija<\/h6>\n              <p>Jaun\u0101ko tehnolo\u0123iju izmanto\u0161ana ra\u017eo\u0161an\u0101 un p\u0113tniec\u012bb\u0101.<\/p>\n            <\/div>\n          <\/div>\n                  <div class=\"icon-with-description\">\n            <div class=\"icon-with-description__icon\">\n              <img loading=\"lazy\" decoding=\"async\" width=\"97\" height=\"96\" src=\"https:\/\/wipcool.pl\/wp-content\/uploads\/2024\/08\/Icons-two-color-4.png\" class=\"attachment-full size-full\" alt=\"\" \/>            <\/div>\n            <div class=\"icon-with-description__text\">\n              <h6>Produktu Uzticam\u012bba<\/h6>\n              <p>Produkti ar uzticamu darb\u012bbu, kas rada liel\u0101ku tirdzniec\u012bbas v\u0113rt\u012bbu klientiem.<\/p>\n            <\/div>\n          <\/div>\n              <\/div>\n    <\/div>\n  <\/section>\n\n\n\n<section class=\"best-products\">\n  <div class=\"container\">\n    <div class=\"mb-6 md:mb-8\">\n      <div class=\"best-products__header text-center\">\n        <h3>M\u016aSU LAB\u0100KIE PRODUKTI<\/h3>\n      <\/div>\n    <\/div>\n    <div class=\"relative min-h-96\">\n        \n        <!--\n            <div class=\"wipcool-loader absolute top-1\/2 left-1\/2 -translate-x-1\/2 -translate-y-1\/2 z-10\"><\/div>\n            <div id=\"best-products-grid\" class=\"grid grid-cols-2 lg:grid-cols-4 gap-2 sm:gap-4 lg:gap-y-16 pb-6 md:pb-8 xl:pb-16\"><\/div>\n        -->\n      \n       <div id=\"best-custom-products-grid\" class=\"grid grid-cols-2 lg:grid-cols-4 gap-2 sm:gap-4 lg:gap-y-16 pb-6 md:pb-8 xl:pb-16\">\n             <\/div>\n    <\/div>\n\n          <div class=\"text-center\">\n        <a\n          class=\"btn btn--primary\"\n          href=\"https:\/\/wipcool.pl\/produkty\/\"\n          target=\"_self\"\n        >\n          Visi produkti        <\/a>\n      <\/div>\n    \n  <\/div>\n<\/section>\n\n\n<section class=\"banner\">\n  <div class=\"banner__bg\" style=\"background-image: url()\">\n    <div class=\"container\">\n      <div class=\"banner__content\">\n        <span>Par mums<\/span>\n        <h1>Speci\u0101listi ne tikai<br \/>\nNO T\u012aR\u012a\u0160ANAS<\/h1>\n        <div class=\"prose space-y-2 sm:space-y-4 max-w-full lg:w-3\/5 mb-6 md:mb-8 xl:mb-12 prose-headings:text-white prose-headings:font-semibold prose-h3:text-3xl prose-h4:text-2xl prose-h5:text-xl prose-h6:text-lg prose-p:text-white prose-a:text-white prose-a:underline hover:prose-a:text-accent-1 prose-ul:list-disc prose-ul:text-white prose-ol:text-white prose-li:marker:text-white prose-strong:text-white leading-normal\">\n          <p>Uz\u0146\u0113mums WIPCOOL, kas dibin\u0101ts 2011. gad\u0101, ir l\u012bderis augsto tehnolo\u0123iju jom\u0101, specializ\u0113joties kondens\u0101ta no\u0146em\u0161anas s\u016bk\u0146u un HVAC sist\u0113mu uztur\u0113\u0161anas un uzst\u0101d\u012b\u0161anas r\u012bku ra\u017eo\u0161an\u0101. Mums ir vair\u0101k nek\u0101 20 valsts patenti un p\u0101rdo\u0161anas t\u012bkls 73 valst\u012bs, apkalpojot 5 zin\u0101mas klimata kontroles markas.<\/p>\n        <\/div>\n                  <a href=\"http:\/\/www.wp.pl\" target=\"_self\" class=\"btn btn--primary\">\n            Uzzin\u0101t vair\u0101k          <\/a>\n              <\/div>\n    <\/div>\n  <\/div>\n<\/section>\n\n\n<section class=\"tips-section\">\n  <div class=\"container\">\n    <div class=\"text-center\">\n      <h2>PADOMI SPECI\u0100LISTIEM<\/h2>\n    <\/div>\n          <div class=\"tips-section__boxes\">\n                  <article class=\"tip-box\">\n            <div class=\"tip-box__bg-wrapper\">\n              <div class=\"tip-box__bg\" style=\"\"><\/div>\n            <\/div>\n            <div class=\"tip-box__content\">\n              <div class=\"space-y-3 mb-6\">\n                <span>STRONA<\/span>\n                <h3 class=\"font-normal text-base md:text-lg lg:text-xl xl:text-2xl uppercase mt-1\">Garantija<\/h3>\n                <p><\/p>\n              <\/div>\n              <a href=\"https:\/\/wipcool.pl\/lv\/garantija\/\" class=\"btn btn--link\">UZZINI VAIR\u0100K<\/a>\n            <\/div>\n          <\/article>\n                      <\/div>\n        \n          <div class=\"text-center\">\n        <a href=\"https:\/\/wipcool.pl\/blog\/\" target=\"_self\" class=\"btn btn--primary\">Visi raksti<\/a>\n      <\/div>\n      <\/div>\n<\/section>","protected":false},"excerpt":{"rendered":"","protected":false},"author":1,"featured_media":0,"parent":0,"menu_order":0,"comment_status":"closed","ping_status":"closed","template":"","meta":{"_acf_changed":false,"footnotes":""},"class_list":["post-672","page","type-page","status-publish","hentry"],"acf":[],"yoast_head":"<!-- This site is optimized with the Yoast SEO plugin v25.9 - https:\/\/yoast.com\/wordpress\/plugins\/seo\/ -->\n<title>Profesion\u0101li HVAC t\u012br\u012b\u0161anas un apkopes r\u012bki | Wipcool<\/title>\n<meta name=\"description\" content=\"Wipcool ir tirgus l\u012bderis HVAC t\u012br\u012b\u0161anas r\u012bku jom\u0101. Uzziniet, k\u0101p\u0113c m\u016bsu HVAC r\u012bkus izv\u0113las profesion\u0101\u013ci.\" \/>\n<meta name=\"robots\" content=\"index, follow, max-snippet:-1, max-image-preview:large, max-video-preview:-1\" \/>\n<link rel=\"canonical\" href=\"https:\/\/wipcool.pl\/lv\/\" \/>\n<meta property=\"og:locale\" content=\"lv_LV\" \/>\n<meta property=\"og:type\" content=\"article\" \/>\n<meta property=\"og:title\" content=\"Profesion\u0101li HVAC t\u012br\u012b\u0161anas un apkopes r\u012bki | Wipcool\" \/>\n<meta property=\"og:description\" content=\"Wipcool ir tirgus l\u012bderis HVAC t\u012br\u012b\u0161anas r\u012bku jom\u0101. Uzziniet, k\u0101p\u0113c m\u016bsu HVAC r\u012bkus izv\u0113las profesion\u0101\u013ci.\" \/>\n<meta property=\"og:url\" content=\"https:\/\/wipcool.pl\/lv\/\" \/>\n<meta property=\"og:site_name\" content=\"Wipcool\" \/>\n<meta property=\"article:modified_time\" content=\"2025-05-30T10:12:47+00:00\" \/>\n<meta name=\"twitter:card\" content=\"summary_large_image\" \/>\n<script type=\"application\/ld+json\" class=\"yoast-schema-graph\">{\"@context\":\"https:\/\/schema.org\",\"@graph\":[{\"@type\":\"WebPage\",\"@id\":\"https:\/\/wipcool.pl\/lv\/\",\"url\":\"https:\/\/wipcool.pl\/lv\/\",\"name\":\"Profesion\u0101li HVAC t\u012br\u012b\u0161anas un apkopes r\u012bki | Wipcool\",\"isPartOf\":{\"@id\":\"https:\/\/wipcool.pl\/#website\"},\"datePublished\":\"2024-07-05T12:02:07+00:00\",\"dateModified\":\"2025-05-30T10:12:47+00:00\",\"description\":\"Wipcool ir tirgus l\u012bderis HVAC t\u012br\u012b\u0161anas r\u012bku jom\u0101. Uzziniet, k\u0101p\u0113c m\u016bsu HVAC r\u012bkus izv\u0113las profesion\u0101\u013ci.\",\"breadcrumb\":{\"@id\":\"https:\/\/wipcool.pl\/lv\/#breadcrumb\"},\"inLanguage\":\"lv-LV\",\"potentialAction\":[{\"@type\":\"ReadAction\",\"target\":[\"https:\/\/wipcool.pl\/lv\/\"]}]},{\"@type\":\"BreadcrumbList\",\"@id\":\"https:\/\/wipcool.pl\/lv\/#breadcrumb\",\"itemListElement\":[{\"@type\":\"ListItem\",\"position\":1,\"name\":\"Strona g\u0142\u00f3wna\",\"item\":\"https:\/\/wipcool.pl\/lv\/\"},{\"@type\":\"ListItem\",\"position\":2,\"name\":\"S\u0101kumlapa\"}]},{\"@type\":\"WebSite\",\"@id\":\"https:\/\/wipcool.pl\/#website\",\"url\":\"https:\/\/wipcool.pl\/\",\"name\":\"Wipcool\",\"description\":\"\",\"potentialAction\":[{\"@type\":\"SearchAction\",\"target\":{\"@type\":\"EntryPoint\",\"urlTemplate\":\"https:\/\/wipcool.pl\/?s={search_term_string}\"},\"query-input\":{\"@type\":\"PropertyValueSpecification\",\"valueRequired\":true,\"valueName\":\"search_term_string\"}}],\"inLanguage\":\"lv-LV\"}]}<\/script>\n<!-- \/ Yoast SEO plugin. -->","yoast_head_json":{"title":"Profesion\u0101li HVAC t\u012br\u012b\u0161anas un apkopes r\u012bki | Wipcool","description":"Wipcool ir tirgus l\u012bderis HVAC t\u012br\u012b\u0161anas r\u012bku jom\u0101. Uzziniet, k\u0101p\u0113c m\u016bsu HVAC r\u012bkus izv\u0113las profesion\u0101\u013ci.","robots":{"index":"index","follow":"follow","max-snippet":"max-snippet:-1","max-image-preview":"max-image-preview:large","max-video-preview":"max-video-preview:-1"},"canonical":"https:\/\/wipcool.pl\/lv\/","og_locale":"lv_LV","og_type":"article","og_title":"Profesion\u0101li HVAC t\u012br\u012b\u0161anas un apkopes r\u012bki | Wipcool","og_description":"Wipcool ir tirgus l\u012bderis HVAC t\u012br\u012b\u0161anas r\u012bku jom\u0101. Uzziniet, k\u0101p\u0113c m\u016bsu HVAC r\u012bkus izv\u0113las profesion\u0101\u013ci.","og_url":"https:\/\/wipcool.pl\/lv\/","og_site_name":"Wipcool","article_modified_time":"2025-05-30T10:12:47+00:00","twitter_card":"summary_large_image","schema":{"@context":"https:\/\/schema.org","@graph":[{"@type":"WebPage","@id":"https:\/\/wipcool.pl\/lv\/","url":"https:\/\/wipcool.pl\/lv\/","name":"Profesion\u0101li HVAC t\u012br\u012b\u0161anas un apkopes r\u012bki | Wipcool","isPartOf":{"@id":"https:\/\/wipcool.pl\/#website"},"datePublished":"2024-07-05T12:02:07+00:00","dateModified":"2025-05-30T10:12:47+00:00","description":"Wipcool ir tirgus l\u012bderis HVAC t\u012br\u012b\u0161anas r\u012bku jom\u0101. Uzziniet, k\u0101p\u0113c m\u016bsu HVAC r\u012bkus izv\u0113las profesion\u0101\u013ci.","breadcrumb":{"@id":"https:\/\/wipcool.pl\/lv\/#breadcrumb"},"inLanguage":"lv-LV","potentialAction":[{"@type":"ReadAction","target":["https:\/\/wipcool.pl\/lv\/"]}]},{"@type":"BreadcrumbList","@id":"https:\/\/wipcool.pl\/lv\/#breadcrumb","itemListElement":[{"@type":"ListItem","position":1,"name":"Strona g\u0142\u00f3wna","item":"https:\/\/wipcool.pl\/lv\/"},{"@type":"ListItem","position":2,"name":"S\u0101kumlapa"}]},{"@type":"WebSite","@id":"https:\/\/wipcool.pl\/#website","url":"https:\/\/wipcool.pl\/","name":"Wipcool","description":"","potentialAction":[{"@type":"SearchAction","target":{"@type":"EntryPoint","urlTemplate":"https:\/\/wipcool.pl\/?s={search_term_string}"},"query-input":{"@type":"PropertyValueSpecification","valueRequired":true,"valueName":"search_term_string"}}],"inLanguage":"lv-LV"}]}},"_links":{"self":[{"href":"https:\/\/wipcool.pl\/lv\/wp-json\/wp\/v2\/pages\/672","targetHints":{"allow":["GET"]}}],"collection":[{"href":"https:\/\/wipcool.pl\/lv\/wp-json\/wp\/v2\/pages"}],"about":[{"href":"https:\/\/wipcool.pl\/lv\/wp-json\/wp\/v2\/types\/page"}],"author":[{"embeddable":true,"href":"https:\/\/wipcool.pl\/lv\/wp-json\/wp\/v2\/users\/1"}],"replies":[{"embeddable":true,"href":"https:\/\/wipcool.pl\/lv\/wp-json\/wp\/v2\/comments?post=672"}],"version-history":[{"count":1,"href":"https:\/\/wipcool.pl\/lv\/wp-json\/wp\/v2\/pages\/672\/revisions"}],"predecessor-version":[{"id":6037,"href":"https:\/\/wipcool.pl\/lv\/wp-json\/wp\/v2\/pages\/672\/revisions\/6037"}],"wp:attachment":[{"href":"https:\/\/wipcool.pl\/lv\/wp-json\/wp\/v2\/media?parent=672"}],"curies":[{"name":"wp","href":"https:\/\/api.w.org\/{rel}","templated":true}]}}