{"id":659,"date":"2024-07-25T23:07:29","date_gmt":"2024-07-25T21:07:29","guid":{"rendered":"https:\/\/wipcool.pl\/par-mums\/"},"modified":"2025-05-30T12:18:12","modified_gmt":"2025-05-30T10:18:12","slug":"par-mums","status":"publish","type":"page","link":"https:\/\/wipcool.pl\/lv\/par-mums\/","title":{"rendered":"Par mums"},"content":{"rendered":"\n<section>\n  <div class=\"container\">\n    <div class=\"grid grid-cols-12 gap-y-8 sm:gap-8\">\n      <div class=\"col-span-12 md:col-span-6\">\n        <img loading=\"lazy\" decoding=\"async\" width=\"792\" height=\"534\" src=\"https:\/\/wipcool.pl\/wp-content\/uploads\/2024\/07\/O-nas.png\" class=\"rounded-[15px] aspect-[640\/608] object-cover\" alt=\"\" srcset=\"https:\/\/wipcool.pl\/wp-content\/uploads\/2024\/07\/O-nas.png 792w, https:\/\/wipcool.pl\/wp-content\/uploads\/2024\/07\/O-nas-600x405.png 600w, https:\/\/wipcool.pl\/wp-content\/uploads\/2024\/07\/O-nas-300x202.png 300w, https:\/\/wipcool.pl\/wp-content\/uploads\/2024\/07\/O-nas-768x518.png 768w\" sizes=\"auto, (max-width: 792px) 100vw, 792px\" \/>      <\/div>\n\n      <div class=\"col-span-12 md:col-span-6\">\n        <div class=\"flex flex-col justify-center h-full space-y-2 sm:space-y-4\">\n          <h2 class=\"lg:text-4xl font-semibold leading-tight\">\n            Par mums          <\/h2>\n          <div class=\"prose space-y-2 sm:space-y-4 max-w-full transition-all prose-headings:text-primary prose-headings:font-semibold prose-h3:text-3xl prose-h4:text-2xl prose-h5:text-xl prose-h6:text-lg prose-p:text-primary prose-a:text-primary prose-a:underline hover:prose-a:text-accent-1 prose-ul:list-[square] prose-ul:text-primary prose-ol:text-primary prose-li:marker:text-primary leading-normal\">\n            <p>Uz\u0146\u0113mums WIPCOOL, kas dibin\u0101ts 2011. gad\u0101, ir l\u012bderis augsto tehnolo\u0123iju jom\u0101, specializ\u0113joties kondens\u0101ta no\u0146em\u0161anas s\u016bk\u0146u un HVAC sist\u0113mu uztur\u0113\u0161anas un uzst\u0101d\u012b\u0161anas r\u012bku ra\u017eo\u0161an\u0101. Mums ir vair\u0101k nek\u0101 20 valsts patenti un p\u0101rdo\u0161anas t\u012bkls 73 valst\u012bs, apkalpojot 5 zin\u0101mas klimata kontroles markas. M\u016bsu modern\u0101 tehnolo\u0123ija un stingrais vad\u012bbas sist\u0113ma garant\u0113 augstu kvalit\u0101ti. M\u0113s koncentr\u0113jamies uz inov\u0101cij\u0101m, uzticam\u012bbu un \u0101tru pieg\u0101di, nodro\u0161inot m\u016bsu klientiem lab\u0101kos risin\u0101jumus.<\/p>\n<p>M\u016bsu m\u0113r\u0137is ir past\u0101v\u012bgi p\u0101rsteigt klientus ar WIPCOOL ier\u012b\u010du izcil\u012bbu. Sadarbojoties ar specializ\u0113tiem veikaliem, m\u0113s veidojam ilgsto\u0161as un uzticamas attiec\u012bbas ar klientiem. M\u0113s v\u0113lamies, lai ikviens, kur\u0161 izv\u0113las m\u016bsu produktus, b\u016btu ne tikai apmierin\u0101ts, bet ar\u012b uztic\u0113tos m\u016bsu z\u012bmolam. M\u0113s ticam, ka katra ier\u012bce ir tikpat uzticama, cik t\u0101s serviss, t\u0101p\u0113c pied\u0101v\u0101jam garu garantiju un iesp\u0113ju remont\u0113t m\u016bsu produktus.<\/p>\n \n          <\/div>\n                  <\/div>\n      <\/div>\n    <\/div>\n  <\/div>\n<\/section>\n\n\n<section class=\"banner-with-icons\">\n  <div class=\"banner-with-icons__bg\" style=\"background-image: url(https:\/\/wipcool.pl\/wp-content\/uploads\/2024\/07\/Section-2-Product-Features.jpg)\">\n    <div class=\"container\">\n      <div class=\"grid grid-cols-1 lg:grid-cols-3 lg:gap-16\">\n        <div class=\"banner-with-icons__content\">\n          <span class=\"block mb-4\"> PAR MUMS<\/span>\n          <h2 class=\"font-semibold text-lg md:text-xl lg:text-2xl xl:text-3xl mb-4\">\n            Pieg\u0101d\u0101jam lab\u0101kos risin\u0101jumus m\u016bsu klientiem vis\u0101 pasaul\u0113.          <\/h2>\n          <p class=\"mb-8\">\n                      <\/p>\n                      <a href=\"https:\/\/www.wp.pl\/\" target=\"_self\" class=\"btn btn--primary\">\n              Lepaz\u012bstieties ar m\u016bsu produktiem            <\/a>\n                  <\/div>\n        <div class=\"col-span-2\">\n                      <div class=\"grid grid-cols-1 sm:grid-cols-3 gap-4 xl:gap-10 py-4\">\n                              <div class=\"border border-secondary rounded-[10px] py-8 px-4 flex flex-col items-center text-white\">\n                  <div class=\"w-12 h-12 flex justify-center items-center mb-4\">\n                    <img loading=\"lazy\" decoding=\"async\" width=\"97\" height=\"96\" src=\"https:\/\/wipcool.pl\/wp-content\/uploads\/2024\/08\/Icons-two-color-5.png\" class=\"attachment-full size-full\" alt=\"\" \/>                  <\/div>\n                  <h3 class=\"md:text-lg text-center font-medium mb-0\">\n                    \u0100trums <br \/>\r\nun Efektivit\u0101te                  <\/h3>\n                  <p class=\"text-center text-sm font-medium\">\n                                      <\/p>\n                <\/div>\n                              <div class=\"border border-secondary rounded-[10px] py-8 px-4 flex flex-col items-center text-white\">\n                  <div class=\"w-12 h-12 flex justify-center items-center mb-4\">\n                    <img loading=\"lazy\" decoding=\"async\" width=\"97\" height=\"96\" src=\"https:\/\/wipcool.pl\/wp-content\/uploads\/2024\/08\/Group-1.png\" class=\"attachment-full size-full\" alt=\"\" \/>                  <\/div>\n                  <h3 class=\"md:text-lg text-center font-medium mb-0\">\n                    Uzticam\u012bba <br \/>\r\nun Lesaist\u012b\u0161an\u0101s                  <\/h3>\n                  <p class=\"text-center text-sm font-medium\">\n                                      <\/p>\n                <\/div>\n                              <div class=\"border border-secondary rounded-[10px] py-8 px-4 flex flex-col items-center text-white\">\n                  <div class=\"w-12 h-12 flex justify-center items-center mb-4\">\n                    <img loading=\"lazy\" decoding=\"async\" width=\"97\" height=\"96\" src=\"https:\/\/wipcool.pl\/wp-content\/uploads\/2024\/08\/Frame-1.png\" class=\"attachment-full size-full\" alt=\"\" \/>                  <\/div>\n                  <h3 class=\"md:text-lg text-center font-medium mb-0\">\n                    Kvalit\u0101te <br \/>\r\nun Precizit\u0101te                  <\/h3>\n                  <p class=\"text-center text-sm font-medium\">\n                                      <\/p>\n                <\/div>\n                          <\/div>\n                  <\/div>\n      <\/div>\n    <\/div>\n  <\/div>\n<\/section>\n\n\n<section>\n  <div class=\"container\">\n    <div class=\"grid grid-cols-1 md:grid-cols-2 md:gap-16\">\n      <div>\n        <img loading=\"lazy\" decoding=\"async\" width=\"633\" height=\"612\" src=\"https:\/\/wipcool.pl\/wp-content\/uploads\/2024\/07\/Object-Photo.png\" class=\"rounded-[10px] mb-8 md:mb-0\" alt=\"\" srcset=\"https:\/\/wipcool.pl\/wp-content\/uploads\/2024\/07\/Object-Photo.png 633w, https:\/\/wipcool.pl\/wp-content\/uploads\/2024\/07\/Object-Photo-600x580.png 600w, https:\/\/wipcool.pl\/wp-content\/uploads\/2024\/07\/Object-Photo-300x290.png 300w\" sizes=\"auto, (max-width: 633px) 100vw, 633px\" \/>      <\/div>\n      <div>\n        <h2 class=\"font-normal text-xl md:text-2xl lg:text-3xl xl:text-4xl mb-8 md:mb-14\"> Jaut\u0101jumi un Atbildes<\/h2>\n                  <div class=\"accordions accordion-container\">\n                          <div class=\"ac\">\n                <h3 class=\"ac-header text-base lg:text-lg xl:text-lg font-normal\">\n                  <button type=\"button\" class=\"ac-trigger\">\n                    Cik ilga ir WIPCOOL produktu garantija?                  <\/button>\n                <\/h3>\n                <div class=\"ac-panel\">\n                  <p>Garantija atkar\u012bb\u0101 no produkta veida ir no 12 l\u012bdz 24 m\u0113ne\u0161iem no pirkuma datuma, bet ne ilg\u0101k k\u0101 30 m\u0113ne\u0161i no t\u0101 pirm\u0101s p\u0101rdo\u0161anas datuma uz\u0146\u0113mumam 4REF sp. z o.o.<\/p>\n                <\/div>\n              <\/div>\n                          <div class=\"ac\">\n                <h3 class=\"ac-header text-base lg:text-lg xl:text-lg font-normal\">\n                  <button type=\"button\" class=\"ac-trigger\">\n                    Kur es varu atrast tuv\u0101ko izplat\u012bt\u0101ju man\u0101 apgabal\u0101?                  <\/button>\n                <\/h3>\n                <div class=\"ac-panel\">\n                  <p>Lai atrastu tuv\u0101ko izplat\u012bt\u0101ju, l\u016bdzu, apmekl\u0113jiet m\u016bsu m\u0101jaslap\u0101 pieejamo sada\u013cu &#8220;Izplat\u012bt\u0101ji&#8221;.<\/p>\n                <\/div>\n              <\/div>\n                          <div class=\"ac\">\n                <h3 class=\"ac-header text-base lg:text-lg xl:text-lg font-normal\">\n                  <button type=\"button\" class=\"ac-trigger\">\n                     Vai WIPCOOL sniedz padomus par saviem produktiem?                  <\/button>\n                <\/h3>\n                <div class=\"ac-panel\">\n                  <p>J\u0101, padomus par m\u016bsu produktiem var atrast rakstos m\u016bsu blog\u0101.<\/p>\n                <\/div>\n              <\/div>\n                          <div class=\"ac\">\n                <h3 class=\"ac-header text-base lg:text-lg xl:text-lg font-normal\">\n                  <button type=\"button\" class=\"ac-trigger\">\n                    Cik liela ir pieg\u0101des izmaksas, iesniedzot pretenziju?                  <\/button>\n                <\/h3>\n                <div class=\"ac-panel\">\n                  <p>Pieg\u0101des izmaksas, iesniedzot pamatotu pretenziju, sedz uz\u0146\u0113mums WIPCOOL.<\/p>\n                <\/div>\n              <\/div>\n                      <\/div>\n              <\/div>\n    <\/div>\n  <\/div>\n<\/section>","protected":false},"excerpt":{"rendered":"","protected":false},"author":1,"featured_media":0,"parent":0,"menu_order":0,"comment_status":"closed","ping_status":"closed","template":"","meta":{"_acf_changed":false,"footnotes":""},"class_list":["post-659","page","type-page","status-publish","hentry"],"acf":[],"yoast_head":"<!-- This site is optimized with the Yoast SEO plugin v25.9 - https:\/\/yoast.com\/wordpress\/plugins\/seo\/ -->\n<title>Par mums \u2013 HVAC tehnolo\u0123iju l\u012bderis | Wipcool<\/title>\n<meta name=\"description\" content=\"Uzziniet vair\u0101k par Wipcool \u2013 HVAC tehnolo\u0123iju l\u012bderi, kas specializ\u0113jas kondens\u0101ta s\u016bk\u0146u un apkopes r\u012bku izstr\u0101d\u0113 un ra\u017eo\u0161an\u0101.\" \/>\n<meta name=\"robots\" content=\"index, follow, max-snippet:-1, max-image-preview:large, max-video-preview:-1\" \/>\n<link rel=\"canonical\" href=\"https:\/\/wipcool.pl\/lv\/par-mums\/\" \/>\n<meta property=\"og:locale\" content=\"lv_LV\" \/>\n<meta property=\"og:type\" content=\"article\" \/>\n<meta property=\"og:title\" content=\"Par mums \u2013 HVAC tehnolo\u0123iju l\u012bderis | Wipcool\" \/>\n<meta property=\"og:description\" content=\"Uzziniet vair\u0101k par Wipcool \u2013 HVAC tehnolo\u0123iju l\u012bderi, kas specializ\u0113jas kondens\u0101ta s\u016bk\u0146u un apkopes r\u012bku izstr\u0101d\u0113 un ra\u017eo\u0161an\u0101.\" \/>\n<meta property=\"og:url\" content=\"https:\/\/wipcool.pl\/lv\/par-mums\/\" \/>\n<meta property=\"og:site_name\" content=\"Wipcool\" \/>\n<meta property=\"article:modified_time\" content=\"2025-05-30T10:18:12+00:00\" \/>\n<meta name=\"twitter:card\" content=\"summary_large_image\" \/>\n<script type=\"application\/ld+json\" class=\"yoast-schema-graph\">{\"@context\":\"https:\/\/schema.org\",\"@graph\":[{\"@type\":\"WebPage\",\"@id\":\"https:\/\/wipcool.pl\/lv\/par-mums\/\",\"url\":\"https:\/\/wipcool.pl\/lv\/par-mums\/\",\"name\":\"Par mums \u2013 HVAC tehnolo\u0123iju l\u012bderis | Wipcool\",\"isPartOf\":{\"@id\":\"https:\/\/wipcool.pl\/#website\"},\"datePublished\":\"2024-07-25T21:07:29+00:00\",\"dateModified\":\"2025-05-30T10:18:12+00:00\",\"description\":\"Uzziniet vair\u0101k par Wipcool \u2013 HVAC tehnolo\u0123iju l\u012bderi, kas specializ\u0113jas kondens\u0101ta s\u016bk\u0146u un apkopes r\u012bku izstr\u0101d\u0113 un ra\u017eo\u0161an\u0101.\",\"breadcrumb\":{\"@id\":\"https:\/\/wipcool.pl\/lv\/par-mums\/#breadcrumb\"},\"inLanguage\":\"lv-LV\",\"potentialAction\":[{\"@type\":\"ReadAction\",\"target\":[\"https:\/\/wipcool.pl\/lv\/par-mums\/\"]}]},{\"@type\":\"BreadcrumbList\",\"@id\":\"https:\/\/wipcool.pl\/lv\/par-mums\/#breadcrumb\",\"itemListElement\":[{\"@type\":\"ListItem\",\"position\":1,\"name\":\"Strona g\u0142\u00f3wna\",\"item\":\"https:\/\/wipcool.pl\/lv\/\"},{\"@type\":\"ListItem\",\"position\":2,\"name\":\"Par mums\"}]},{\"@type\":\"WebSite\",\"@id\":\"https:\/\/wipcool.pl\/#website\",\"url\":\"https:\/\/wipcool.pl\/\",\"name\":\"Wipcool\",\"description\":\"\",\"potentialAction\":[{\"@type\":\"SearchAction\",\"target\":{\"@type\":\"EntryPoint\",\"urlTemplate\":\"https:\/\/wipcool.pl\/?s={search_term_string}\"},\"query-input\":{\"@type\":\"PropertyValueSpecification\",\"valueRequired\":true,\"valueName\":\"search_term_string\"}}],\"inLanguage\":\"lv-LV\"}]}<\/script>\n<!-- \/ Yoast SEO plugin. -->","yoast_head_json":{"title":"Par mums \u2013 HVAC tehnolo\u0123iju l\u012bderis | Wipcool","description":"Uzziniet vair\u0101k par Wipcool \u2013 HVAC tehnolo\u0123iju l\u012bderi, kas specializ\u0113jas kondens\u0101ta s\u016bk\u0146u un apkopes r\u012bku izstr\u0101d\u0113 un ra\u017eo\u0161an\u0101.","robots":{"index":"index","follow":"follow","max-snippet":"max-snippet:-1","max-image-preview":"max-image-preview:large","max-video-preview":"max-video-preview:-1"},"canonical":"https:\/\/wipcool.pl\/lv\/par-mums\/","og_locale":"lv_LV","og_type":"article","og_title":"Par mums \u2013 HVAC tehnolo\u0123iju l\u012bderis | Wipcool","og_description":"Uzziniet vair\u0101k par Wipcool \u2013 HVAC tehnolo\u0123iju l\u012bderi, kas specializ\u0113jas kondens\u0101ta s\u016bk\u0146u un apkopes r\u012bku izstr\u0101d\u0113 un ra\u017eo\u0161an\u0101.","og_url":"https:\/\/wipcool.pl\/lv\/par-mums\/","og_site_name":"Wipcool","article_modified_time":"2025-05-30T10:18:12+00:00","twitter_card":"summary_large_image","schema":{"@context":"https:\/\/schema.org","@graph":[{"@type":"WebPage","@id":"https:\/\/wipcool.pl\/lv\/par-mums\/","url":"https:\/\/wipcool.pl\/lv\/par-mums\/","name":"Par mums \u2013 HVAC tehnolo\u0123iju l\u012bderis | Wipcool","isPartOf":{"@id":"https:\/\/wipcool.pl\/#website"},"datePublished":"2024-07-25T21:07:29+00:00","dateModified":"2025-05-30T10:18:12+00:00","description":"Uzziniet vair\u0101k par Wipcool \u2013 HVAC tehnolo\u0123iju l\u012bderi, kas specializ\u0113jas kondens\u0101ta s\u016bk\u0146u un apkopes r\u012bku izstr\u0101d\u0113 un ra\u017eo\u0161an\u0101.","breadcrumb":{"@id":"https:\/\/wipcool.pl\/lv\/par-mums\/#breadcrumb"},"inLanguage":"lv-LV","potentialAction":[{"@type":"ReadAction","target":["https:\/\/wipcool.pl\/lv\/par-mums\/"]}]},{"@type":"BreadcrumbList","@id":"https:\/\/wipcool.pl\/lv\/par-mums\/#breadcrumb","itemListElement":[{"@type":"ListItem","position":1,"name":"Strona g\u0142\u00f3wna","item":"https:\/\/wipcool.pl\/lv\/"},{"@type":"ListItem","position":2,"name":"Par mums"}]},{"@type":"WebSite","@id":"https:\/\/wipcool.pl\/#website","url":"https:\/\/wipcool.pl\/","name":"Wipcool","description":"","potentialAction":[{"@type":"SearchAction","target":{"@type":"EntryPoint","urlTemplate":"https:\/\/wipcool.pl\/?s={search_term_string}"},"query-input":{"@type":"PropertyValueSpecification","valueRequired":true,"valueName":"search_term_string"}}],"inLanguage":"lv-LV"}]}},"_links":{"self":[{"href":"https:\/\/wipcool.pl\/lv\/wp-json\/wp\/v2\/pages\/659","targetHints":{"allow":["GET"]}}],"collection":[{"href":"https:\/\/wipcool.pl\/lv\/wp-json\/wp\/v2\/pages"}],"about":[{"href":"https:\/\/wipcool.pl\/lv\/wp-json\/wp\/v2\/types\/page"}],"author":[{"embeddable":true,"href":"https:\/\/wipcool.pl\/lv\/wp-json\/wp\/v2\/users\/1"}],"replies":[{"embeddable":true,"href":"https:\/\/wipcool.pl\/lv\/wp-json\/wp\/v2\/comments?post=659"}],"version-history":[{"count":1,"href":"https:\/\/wipcool.pl\/lv\/wp-json\/wp\/v2\/pages\/659\/revisions"}],"predecessor-version":[{"id":6043,"href":"https:\/\/wipcool.pl\/lv\/wp-json\/wp\/v2\/pages\/659\/revisions\/6043"}],"wp:attachment":[{"href":"https:\/\/wipcool.pl\/lv\/wp-json\/wp\/v2\/media?parent=659"}],"curies":[{"name":"wp","href":"https:\/\/api.w.org\/{rel}","templated":true}]}}