{"id":645,"date":"2024-07-23T12:09:46","date_gmt":"2024-07-23T10:09:46","guid":{"rendered":"https:\/\/wipcool.pl\/blog\/"},"modified":"2025-05-30T12:14:39","modified_gmt":"2025-05-30T10:14:39","slug":"blogs","status":"publish","type":"page","link":"https:\/\/wipcool.pl\/lv\/blogs\/","title":{"rendered":"Blogs"},"content":{"rendered":"\n<section class=\"featured_articles\">\n  <div class=\"container\">\n    <div class=\"text-center\">\n      <h2>RAKSTI SPECI\u0100LISTIEM<\/h2>\n    <\/div>\n      <\/div>\n<\/section>\n\n\n    <section class=\"article-list pt-0\">\n      <div class=\"relative container\">\n        <ul class=\"filter-tabs\"><li><button data-category=\"\" class=\"uppercase category-filters-btn active\">VISI<\/button><\/li><li><button data-category=\"jaunumi-produktu-piedavajuma\" class=\"uppercase category-filters-btn \">Jaunumi produktu pied\u0101v\u0101jum\u0101<\/button><\/li><li><button data-category=\"padomi\" class=\"uppercase category-filters-btn \">Padomi<\/button><\/li><li><button data-category=\"wydarzenia-lv\" class=\"uppercase category-filters-btn \">Wydarzenia<\/button><\/li><\/ul>        <select\n  id=\"sortOrder\"\n  data-placeholder=\"K\u0101rtot\"\n  class=\"sm:absolute sm:top-0 sm:right-4 max-w-48 h-9 rounded-[10px] border border-outline px-4 text-sm font-normal leading-5 text-primary outline-none\"\n>\n  <option value=\"desc\">no jaun\u0101k\u0101<\/option>\n  <option value=\"asc\">no vec\u0101k\u0101<\/option>\n<\/select>      <\/div>\n      <div class=\"container\">\n        <div class=\"relative min-h-96\">\n          <div class=\"wipcool-loader absolute top-1\/2 left-1\/2 -translate-x-1\/2 -translate-y-1\/2 z-10\"><\/div>\n          <div id=\"articles-grid\" class=\"article-list__content\"><\/div>\n        <\/div>\n              <\/div>\n    <\/section>\n  \n\n\n<p><\/p>\n","protected":false},"excerpt":{"rendered":"","protected":false},"author":1,"featured_media":0,"parent":0,"menu_order":0,"comment_status":"closed","ping_status":"closed","template":"","meta":{"_acf_changed":false,"footnotes":""},"class_list":["post-645","page","type-page","status-publish","hentry"],"acf":[],"yoast_head":"<!-- This site is optimized with the Yoast SEO plugin v25.9 - https:\/\/yoast.com\/wordpress\/plugins\/seo\/ -->\n<title>Wipcool blogs \u2013 jaunumi, padomi un inov\u0101cijas HVAC\/R jom\u0101 | Wipcool<\/title>\n<meta name=\"description\" content=\"Apmekl\u0113jiet Wipcool blogu, lai uzzin\u0101tu par jaun\u0101kajiem produktiem, padomiem un risin\u0101jumiem HVAC t\u012br\u012b\u0161anas, apkopes un siltums\u016bk\u0146u jom\u0101.\" \/>\n<meta name=\"robots\" content=\"index, follow, max-snippet:-1, max-image-preview:large, max-video-preview:-1\" \/>\n<link rel=\"canonical\" href=\"https:\/\/wipcool.pl\/lv\/blogs\/\" \/>\n<meta property=\"og:locale\" content=\"lv_LV\" \/>\n<meta property=\"og:type\" content=\"article\" \/>\n<meta property=\"og:title\" content=\"Wipcool blogs \u2013 jaunumi, padomi un inov\u0101cijas HVAC\/R jom\u0101 | Wipcool\" \/>\n<meta property=\"og:description\" content=\"Apmekl\u0113jiet Wipcool blogu, lai uzzin\u0101tu par jaun\u0101kajiem produktiem, padomiem un risin\u0101jumiem HVAC t\u012br\u012b\u0161anas, apkopes un siltums\u016bk\u0146u jom\u0101.\" \/>\n<meta property=\"og:url\" content=\"https:\/\/wipcool.pl\/lv\/blogs\/\" \/>\n<meta property=\"og:site_name\" content=\"Wipcool\" \/>\n<meta property=\"article:modified_time\" content=\"2025-05-30T10:14:39+00:00\" \/>\n<meta name=\"twitter:card\" content=\"summary_large_image\" \/>\n<script type=\"application\/ld+json\" class=\"yoast-schema-graph\">{\"@context\":\"https:\/\/schema.org\",\"@graph\":[{\"@type\":\"WebPage\",\"@id\":\"https:\/\/wipcool.pl\/lv\/blogs\/\",\"url\":\"https:\/\/wipcool.pl\/lv\/blogs\/\",\"name\":\"Wipcool blogs \u2013 jaunumi, padomi un inov\u0101cijas HVAC\/R jom\u0101 | Wipcool\",\"isPartOf\":{\"@id\":\"https:\/\/wipcool.pl\/#website\"},\"datePublished\":\"2024-07-23T10:09:46+00:00\",\"dateModified\":\"2025-05-30T10:14:39+00:00\",\"description\":\"Apmekl\u0113jiet Wipcool blogu, lai uzzin\u0101tu par jaun\u0101kajiem produktiem, padomiem un risin\u0101jumiem HVAC t\u012br\u012b\u0161anas, apkopes un siltums\u016bk\u0146u jom\u0101.\",\"breadcrumb\":{\"@id\":\"https:\/\/wipcool.pl\/lv\/blogs\/#breadcrumb\"},\"inLanguage\":\"lv-LV\",\"potentialAction\":[{\"@type\":\"ReadAction\",\"target\":[\"https:\/\/wipcool.pl\/lv\/blogs\/\"]}]},{\"@type\":\"BreadcrumbList\",\"@id\":\"https:\/\/wipcool.pl\/lv\/blogs\/#breadcrumb\",\"itemListElement\":[{\"@type\":\"ListItem\",\"position\":1,\"name\":\"Strona g\u0142\u00f3wna\",\"item\":\"https:\/\/wipcool.pl\/lv\/\"},{\"@type\":\"ListItem\",\"position\":2,\"name\":\"Blogs\"}]},{\"@type\":\"WebSite\",\"@id\":\"https:\/\/wipcool.pl\/#website\",\"url\":\"https:\/\/wipcool.pl\/\",\"name\":\"Wipcool\",\"description\":\"\",\"potentialAction\":[{\"@type\":\"SearchAction\",\"target\":{\"@type\":\"EntryPoint\",\"urlTemplate\":\"https:\/\/wipcool.pl\/?s={search_term_string}\"},\"query-input\":{\"@type\":\"PropertyValueSpecification\",\"valueRequired\":true,\"valueName\":\"search_term_string\"}}],\"inLanguage\":\"lv-LV\"}]}<\/script>\n<!-- \/ Yoast SEO plugin. -->","yoast_head_json":{"title":"Wipcool blogs \u2013 jaunumi, padomi un inov\u0101cijas HVAC\/R jom\u0101 | Wipcool","description":"Apmekl\u0113jiet Wipcool blogu, lai uzzin\u0101tu par jaun\u0101kajiem produktiem, padomiem un risin\u0101jumiem HVAC t\u012br\u012b\u0161anas, apkopes un siltums\u016bk\u0146u jom\u0101.","robots":{"index":"index","follow":"follow","max-snippet":"max-snippet:-1","max-image-preview":"max-image-preview:large","max-video-preview":"max-video-preview:-1"},"canonical":"https:\/\/wipcool.pl\/lv\/blogs\/","og_locale":"lv_LV","og_type":"article","og_title":"Wipcool blogs \u2013 jaunumi, padomi un inov\u0101cijas HVAC\/R jom\u0101 | Wipcool","og_description":"Apmekl\u0113jiet Wipcool blogu, lai uzzin\u0101tu par jaun\u0101kajiem produktiem, padomiem un risin\u0101jumiem HVAC t\u012br\u012b\u0161anas, apkopes un siltums\u016bk\u0146u jom\u0101.","og_url":"https:\/\/wipcool.pl\/lv\/blogs\/","og_site_name":"Wipcool","article_modified_time":"2025-05-30T10:14:39+00:00","twitter_card":"summary_large_image","schema":{"@context":"https:\/\/schema.org","@graph":[{"@type":"WebPage","@id":"https:\/\/wipcool.pl\/lv\/blogs\/","url":"https:\/\/wipcool.pl\/lv\/blogs\/","name":"Wipcool blogs \u2013 jaunumi, padomi un inov\u0101cijas HVAC\/R jom\u0101 | Wipcool","isPartOf":{"@id":"https:\/\/wipcool.pl\/#website"},"datePublished":"2024-07-23T10:09:46+00:00","dateModified":"2025-05-30T10:14:39+00:00","description":"Apmekl\u0113jiet Wipcool blogu, lai uzzin\u0101tu par jaun\u0101kajiem produktiem, padomiem un risin\u0101jumiem HVAC t\u012br\u012b\u0161anas, apkopes un siltums\u016bk\u0146u jom\u0101.","breadcrumb":{"@id":"https:\/\/wipcool.pl\/lv\/blogs\/#breadcrumb"},"inLanguage":"lv-LV","potentialAction":[{"@type":"ReadAction","target":["https:\/\/wipcool.pl\/lv\/blogs\/"]}]},{"@type":"BreadcrumbList","@id":"https:\/\/wipcool.pl\/lv\/blogs\/#breadcrumb","itemListElement":[{"@type":"ListItem","position":1,"name":"Strona g\u0142\u00f3wna","item":"https:\/\/wipcool.pl\/lv\/"},{"@type":"ListItem","position":2,"name":"Blogs"}]},{"@type":"WebSite","@id":"https:\/\/wipcool.pl\/#website","url":"https:\/\/wipcool.pl\/","name":"Wipcool","description":"","potentialAction":[{"@type":"SearchAction","target":{"@type":"EntryPoint","urlTemplate":"https:\/\/wipcool.pl\/?s={search_term_string}"},"query-input":{"@type":"PropertyValueSpecification","valueRequired":true,"valueName":"search_term_string"}}],"inLanguage":"lv-LV"}]}},"_links":{"self":[{"href":"https:\/\/wipcool.pl\/lv\/wp-json\/wp\/v2\/pages\/645","targetHints":{"allow":["GET"]}}],"collection":[{"href":"https:\/\/wipcool.pl\/lv\/wp-json\/wp\/v2\/pages"}],"about":[{"href":"https:\/\/wipcool.pl\/lv\/wp-json\/wp\/v2\/types\/page"}],"author":[{"embeddable":true,"href":"https:\/\/wipcool.pl\/lv\/wp-json\/wp\/v2\/users\/1"}],"replies":[{"embeddable":true,"href":"https:\/\/wipcool.pl\/lv\/wp-json\/wp\/v2\/comments?post=645"}],"version-history":[{"count":1,"href":"https:\/\/wipcool.pl\/lv\/wp-json\/wp\/v2\/pages\/645\/revisions"}],"predecessor-version":[{"id":6039,"href":"https:\/\/wipcool.pl\/lv\/wp-json\/wp\/v2\/pages\/645\/revisions\/6039"}],"wp:attachment":[{"href":"https:\/\/wipcool.pl\/lv\/wp-json\/wp\/v2\/media?parent=645"}],"curies":[{"name":"wp","href":"https:\/\/api.w.org\/{rel}","templated":true}]}}