{"id":944,"date":"2024-07-25T23:07:29","date_gmt":"2024-07-25T21:07:29","guid":{"rendered":"https:\/\/wipcool.pl\/apie-mus\/"},"modified":"2025-05-30T12:27:03","modified_gmt":"2025-05-30T10:27:03","slug":"apie-mus","status":"publish","type":"page","link":"https:\/\/wipcool.pl\/lt\/apie-mus\/","title":{"rendered":"Apie mus"},"content":{"rendered":"\n<section>\n  <div class=\"container\">\n    <div class=\"grid grid-cols-12 gap-y-8 sm:gap-8\">\n      <div class=\"col-span-12 md:col-span-6\">\n        <img loading=\"lazy\" decoding=\"async\" width=\"792\" height=\"534\" src=\"https:\/\/wipcool.pl\/wp-content\/uploads\/2024\/07\/O-nas.png\" class=\"rounded-[15px] aspect-[640\/608] object-cover\" alt=\"\" srcset=\"https:\/\/wipcool.pl\/wp-content\/uploads\/2024\/07\/O-nas.png 792w, https:\/\/wipcool.pl\/wp-content\/uploads\/2024\/07\/O-nas-600x405.png 600w, https:\/\/wipcool.pl\/wp-content\/uploads\/2024\/07\/O-nas-300x202.png 300w, https:\/\/wipcool.pl\/wp-content\/uploads\/2024\/07\/O-nas-768x518.png 768w\" sizes=\"auto, (max-width: 792px) 100vw, 792px\" \/>      <\/div>\n\n      <div class=\"col-span-12 md:col-span-6\">\n        <div class=\"flex flex-col justify-center h-full space-y-2 sm:space-y-4\">\n          <h2 class=\"lg:text-4xl font-semibold leading-tight\">\n            Apie mus          <\/h2>\n          <div class=\"prose space-y-2 sm:space-y-4 max-w-full transition-all prose-headings:text-primary prose-headings:font-semibold prose-h3:text-3xl prose-h4:text-2xl prose-h5:text-xl prose-h6:text-lg prose-p:text-primary prose-a:text-primary prose-a:underline hover:prose-a:text-accent-1 prose-ul:list-[square] prose-ul:text-primary prose-ol:text-primary prose-li:marker:text-primary leading-normal\">\n            <p>\u012emon\u0117 WIPCOOL, \u012fkurta 2011 metais, yra auk\u0161t\u0173j\u0173 technologij\u0173 lyder\u0117, specializuojasi kondensato \u0161alinimo siurbli\u0173 bei HVAC sistem\u0173 prie\u017ei\u016bros ir \u012frengimo \u012franki\u0173 gamyboje. Turime daugiau nei 20 nacionalini\u0173 patent\u0173 ir pardavimo tinklus 73 \u0161alyse, aptarnaudami 5 \u017einomus oro kondicionavimo preki\u0173 \u017eenklus. M\u016bs\u0173 pa\u017eangi technologija ir grie\u017etas valdymo sistema garantuoja auk\u0161t\u0105 kokyb\u0119. Sutelk\u0119 d\u0117mes\u012f \u012f inovacijas, patikimum\u0105 ir trumpus pristatymo terminus, suteikiame savo klientams geriausius sprendimus.<\/p>\n<p>M\u016bs\u0173 tikslas yra nuolat stebinti klientus i\u0161skirtine WIPCOOL \u012frengini\u0173 kokybe. Bendradarbiaudami su specializuotomis parduotuv\u0117mis, kuriame tvirtus ir patikimus santykius su klientais. Norime, kad kiekvienas, pasirink\u0119s m\u016bs\u0173 produktus, ne tik b\u016bt\u0173 patenkintas, bet ir tur\u0117t\u0173 pasitik\u0117jim\u0105 m\u016bs\u0173 prek\u0117s \u017eenklu. Tikime, kad kiekvienas \u012frenginys yra toks patikimas, kaip ir jo aptarnavimas, tod\u0117l si\u016blome ilg\u0105 garantij\u0105 ir galimyb\u0119 remontuoti m\u016bs\u0173 produktus.<\/p>\n \n          <\/div>\n                  <\/div>\n      <\/div>\n    <\/div>\n  <\/div>\n<\/section>\n\n\n<section class=\"banner-with-icons\">\n  <div class=\"banner-with-icons__bg\" style=\"background-image: url(https:\/\/wipcool.pl\/wp-content\/uploads\/2024\/07\/Section-2-Product-Features.jpg)\">\n    <div class=\"container\">\n      <div class=\"grid grid-cols-1 lg:grid-cols-3 lg:gap-16\">\n        <div class=\"banner-with-icons__content\">\n          <span class=\"block mb-4\">APIE MUS<\/span>\n          <h2 class=\"font-semibold text-lg md:text-xl lg:text-2xl xl:text-3xl mb-4\">\n            Teikiame geriausius sprendimus m\u016bs\u0173 klientams visame pasaulyje.          <\/h2>\n          <p class=\"mb-8\">\n                      <\/p>\n                      <a href=\"https:\/\/www.wp.pl\/\" target=\"_self\" class=\"btn btn--primary\">\n              Susipa\u017einkite su m\u016bs\u0173 produktais            <\/a>\n                  <\/div>\n        <div class=\"col-span-2\">\n                      <div class=\"grid grid-cols-1 sm:grid-cols-3 gap-4 xl:gap-10 py-4\">\n                              <div class=\"border border-secondary rounded-[10px] py-8 px-4 flex flex-col items-center text-white\">\n                  <div class=\"w-12 h-12 flex justify-center items-center mb-4\">\n                    <img loading=\"lazy\" decoding=\"async\" width=\"97\" height=\"96\" src=\"https:\/\/wipcool.pl\/wp-content\/uploads\/2024\/08\/Icons-two-color-5.png\" class=\"attachment-full size-full\" alt=\"\" \/>                  <\/div>\n                  <h3 class=\"md:text-lg text-center font-medium mb-0\">\n                    Greitis<br \/>\r\nir Efektyvumas                  <\/h3>\n                  <p class=\"text-center text-sm font-medium\">\n                                      <\/p>\n                <\/div>\n                              <div class=\"border border-secondary rounded-[10px] py-8 px-4 flex flex-col items-center text-white\">\n                  <div class=\"w-12 h-12 flex justify-center items-center mb-4\">\n                    <img loading=\"lazy\" decoding=\"async\" width=\"97\" height=\"96\" src=\"https:\/\/wipcool.pl\/wp-content\/uploads\/2024\/08\/Group-1.png\" class=\"attachment-full size-full\" alt=\"\" \/>                  <\/div>\n                  <h3 class=\"md:text-lg text-center font-medium mb-0\">\n                    Patikimumas<br \/>\r\nir \u012esipareigojimas                  <\/h3>\n                  <p class=\"text-center text-sm font-medium\">\n                                      <\/p>\n                <\/div>\n                              <div class=\"border border-secondary rounded-[10px] py-8 px-4 flex flex-col items-center text-white\">\n                  <div class=\"w-12 h-12 flex justify-center items-center mb-4\">\n                    <img loading=\"lazy\" decoding=\"async\" width=\"97\" height=\"96\" src=\"https:\/\/wipcool.pl\/wp-content\/uploads\/2024\/08\/Frame-1.png\" class=\"attachment-full size-full\" alt=\"\" \/>                  <\/div>\n                  <h3 class=\"md:text-lg text-center font-medium mb-0\">\n                    Kokyb\u0117<br \/>\r\nir Tikslumas                  <\/h3>\n                  <p class=\"text-center text-sm font-medium\">\n                                      <\/p>\n                <\/div>\n                          <\/div>\n                  <\/div>\n      <\/div>\n    <\/div>\n  <\/div>\n<\/section>\n\n\n<section>\n  <div class=\"container\">\n    <div class=\"grid grid-cols-1 md:grid-cols-2 md:gap-16\">\n      <div>\n        <img loading=\"lazy\" decoding=\"async\" width=\"633\" height=\"612\" src=\"https:\/\/wipcool.pl\/wp-content\/uploads\/2024\/07\/Object-Photo.png\" class=\"rounded-[10px] mb-8 md:mb-0\" alt=\"\" srcset=\"https:\/\/wipcool.pl\/wp-content\/uploads\/2024\/07\/Object-Photo.png 633w, https:\/\/wipcool.pl\/wp-content\/uploads\/2024\/07\/Object-Photo-600x580.png 600w, https:\/\/wipcool.pl\/wp-content\/uploads\/2024\/07\/Object-Photo-300x290.png 300w\" sizes=\"auto, (max-width: 633px) 100vw, 633px\" \/>      <\/div>\n      <div>\n        <h2 class=\"font-normal text-xl md:text-2xl lg:text-3xl xl:text-4xl mb-8 md:mb-14\"> Klausimai ir atsakymai<\/h2>\n                  <div class=\"accordions accordion-container\">\n                          <div class=\"ac\">\n                <h3 class=\"ac-header text-base lg:text-lg xl:text-lg font-normal\">\n                  <button type=\"button\" class=\"ac-trigger\">\n                    Kiek trunka WIPCOOL produkt\u0173 garantija?                  <\/button>\n                <\/h3>\n                <div class=\"ac-panel\">\n                  <p>Garantija, priklausomai nuo produkto tipo, yra nuo 12 iki 24 m\u0117nesi\u0173 nuo pirkimo datos, ta\u010diau ne ilgiau kaip 30 m\u0117nesi\u0173 nuo pirmos pardavimo datos, kuri\u0105 atliko \u012fmon\u0117 4REF sp. z o.o.<\/p>\n                <\/div>\n              <\/div>\n                          <div class=\"ac\">\n                <h3 class=\"ac-header text-base lg:text-lg xl:text-lg font-normal\">\n                  <button type=\"button\" class=\"ac-trigger\">\n                    Kur galiu rasti artimiausi\u0105 platintoj\u0105 mano rajone?                  <\/button>\n                <\/h3>\n                <div class=\"ac-panel\">\n                  <p>Nor\u0117dami rasti artimiausi\u0105 platintoj\u0105, pra\u0161ome apsilankyti skiltyje \u201eDistribiutoriai\u201c, esan\u010dioje m\u016bs\u0173 interneto svetain\u0117je.<\/p>\n                <\/div>\n              <\/div>\n                          <div class=\"ac\">\n                <h3 class=\"ac-header text-base lg:text-lg xl:text-lg font-normal\">\n                  <button type=\"button\" class=\"ac-trigger\">\n                    Ar WIPCOOL suteikia koki\u0173 nors patarim\u0173 apie savo produktus?                  <\/button>\n                <\/h3>\n                <div class=\"ac-panel\">\n                  <p>Taip, patarimus apie m\u016bs\u0173 produktus galima rasti straipsniuose m\u016bs\u0173 tinklara\u0161tyje.\r\n<\/p>\n                <\/div>\n              <\/div>\n                          <div class=\"ac\">\n                <h3 class=\"ac-header text-base lg:text-lg xl:text-lg font-normal\">\n                  <button type=\"button\" class=\"ac-trigger\">\n                    Kiek kainuoja siuntimas pateikiant pretenzij\u0105?                  <\/button>\n                <\/h3>\n                <div class=\"ac-panel\">\n                  <p>Pagr\u012fstos pretenzijos pateikimo siuntimo i\u0161laidas padengia \u012fmon\u0117 WIPCOOL.<\/p>\n                <\/div>\n              <\/div>\n                      <\/div>\n              <\/div>\n    <\/div>\n  <\/div>\n<\/section>","protected":false},"excerpt":{"rendered":"","protected":false},"author":1,"featured_media":0,"parent":0,"menu_order":0,"comment_status":"closed","ping_status":"closed","template":"","meta":{"_acf_changed":false,"footnotes":""},"class_list":["post-944","page","type-page","status-publish","hentry"],"acf":[],"yoast_head":"<!-- This site is optimized with the Yoast SEO plugin v25.9 - https:\/\/yoast.com\/wordpress\/plugins\/seo\/ -->\n<title>Apie mus \u2013 HVAC technologij\u0173 lyderis | Wipcool<\/title>\n<meta name=\"description\" content=\"Susipa\u017einkite su Wipcool \u2013 HVAC technologij\u0173 lydere, kurian\u010dia ir gaminan\u010dia kondensato siurblius bei prie\u017ei\u016bros \u012frankius.\" \/>\n<meta name=\"robots\" content=\"index, follow, max-snippet:-1, max-image-preview:large, max-video-preview:-1\" \/>\n<link rel=\"canonical\" href=\"https:\/\/wipcool.pl\/lt\/apie-mus\/\" \/>\n<meta property=\"og:locale\" content=\"lt_LT\" \/>\n<meta property=\"og:type\" content=\"article\" \/>\n<meta property=\"og:title\" content=\"Apie mus \u2013 HVAC technologij\u0173 lyderis | Wipcool\" \/>\n<meta property=\"og:description\" content=\"Susipa\u017einkite su Wipcool \u2013 HVAC technologij\u0173 lydere, kurian\u010dia ir gaminan\u010dia kondensato siurblius bei prie\u017ei\u016bros \u012frankius.\" \/>\n<meta property=\"og:url\" content=\"https:\/\/wipcool.pl\/lt\/apie-mus\/\" \/>\n<meta property=\"og:site_name\" content=\"Wipcool\" \/>\n<meta property=\"article:modified_time\" content=\"2025-05-30T10:27:03+00:00\" \/>\n<meta name=\"twitter:card\" content=\"summary_large_image\" \/>\n<script type=\"application\/ld+json\" class=\"yoast-schema-graph\">{\"@context\":\"https:\/\/schema.org\",\"@graph\":[{\"@type\":\"WebPage\",\"@id\":\"https:\/\/wipcool.pl\/lt\/apie-mus\/\",\"url\":\"https:\/\/wipcool.pl\/lt\/apie-mus\/\",\"name\":\"Apie mus \u2013 HVAC technologij\u0173 lyderis | Wipcool\",\"isPartOf\":{\"@id\":\"https:\/\/wipcool.pl\/#website\"},\"datePublished\":\"2024-07-25T21:07:29+00:00\",\"dateModified\":\"2025-05-30T10:27:03+00:00\",\"description\":\"Susipa\u017einkite su Wipcool \u2013 HVAC technologij\u0173 lydere, kurian\u010dia ir gaminan\u010dia kondensato siurblius bei prie\u017ei\u016bros \u012frankius.\",\"breadcrumb\":{\"@id\":\"https:\/\/wipcool.pl\/lt\/apie-mus\/#breadcrumb\"},\"inLanguage\":\"lt-LT\",\"potentialAction\":[{\"@type\":\"ReadAction\",\"target\":[\"https:\/\/wipcool.pl\/lt\/apie-mus\/\"]}]},{\"@type\":\"BreadcrumbList\",\"@id\":\"https:\/\/wipcool.pl\/lt\/apie-mus\/#breadcrumb\",\"itemListElement\":[{\"@type\":\"ListItem\",\"position\":1,\"name\":\"Strona g\u0142\u00f3wna\",\"item\":\"https:\/\/wipcool.pl\/lt\/\"},{\"@type\":\"ListItem\",\"position\":2,\"name\":\"Apie mus\"}]},{\"@type\":\"WebSite\",\"@id\":\"https:\/\/wipcool.pl\/#website\",\"url\":\"https:\/\/wipcool.pl\/\",\"name\":\"Wipcool\",\"description\":\"\",\"potentialAction\":[{\"@type\":\"SearchAction\",\"target\":{\"@type\":\"EntryPoint\",\"urlTemplate\":\"https:\/\/wipcool.pl\/?s={search_term_string}\"},\"query-input\":{\"@type\":\"PropertyValueSpecification\",\"valueRequired\":true,\"valueName\":\"search_term_string\"}}],\"inLanguage\":\"lt-LT\"}]}<\/script>\n<!-- \/ Yoast SEO plugin. -->","yoast_head_json":{"title":"Apie mus \u2013 HVAC technologij\u0173 lyderis | Wipcool","description":"Susipa\u017einkite su Wipcool \u2013 HVAC technologij\u0173 lydere, kurian\u010dia ir gaminan\u010dia kondensato siurblius bei prie\u017ei\u016bros \u012frankius.","robots":{"index":"index","follow":"follow","max-snippet":"max-snippet:-1","max-image-preview":"max-image-preview:large","max-video-preview":"max-video-preview:-1"},"canonical":"https:\/\/wipcool.pl\/lt\/apie-mus\/","og_locale":"lt_LT","og_type":"article","og_title":"Apie mus \u2013 HVAC technologij\u0173 lyderis | Wipcool","og_description":"Susipa\u017einkite su Wipcool \u2013 HVAC technologij\u0173 lydere, kurian\u010dia ir gaminan\u010dia kondensato siurblius bei prie\u017ei\u016bros \u012frankius.","og_url":"https:\/\/wipcool.pl\/lt\/apie-mus\/","og_site_name":"Wipcool","article_modified_time":"2025-05-30T10:27:03+00:00","twitter_card":"summary_large_image","schema":{"@context":"https:\/\/schema.org","@graph":[{"@type":"WebPage","@id":"https:\/\/wipcool.pl\/lt\/apie-mus\/","url":"https:\/\/wipcool.pl\/lt\/apie-mus\/","name":"Apie mus \u2013 HVAC technologij\u0173 lyderis | Wipcool","isPartOf":{"@id":"https:\/\/wipcool.pl\/#website"},"datePublished":"2024-07-25T21:07:29+00:00","dateModified":"2025-05-30T10:27:03+00:00","description":"Susipa\u017einkite su Wipcool \u2013 HVAC technologij\u0173 lydere, kurian\u010dia ir gaminan\u010dia kondensato siurblius bei prie\u017ei\u016bros \u012frankius.","breadcrumb":{"@id":"https:\/\/wipcool.pl\/lt\/apie-mus\/#breadcrumb"},"inLanguage":"lt-LT","potentialAction":[{"@type":"ReadAction","target":["https:\/\/wipcool.pl\/lt\/apie-mus\/"]}]},{"@type":"BreadcrumbList","@id":"https:\/\/wipcool.pl\/lt\/apie-mus\/#breadcrumb","itemListElement":[{"@type":"ListItem","position":1,"name":"Strona g\u0142\u00f3wna","item":"https:\/\/wipcool.pl\/lt\/"},{"@type":"ListItem","position":2,"name":"Apie mus"}]},{"@type":"WebSite","@id":"https:\/\/wipcool.pl\/#website","url":"https:\/\/wipcool.pl\/","name":"Wipcool","description":"","potentialAction":[{"@type":"SearchAction","target":{"@type":"EntryPoint","urlTemplate":"https:\/\/wipcool.pl\/?s={search_term_string}"},"query-input":{"@type":"PropertyValueSpecification","valueRequired":true,"valueName":"search_term_string"}}],"inLanguage":"lt-LT"}]}},"_links":{"self":[{"href":"https:\/\/wipcool.pl\/lt\/wp-json\/wp\/v2\/pages\/944","targetHints":{"allow":["GET"]}}],"collection":[{"href":"https:\/\/wipcool.pl\/lt\/wp-json\/wp\/v2\/pages"}],"about":[{"href":"https:\/\/wipcool.pl\/lt\/wp-json\/wp\/v2\/types\/page"}],"author":[{"embeddable":true,"href":"https:\/\/wipcool.pl\/lt\/wp-json\/wp\/v2\/users\/1"}],"replies":[{"embeddable":true,"href":"https:\/\/wipcool.pl\/lt\/wp-json\/wp\/v2\/comments?post=944"}],"version-history":[{"count":1,"href":"https:\/\/wipcool.pl\/lt\/wp-json\/wp\/v2\/pages\/944\/revisions"}],"predecessor-version":[{"id":6051,"href":"https:\/\/wipcool.pl\/lt\/wp-json\/wp\/v2\/pages\/944\/revisions\/6051"}],"wp:attachment":[{"href":"https:\/\/wipcool.pl\/lt\/wp-json\/wp\/v2\/media?parent=944"}],"curies":[{"name":"wp","href":"https:\/\/api.w.org\/{rel}","templated":true}]}}