{"id":928,"date":"2024-07-05T14:02:07","date_gmt":"2024-07-05T12:02:07","guid":{"rendered":"https:\/\/wipcool.pl\/pagrindinis-puslapis\/"},"modified":"2025-05-30T12:20:15","modified_gmt":"2025-05-30T10:20:15","slug":"pagrindinis-puslapis","status":"publish","type":"page","link":"https:\/\/wipcool.pl\/lt\/","title":{"rendered":"Pradinis puslapis"},"content":{"rendered":"\n<section class=\"hero relative\">\n  <div class=\"container\">\n    <div class=\"relative px-4 md:px-10 lg:px-20 pt-[80vw] sm:pt-[460px] md:pt-40 lg:pt-40 pb-8 md:pb-16 lg:pb-32 text-white rounded-[20px] overflow-hidden bg-[#222222]\">\n      <div class=\"relative z-10\">\n        <span class=\"relative block text-xs sm:text-sm leading-5 font-semibold uppercase text-secondary lg:mb-2 xl:mb-4 pl-12 before:absolute before:top-1\/2 before:left-0 before:w-10 before:border-t-2 before:border-secondary before:content-[''] before:-translate-y-1\/2\">Apie mus<\/span>\n        <h1 class=\"text-base lg:text-2xl xl:text-4xl mb-2 xl:mb-4\">\n                  <\/h1>\n        <p class=\"text-2xl lg:text-4xl xl:text-5xl font-bold max-w-[480px] leading-tight lg:leading-tight xl:leading-tight mb-6 xl:mb-8\">\n                  <\/p>\n        <div class=\"flex flex-col md:flex-row gap-4 lg:gap-8 xl:gap-12\">\n                      <a href=\"https:\/\/www.wp.pl\/\" target=\"_self\" class=\"btn btn--primary\">\n              Per\u017evelkite produkt\u0173 katalog\u0105            <\/a>\n                                <a href=\"https:\/\/www.wp.pl\/\" target=\"_self\" class=\"btn btn--outline\">\n              Su\u017einokite daugiau            <\/a>\n                  <\/div>\n      <\/div>\n\n      <img id=\"heroImageMob\" fetchpriority=\"high\" data-src=\"\" alt=\"\" class=\"absolute top-0 left-0 w-full\">\n      \n    <\/div>\n  <\/div>\n<\/section>\n\n  <section class=\"icons-with-descriptions\">\n    <div class=\"container\">\n      <div class=\"grid grid-cols-1 sm:grid-cols-3 gap-14 xl:py-14\">\n                  <div class=\"icon-with-description\">\n            <div class=\"icon-with-description__icon\">\n              <img loading=\"lazy\" decoding=\"async\" width=\"48\" height=\"48\" src=\"https:\/\/wipcool.pl\/wp-content\/uploads\/2024\/08\/Icons-two-color-1.svg\" class=\"attachment-full size-full\" alt=\"\" \/>            <\/div>\n            <div class=\"icon-with-description__text\">\n              <h6>Pardavimo tinklai daugiau nei 73 \u0161alyse<\/h6>\n              <p>Artima bendradarbiavimas su klientais ir verslo partneriais visame pasaulyje.<\/p>\n            <\/div>\n          <\/div>\n                  <div class=\"icon-with-description\">\n            <div class=\"icon-with-description__icon\">\n              <img loading=\"lazy\" decoding=\"async\" width=\"49\" height=\"48\" src=\"https:\/\/wipcool.pl\/wp-content\/uploads\/2024\/08\/Frame-1.svg\" class=\"attachment-full size-full\" alt=\"\" \/>            <\/div>\n            <div class=\"icon-with-description__text\">\n              <h6> Pa\u017eangi Technologija<\/h6>\n              <p>Nauj\u0173j\u0173 technologij\u0173 taikymas gamyboje ir tyrimuose.<\/p>\n            <\/div>\n          <\/div>\n                  <div class=\"icon-with-description\">\n            <div class=\"icon-with-description__icon\">\n              <img loading=\"lazy\" decoding=\"async\" width=\"97\" height=\"96\" src=\"https:\/\/wipcool.pl\/wp-content\/uploads\/2024\/08\/Icons-two-color-4.png\" class=\"attachment-full size-full\" alt=\"\" \/>            <\/div>\n            <div class=\"icon-with-description__text\">\n              <h6>Produkt\u0173 Patikimumas<\/h6>\n              <p>Patikimai veikian\u010dios prek\u0117s, suteikian\u010dios didesn\u0119 komercin\u0119 vert\u0119 klientams.<\/p>\n            <\/div>\n          <\/div>\n              <\/div>\n    <\/div>\n  <\/section>\n\n\n\n<section class=\"best-products\">\n  <div class=\"container\">\n    <div class=\"mb-6 md:mb-8\">\n      <div class=\"best-products__header text-center\">\n        <h3>M\u016aS\u0172 GERIAUSI PRODUKTAI<\/h3>\n      <\/div>\n    <\/div>\n    <div class=\"relative min-h-96\">\n        \n        <!--\n            <div class=\"wipcool-loader absolute top-1\/2 left-1\/2 -translate-x-1\/2 -translate-y-1\/2 z-10\"><\/div>\n            <div id=\"best-products-grid\" class=\"grid grid-cols-2 lg:grid-cols-4 gap-2 sm:gap-4 lg:gap-y-16 pb-6 md:pb-8 xl:pb-16\"><\/div>\n        -->\n      \n       <div id=\"best-custom-products-grid\" class=\"grid grid-cols-2 lg:grid-cols-4 gap-2 sm:gap-4 lg:gap-y-16 pb-6 md:pb-8 xl:pb-16\">\n             <\/div>\n    <\/div>\n\n          <div class=\"text-center\">\n        <a\n          class=\"btn btn--primary\"\n          href=\"https:\/\/wipcool.pl\/produkty\/\"\n          target=\"_self\"\n        >\n          Visi produktai        <\/a>\n      <\/div>\n    \n  <\/div>\n<\/section>\n\n\n<section class=\"banner\">\n  <div class=\"banner__bg\" style=\"background-image: url()\">\n    <div class=\"container\">\n      <div class=\"banner__content\">\n        <span>Apie mus<\/span>\n        <h1>Specialistai ne tik<br \/>\nVALYMO SRITYJE<\/h1>\n        <div class=\"prose space-y-2 sm:space-y-4 max-w-full lg:w-3\/5 mb-6 md:mb-8 xl:mb-12 prose-headings:text-white prose-headings:font-semibold prose-h3:text-3xl prose-h4:text-2xl prose-h5:text-xl prose-h6:text-lg prose-p:text-white prose-a:text-white prose-a:underline hover:prose-a:text-accent-1 prose-ul:list-disc prose-ul:text-white prose-ol:text-white prose-li:marker:text-white prose-strong:text-white leading-normal\">\n          <p>\u012emon\u0117 WIPCOOL, \u012fkurta 2011 metais, yra lyder\u0117 auk\u0161t\u0173j\u0173 technologij\u0173 srityje, specializuojasi kondensato \u0161alinimo siurbli\u0173 ir HVAC sistem\u0173 prie\u017ei\u016bros bei \u012frengimo \u012franki\u0173 gamyboje. Turime daugiau nei 20 nacionalini\u0173 patent\u0173 ir pardavimo tinklus 73 \u0161alyse, aptarnaudami 5 \u017einomus oro kondicionavimo preki\u0173 \u017eenklus.<\/p>\n        <\/div>\n                  <a href=\"http:\/\/www.wp.pl\" target=\"_self\" class=\"btn btn--primary\">\n            Su\u017einokite daugiau          <\/a>\n              <\/div>\n    <\/div>\n  <\/div>\n<\/section>\n\n\n<section class=\"tips-section\">\n  <div class=\"container\">\n    <div class=\"text-center\">\n      <h2>SPECIALISTAMS SKIRTI PATARIMAI<\/h2>\n    <\/div>\n          <div class=\"tips-section__boxes\">\n                  <article class=\"tip-box\">\n            <div class=\"tip-box__bg-wrapper\">\n              <div class=\"tip-box__bg\" style=\"\"><\/div>\n            <\/div>\n            <div class=\"tip-box__content\">\n              <div class=\"space-y-3 mb-6\">\n                <span>STRONA<\/span>\n                <h3 class=\"font-normal text-base md:text-lg lg:text-xl xl:text-2xl uppercase mt-1\">Garantija<\/h3>\n                <p><\/p>\n              <\/div>\n              <a href=\"https:\/\/wipcool.pl\/lt\/garantija\/\" class=\"btn btn--link\">SU\u017dINOKITE DAUGIAU<\/a>\n            <\/div>\n          <\/article>\n                      <\/div>\n        \n          <div class=\"text-center\">\n        <a href=\"https:\/\/wipcool.pl\/blog\/\" target=\"_self\" class=\"btn btn--primary\">Visi straipsniai<\/a>\n      <\/div>\n      <\/div>\n<\/section>","protected":false},"excerpt":{"rendered":"","protected":false},"author":1,"featured_media":0,"parent":0,"menu_order":0,"comment_status":"closed","ping_status":"closed","template":"","meta":{"_acf_changed":false,"footnotes":""},"class_list":["post-928","page","type-page","status-publish","hentry"],"acf":[],"yoast_head":"<!-- This site is optimized with the Yoast SEO plugin v25.9 - https:\/\/yoast.com\/wordpress\/plugins\/seo\/ -->\n<title>Profesional\u016bs HVAC valymo ir prie\u017ei\u016bros \u012frankiai | Wipcool<\/title>\n<meta name=\"description\" content=\"Wipcool \u2013 lyderis HVAC valymo \u012franki\u0173 rinkoje. Su\u017einokite, kod\u0117l profesionalai renkasi m\u016bs\u0173 \u012frankius.\" \/>\n<meta name=\"robots\" content=\"index, follow, max-snippet:-1, max-image-preview:large, max-video-preview:-1\" \/>\n<link rel=\"canonical\" href=\"https:\/\/wipcool.pl\/lt\/\" \/>\n<meta property=\"og:locale\" content=\"lt_LT\" \/>\n<meta property=\"og:type\" content=\"article\" \/>\n<meta property=\"og:title\" content=\"Profesional\u016bs HVAC valymo ir prie\u017ei\u016bros \u012frankiai | Wipcool\" \/>\n<meta property=\"og:description\" content=\"Wipcool \u2013 lyderis HVAC valymo \u012franki\u0173 rinkoje. Su\u017einokite, kod\u0117l profesionalai renkasi m\u016bs\u0173 \u012frankius.\" \/>\n<meta property=\"og:url\" content=\"https:\/\/wipcool.pl\/lt\/\" \/>\n<meta property=\"og:site_name\" content=\"Wipcool\" \/>\n<meta property=\"article:modified_time\" content=\"2025-05-30T10:20:15+00:00\" \/>\n<meta name=\"twitter:card\" content=\"summary_large_image\" \/>\n<script type=\"application\/ld+json\" class=\"yoast-schema-graph\">{\"@context\":\"https:\/\/schema.org\",\"@graph\":[{\"@type\":\"WebPage\",\"@id\":\"https:\/\/wipcool.pl\/lt\/\",\"url\":\"https:\/\/wipcool.pl\/lt\/\",\"name\":\"Profesional\u016bs HVAC valymo ir prie\u017ei\u016bros \u012frankiai | Wipcool\",\"isPartOf\":{\"@id\":\"https:\/\/wipcool.pl\/#website\"},\"datePublished\":\"2024-07-05T12:02:07+00:00\",\"dateModified\":\"2025-05-30T10:20:15+00:00\",\"description\":\"Wipcool \u2013 lyderis HVAC valymo \u012franki\u0173 rinkoje. Su\u017einokite, kod\u0117l profesionalai renkasi m\u016bs\u0173 \u012frankius.\",\"breadcrumb\":{\"@id\":\"https:\/\/wipcool.pl\/lt\/#breadcrumb\"},\"inLanguage\":\"lt-LT\",\"potentialAction\":[{\"@type\":\"ReadAction\",\"target\":[\"https:\/\/wipcool.pl\/lt\/\"]}]},{\"@type\":\"BreadcrumbList\",\"@id\":\"https:\/\/wipcool.pl\/lt\/#breadcrumb\",\"itemListElement\":[{\"@type\":\"ListItem\",\"position\":1,\"name\":\"Strona g\u0142\u00f3wna\",\"item\":\"https:\/\/wipcool.pl\/lt\/\"},{\"@type\":\"ListItem\",\"position\":2,\"name\":\"Pradinis puslapis\"}]},{\"@type\":\"WebSite\",\"@id\":\"https:\/\/wipcool.pl\/#website\",\"url\":\"https:\/\/wipcool.pl\/\",\"name\":\"Wipcool\",\"description\":\"\",\"potentialAction\":[{\"@type\":\"SearchAction\",\"target\":{\"@type\":\"EntryPoint\",\"urlTemplate\":\"https:\/\/wipcool.pl\/?s={search_term_string}\"},\"query-input\":{\"@type\":\"PropertyValueSpecification\",\"valueRequired\":true,\"valueName\":\"search_term_string\"}}],\"inLanguage\":\"lt-LT\"}]}<\/script>\n<!-- \/ Yoast SEO plugin. -->","yoast_head_json":{"title":"Profesional\u016bs HVAC valymo ir prie\u017ei\u016bros \u012frankiai | Wipcool","description":"Wipcool \u2013 lyderis HVAC valymo \u012franki\u0173 rinkoje. Su\u017einokite, kod\u0117l profesionalai renkasi m\u016bs\u0173 \u012frankius.","robots":{"index":"index","follow":"follow","max-snippet":"max-snippet:-1","max-image-preview":"max-image-preview:large","max-video-preview":"max-video-preview:-1"},"canonical":"https:\/\/wipcool.pl\/lt\/","og_locale":"lt_LT","og_type":"article","og_title":"Profesional\u016bs HVAC valymo ir prie\u017ei\u016bros \u012frankiai | Wipcool","og_description":"Wipcool \u2013 lyderis HVAC valymo \u012franki\u0173 rinkoje. Su\u017einokite, kod\u0117l profesionalai renkasi m\u016bs\u0173 \u012frankius.","og_url":"https:\/\/wipcool.pl\/lt\/","og_site_name":"Wipcool","article_modified_time":"2025-05-30T10:20:15+00:00","twitter_card":"summary_large_image","schema":{"@context":"https:\/\/schema.org","@graph":[{"@type":"WebPage","@id":"https:\/\/wipcool.pl\/lt\/","url":"https:\/\/wipcool.pl\/lt\/","name":"Profesional\u016bs HVAC valymo ir prie\u017ei\u016bros \u012frankiai | Wipcool","isPartOf":{"@id":"https:\/\/wipcool.pl\/#website"},"datePublished":"2024-07-05T12:02:07+00:00","dateModified":"2025-05-30T10:20:15+00:00","description":"Wipcool \u2013 lyderis HVAC valymo \u012franki\u0173 rinkoje. Su\u017einokite, kod\u0117l profesionalai renkasi m\u016bs\u0173 \u012frankius.","breadcrumb":{"@id":"https:\/\/wipcool.pl\/lt\/#breadcrumb"},"inLanguage":"lt-LT","potentialAction":[{"@type":"ReadAction","target":["https:\/\/wipcool.pl\/lt\/"]}]},{"@type":"BreadcrumbList","@id":"https:\/\/wipcool.pl\/lt\/#breadcrumb","itemListElement":[{"@type":"ListItem","position":1,"name":"Strona g\u0142\u00f3wna","item":"https:\/\/wipcool.pl\/lt\/"},{"@type":"ListItem","position":2,"name":"Pradinis puslapis"}]},{"@type":"WebSite","@id":"https:\/\/wipcool.pl\/#website","url":"https:\/\/wipcool.pl\/","name":"Wipcool","description":"","potentialAction":[{"@type":"SearchAction","target":{"@type":"EntryPoint","urlTemplate":"https:\/\/wipcool.pl\/?s={search_term_string}"},"query-input":{"@type":"PropertyValueSpecification","valueRequired":true,"valueName":"search_term_string"}}],"inLanguage":"lt-LT"}]}},"_links":{"self":[{"href":"https:\/\/wipcool.pl\/lt\/wp-json\/wp\/v2\/pages\/928","targetHints":{"allow":["GET"]}}],"collection":[{"href":"https:\/\/wipcool.pl\/lt\/wp-json\/wp\/v2\/pages"}],"about":[{"href":"https:\/\/wipcool.pl\/lt\/wp-json\/wp\/v2\/types\/page"}],"author":[{"embeddable":true,"href":"https:\/\/wipcool.pl\/lt\/wp-json\/wp\/v2\/users\/1"}],"replies":[{"embeddable":true,"href":"https:\/\/wipcool.pl\/lt\/wp-json\/wp\/v2\/comments?post=928"}],"version-history":[{"count":1,"href":"https:\/\/wipcool.pl\/lt\/wp-json\/wp\/v2\/pages\/928\/revisions"}],"predecessor-version":[{"id":6045,"href":"https:\/\/wipcool.pl\/lt\/wp-json\/wp\/v2\/pages\/928\/revisions\/6045"}],"wp:attachment":[{"href":"https:\/\/wipcool.pl\/lt\/wp-json\/wp\/v2\/media?parent=928"}],"curies":[{"name":"wp","href":"https:\/\/api.w.org\/{rel}","templated":true}]}}