{"id":909,"date":"2024-07-31T12:22:35","date_gmt":"2024-07-31T10:22:35","guid":{"rendered":"https:\/\/wipcool.pl\/distribiutoriai\/"},"modified":"2025-05-30T12:28:44","modified_gmt":"2025-05-30T10:28:44","slug":"distribiutoriai","status":"publish","type":"page","link":"https:\/\/wipcool.pl\/lt\/distribiutoriai\/","title":{"rendered":"Platintojai"},"content":{"rendered":"<p>[SUPER-STORE-FINDER]<\/p>\n","protected":false},"excerpt":{"rendered":"","protected":false},"author":1,"featured_media":0,"parent":0,"menu_order":0,"comment_status":"closed","ping_status":"closed","template":"","meta":{"_acf_changed":false,"footnotes":""},"class_list":["post-909","page","type-page","status-publish","hentry"],"acf":[],"yoast_head":"<!-- This site is optimized with the Yoast SEO plugin v25.9 - https:\/\/yoast.com\/wordpress\/plugins\/seo\/ -->\n<title>Platintojai \u2013 HVAC valymo ir prie\u017ei\u016bros \u012frankiai | Wipcool<\/title>\n<meta name=\"description\" content=\"Raskite oficialius Wipcool platintojus savo regione. Si\u016blome originalius produktus ir profesionali\u0105 technin\u0119 pagalb\u0105.\" \/>\n<meta name=\"robots\" content=\"index, follow, max-snippet:-1, max-image-preview:large, max-video-preview:-1\" \/>\n<link rel=\"canonical\" href=\"https:\/\/wipcool.pl\/lt\/distribiutoriai\/\" \/>\n<meta property=\"og:locale\" content=\"lt_LT\" \/>\n<meta property=\"og:type\" content=\"article\" \/>\n<meta property=\"og:title\" content=\"Platintojai \u2013 HVAC valymo ir prie\u017ei\u016bros \u012frankiai | Wipcool\" \/>\n<meta property=\"og:description\" content=\"Raskite oficialius Wipcool platintojus savo regione. Si\u016blome originalius produktus ir profesionali\u0105 technin\u0119 pagalb\u0105.\" \/>\n<meta property=\"og:url\" content=\"https:\/\/wipcool.pl\/lt\/distribiutoriai\/\" \/>\n<meta property=\"og:site_name\" content=\"Wipcool\" \/>\n<meta property=\"article:modified_time\" content=\"2025-05-30T10:28:44+00:00\" \/>\n<meta name=\"twitter:card\" content=\"summary_large_image\" \/>\n<meta name=\"twitter:label1\" content=\"Est. reading time\" \/>\n\t<meta name=\"twitter:data1\" content=\"1 minut\u0117\" \/>\n<script type=\"application\/ld+json\" class=\"yoast-schema-graph\">{\"@context\":\"https:\/\/schema.org\",\"@graph\":[{\"@type\":\"WebPage\",\"@id\":\"https:\/\/wipcool.pl\/lt\/distribiutoriai\/\",\"url\":\"https:\/\/wipcool.pl\/lt\/distribiutoriai\/\",\"name\":\"Platintojai \u2013 HVAC valymo ir prie\u017ei\u016bros \u012frankiai | Wipcool\",\"isPartOf\":{\"@id\":\"https:\/\/wipcool.pl\/#website\"},\"datePublished\":\"2024-07-31T10:22:35+00:00\",\"dateModified\":\"2025-05-30T10:28:44+00:00\",\"description\":\"Raskite oficialius Wipcool platintojus savo regione. Si\u016blome originalius produktus ir profesionali\u0105 technin\u0119 pagalb\u0105.\",\"breadcrumb\":{\"@id\":\"https:\/\/wipcool.pl\/lt\/distribiutoriai\/#breadcrumb\"},\"inLanguage\":\"lt-LT\",\"potentialAction\":[{\"@type\":\"ReadAction\",\"target\":[\"https:\/\/wipcool.pl\/lt\/distribiutoriai\/\"]}]},{\"@type\":\"BreadcrumbList\",\"@id\":\"https:\/\/wipcool.pl\/lt\/distribiutoriai\/#breadcrumb\",\"itemListElement\":[{\"@type\":\"ListItem\",\"position\":1,\"name\":\"Strona g\u0142\u00f3wna\",\"item\":\"https:\/\/wipcool.pl\/lt\/\"},{\"@type\":\"ListItem\",\"position\":2,\"name\":\"Platintojai\"}]},{\"@type\":\"WebSite\",\"@id\":\"https:\/\/wipcool.pl\/#website\",\"url\":\"https:\/\/wipcool.pl\/\",\"name\":\"Wipcool\",\"description\":\"\",\"potentialAction\":[{\"@type\":\"SearchAction\",\"target\":{\"@type\":\"EntryPoint\",\"urlTemplate\":\"https:\/\/wipcool.pl\/?s={search_term_string}\"},\"query-input\":{\"@type\":\"PropertyValueSpecification\",\"valueRequired\":true,\"valueName\":\"search_term_string\"}}],\"inLanguage\":\"lt-LT\"}]}<\/script>\n<!-- \/ Yoast SEO plugin. -->","yoast_head_json":{"title":"Platintojai \u2013 HVAC valymo ir prie\u017ei\u016bros \u012frankiai | Wipcool","description":"Raskite oficialius Wipcool platintojus savo regione. Si\u016blome originalius produktus ir profesionali\u0105 technin\u0119 pagalb\u0105.","robots":{"index":"index","follow":"follow","max-snippet":"max-snippet:-1","max-image-preview":"max-image-preview:large","max-video-preview":"max-video-preview:-1"},"canonical":"https:\/\/wipcool.pl\/lt\/distribiutoriai\/","og_locale":"lt_LT","og_type":"article","og_title":"Platintojai \u2013 HVAC valymo ir prie\u017ei\u016bros \u012frankiai | Wipcool","og_description":"Raskite oficialius Wipcool platintojus savo regione. Si\u016blome originalius produktus ir profesionali\u0105 technin\u0119 pagalb\u0105.","og_url":"https:\/\/wipcool.pl\/lt\/distribiutoriai\/","og_site_name":"Wipcool","article_modified_time":"2025-05-30T10:28:44+00:00","twitter_card":"summary_large_image","twitter_misc":{"Est. reading time":"1 minut\u0117"},"schema":{"@context":"https:\/\/schema.org","@graph":[{"@type":"WebPage","@id":"https:\/\/wipcool.pl\/lt\/distribiutoriai\/","url":"https:\/\/wipcool.pl\/lt\/distribiutoriai\/","name":"Platintojai \u2013 HVAC valymo ir prie\u017ei\u016bros \u012frankiai | Wipcool","isPartOf":{"@id":"https:\/\/wipcool.pl\/#website"},"datePublished":"2024-07-31T10:22:35+00:00","dateModified":"2025-05-30T10:28:44+00:00","description":"Raskite oficialius Wipcool platintojus savo regione. Si\u016blome originalius produktus ir profesionali\u0105 technin\u0119 pagalb\u0105.","breadcrumb":{"@id":"https:\/\/wipcool.pl\/lt\/distribiutoriai\/#breadcrumb"},"inLanguage":"lt-LT","potentialAction":[{"@type":"ReadAction","target":["https:\/\/wipcool.pl\/lt\/distribiutoriai\/"]}]},{"@type":"BreadcrumbList","@id":"https:\/\/wipcool.pl\/lt\/distribiutoriai\/#breadcrumb","itemListElement":[{"@type":"ListItem","position":1,"name":"Strona g\u0142\u00f3wna","item":"https:\/\/wipcool.pl\/lt\/"},{"@type":"ListItem","position":2,"name":"Platintojai"}]},{"@type":"WebSite","@id":"https:\/\/wipcool.pl\/#website","url":"https:\/\/wipcool.pl\/","name":"Wipcool","description":"","potentialAction":[{"@type":"SearchAction","target":{"@type":"EntryPoint","urlTemplate":"https:\/\/wipcool.pl\/?s={search_term_string}"},"query-input":{"@type":"PropertyValueSpecification","valueRequired":true,"valueName":"search_term_string"}}],"inLanguage":"lt-LT"}]}},"_links":{"self":[{"href":"https:\/\/wipcool.pl\/lt\/wp-json\/wp\/v2\/pages\/909","targetHints":{"allow":["GET"]}}],"collection":[{"href":"https:\/\/wipcool.pl\/lt\/wp-json\/wp\/v2\/pages"}],"about":[{"href":"https:\/\/wipcool.pl\/lt\/wp-json\/wp\/v2\/types\/page"}],"author":[{"embeddable":true,"href":"https:\/\/wipcool.pl\/lt\/wp-json\/wp\/v2\/users\/1"}],"replies":[{"embeddable":true,"href":"https:\/\/wipcool.pl\/lt\/wp-json\/wp\/v2\/comments?post=909"}],"version-history":[{"count":2,"href":"https:\/\/wipcool.pl\/lt\/wp-json\/wp\/v2\/pages\/909\/revisions"}],"predecessor-version":[{"id":6053,"href":"https:\/\/wipcool.pl\/lt\/wp-json\/wp\/v2\/pages\/909\/revisions\/6053"}],"wp:attachment":[{"href":"https:\/\/wipcool.pl\/lt\/wp-json\/wp\/v2\/media?parent=909"}],"curies":[{"name":"wp","href":"https:\/\/api.w.org\/{rel}","templated":true}]}}