{"id":905,"date":"2024-07-28T11:13:59","date_gmt":"2024-07-28T09:13:59","guid":{"rendered":"https:\/\/wipcool.pl\/atsisiusti\/"},"modified":"2025-05-30T12:26:19","modified_gmt":"2025-05-30T10:26:19","slug":"atsisiusti","status":"publish","type":"page","link":"https:\/\/wipcool.pl\/lt\/atsisiusti\/","title":{"rendered":"Atsisi\u0173sti"},"content":{"rendered":"<div class=\"innerblocks\">\n  <div class=\"container\">\n    <div class=\"grid grid-cols-12 gap-4\">\n      <div class=\"innerblocks__content\">\n        <div class=\"acf-innerblocks-container\">\n\n<h5 class=\"wp-block-heading\"><strong>RASKITE WIPCOOL GAMINI\u0172 NAUDOJIMO INSTRUKCIJAS IR ATITIKTIES DEKLARACIJAS<\/strong><\/h5>\n\n\n\n<p>\u0160ioje vietoje galite susipa\u017einti su WIPCOOL \u012frengini\u0173 naudojimo instrukcijomis bei atsisi\u0173sti jas PDF formatu angl\u0173 kalba.<\/p>\n\n\n\n<p>Nor\u0117dami rasti tinkam\u0105 instrukcij\u0105, tiesiog \u012fveskite tiksli\u0105 gaminio pavadinim\u0105 \u017eemiau. <strong>Pavyzdys:<\/strong> <strong>C28B cordless pressure washer.<\/strong><\/p>\n\n<\/div>\n      <\/div>\n    <\/div>\n  <\/div>\n<\/div>\n\n\n<section>\n  <div class=\"container\">\n    <div class=\"grid grid-cols-12 gap-y-8\">\n      \n      <div class=\"col-span-12\">\n        <div class=\"bg-[#F9F9F9] rounded-[10px] p-8\">\n                     <div class=\"relative flex flex-col items-center justify-center mb-6\">\n            <form id=\"search-form\" method=\"post\" class=\"relative flex items-center max-w-[416px] w-full\">\n              <input type=\"text\" id=\"fileNameInput\" name=\"search\" placeholder=\"Wpisz nazw\u0119 pliku\" class=\"w-full h-11 rounded-[5px] border border-outline px-4 pr-8 text-sm font-normal leading-5 text-primary outline-none focus:border-dark-outline active:border-dark-outline\" \/>\n              <button type=\"submit\" id=\"searchFileBtn\" class=\"h-4 w-4 absolute right-4 z-10\">\n                <img decoding=\"async\" src=\"https:\/\/wipcool.pl\/wp-content\/themes\/wipcool-i3\/assets\/img\/ico-loupe.svg\" alt=\"\" class=\"w-full h-full\" \/>\n              <\/button>\n            <\/form>\n            <p class=\"text-info hidden absolute -bottom-6 text-xs text-red mt-1\">Prosz\u0119 wpisa\u0107 minimum 3 znaki<\/p>\n          <\/div>\n          <div class=\"relative\">\n            <div class=\"loader-wrapper\"><\/div>\n            <div id=\"files-list\"><\/div>\n          <\/div>\n        <\/div>\n      <\/div>\n\n              <div class=\"col-span-12\">\n                      <h2 class=\"text-xl font-bold mb-6\">Papildomi atsisiun\u010diami failai<\/h2>\n                                <ul class=\"flex flex-wrap gap-6\">\n                              <li>\n                  <a href=\"https:\/\/wipcool.pl\/wp-content\/uploads\/2024\/08\/WIPCOOL2023-V1.2-PL.pdf\" class=\"flex items-center gap-1 font-medium text-sm text-accent-1\" download>\n                    <img decoding=\"async\" src=\"https:\/\/wipcool.pl\/wp-content\/themes\/wipcool-i3\/assets\/img\/pdf-file.svg\" alt=\"pdf\"> WIPCOOL2023 V1.2 PL                  <\/a>\n                <\/li>\n                              <li>\n                  <a href=\"https:\/\/wipcool.pl\/wp-content\/uploads\/2024\/08\/WIPCOOL2023-V1.2-PL_Optimized.pdf\" class=\"flex items-center gap-1 font-medium text-sm text-accent-1\" download>\n                    <img decoding=\"async\" src=\"https:\/\/wipcool.pl\/wp-content\/themes\/wipcool-i3\/assets\/img\/pdf-file.svg\" alt=\"pdf\"> Katalog 2023\/2024                  <\/a>\n                <\/li>\n                              <li>\n                  <a href=\"\" class=\"flex items-center gap-1 font-medium text-sm text-accent-1\" download>\n                    <img decoding=\"async\" src=\"https:\/\/wipcool.pl\/wp-content\/themes\/wipcool-i3\/assets\/img\/pdf-file.svg\" alt=\"pdf\">                   <\/a>\n                <\/li>\n                          <\/ul>\n                  <\/div>\n          <\/div>\n  <\/div>\n<\/section>","protected":false},"excerpt":{"rendered":"","protected":false},"author":1,"featured_media":0,"parent":0,"menu_order":0,"comment_status":"closed","ping_status":"closed","template":"","meta":{"_acf_changed":false,"footnotes":""},"class_list":["post-905","page","type-page","status-publish","hentry"],"acf":[],"yoast_head":"<!-- This site is optimized with the Yoast SEO plugin v25.9 - https:\/\/yoast.com\/wordpress\/plugins\/seo\/ -->\n<title>Atsisiuntimai \u2013 Katalogai ir naudojimo instrukcijos | Wipcool<\/title>\n<meta name=\"description\" content=\"Atsisi\u0173skite Wipcool produkt\u0173 katalogus, naudojimo instrukcijas ir kitus svarbius dokumentus \u2013 visa reikalinga informacija vienoje vietoje.\" \/>\n<meta name=\"robots\" content=\"index, follow, max-snippet:-1, max-image-preview:large, max-video-preview:-1\" \/>\n<link rel=\"canonical\" href=\"https:\/\/wipcool.pl\/lt\/atsisiusti\/\" \/>\n<meta property=\"og:locale\" content=\"lt_LT\" \/>\n<meta property=\"og:type\" content=\"article\" \/>\n<meta property=\"og:title\" content=\"Atsisiuntimai \u2013 Katalogai ir naudojimo instrukcijos | Wipcool\" \/>\n<meta property=\"og:description\" content=\"Atsisi\u0173skite Wipcool produkt\u0173 katalogus, naudojimo instrukcijas ir kitus svarbius dokumentus \u2013 visa reikalinga informacija vienoje vietoje.\" \/>\n<meta property=\"og:url\" content=\"https:\/\/wipcool.pl\/lt\/atsisiusti\/\" \/>\n<meta property=\"og:site_name\" content=\"Wipcool\" \/>\n<meta property=\"article:modified_time\" content=\"2025-05-30T10:26:19+00:00\" \/>\n<meta name=\"twitter:card\" content=\"summary_large_image\" \/>\n<meta name=\"twitter:label1\" content=\"Est. reading time\" \/>\n\t<meta name=\"twitter:data1\" content=\"1 minut\u0117\" \/>\n<script type=\"application\/ld+json\" class=\"yoast-schema-graph\">{\"@context\":\"https:\/\/schema.org\",\"@graph\":[{\"@type\":\"WebPage\",\"@id\":\"https:\/\/wipcool.pl\/lt\/atsisiusti\/\",\"url\":\"https:\/\/wipcool.pl\/lt\/atsisiusti\/\",\"name\":\"Atsisiuntimai \u2013 Katalogai ir naudojimo instrukcijos | Wipcool\",\"isPartOf\":{\"@id\":\"https:\/\/wipcool.pl\/#website\"},\"datePublished\":\"2024-07-28T09:13:59+00:00\",\"dateModified\":\"2025-05-30T10:26:19+00:00\",\"description\":\"Atsisi\u0173skite Wipcool produkt\u0173 katalogus, naudojimo instrukcijas ir kitus svarbius dokumentus \u2013 visa reikalinga informacija vienoje vietoje.\",\"breadcrumb\":{\"@id\":\"https:\/\/wipcool.pl\/lt\/atsisiusti\/#breadcrumb\"},\"inLanguage\":\"lt-LT\",\"potentialAction\":[{\"@type\":\"ReadAction\",\"target\":[\"https:\/\/wipcool.pl\/lt\/atsisiusti\/\"]}]},{\"@type\":\"BreadcrumbList\",\"@id\":\"https:\/\/wipcool.pl\/lt\/atsisiusti\/#breadcrumb\",\"itemListElement\":[{\"@type\":\"ListItem\",\"position\":1,\"name\":\"Strona g\u0142\u00f3wna\",\"item\":\"https:\/\/wipcool.pl\/lt\/\"},{\"@type\":\"ListItem\",\"position\":2,\"name\":\"Atsisi\u0173sti\"}]},{\"@type\":\"WebSite\",\"@id\":\"https:\/\/wipcool.pl\/#website\",\"url\":\"https:\/\/wipcool.pl\/\",\"name\":\"Wipcool\",\"description\":\"\",\"potentialAction\":[{\"@type\":\"SearchAction\",\"target\":{\"@type\":\"EntryPoint\",\"urlTemplate\":\"https:\/\/wipcool.pl\/?s={search_term_string}\"},\"query-input\":{\"@type\":\"PropertyValueSpecification\",\"valueRequired\":true,\"valueName\":\"search_term_string\"}}],\"inLanguage\":\"lt-LT\"}]}<\/script>\n<!-- \/ Yoast SEO plugin. -->","yoast_head_json":{"title":"Atsisiuntimai \u2013 Katalogai ir naudojimo instrukcijos | Wipcool","description":"Atsisi\u0173skite Wipcool produkt\u0173 katalogus, naudojimo instrukcijas ir kitus svarbius dokumentus \u2013 visa reikalinga informacija vienoje vietoje.","robots":{"index":"index","follow":"follow","max-snippet":"max-snippet:-1","max-image-preview":"max-image-preview:large","max-video-preview":"max-video-preview:-1"},"canonical":"https:\/\/wipcool.pl\/lt\/atsisiusti\/","og_locale":"lt_LT","og_type":"article","og_title":"Atsisiuntimai \u2013 Katalogai ir naudojimo instrukcijos | Wipcool","og_description":"Atsisi\u0173skite Wipcool produkt\u0173 katalogus, naudojimo instrukcijas ir kitus svarbius dokumentus \u2013 visa reikalinga informacija vienoje vietoje.","og_url":"https:\/\/wipcool.pl\/lt\/atsisiusti\/","og_site_name":"Wipcool","article_modified_time":"2025-05-30T10:26:19+00:00","twitter_card":"summary_large_image","twitter_misc":{"Est. reading time":"1 minut\u0117"},"schema":{"@context":"https:\/\/schema.org","@graph":[{"@type":"WebPage","@id":"https:\/\/wipcool.pl\/lt\/atsisiusti\/","url":"https:\/\/wipcool.pl\/lt\/atsisiusti\/","name":"Atsisiuntimai \u2013 Katalogai ir naudojimo instrukcijos | Wipcool","isPartOf":{"@id":"https:\/\/wipcool.pl\/#website"},"datePublished":"2024-07-28T09:13:59+00:00","dateModified":"2025-05-30T10:26:19+00:00","description":"Atsisi\u0173skite Wipcool produkt\u0173 katalogus, naudojimo instrukcijas ir kitus svarbius dokumentus \u2013 visa reikalinga informacija vienoje vietoje.","breadcrumb":{"@id":"https:\/\/wipcool.pl\/lt\/atsisiusti\/#breadcrumb"},"inLanguage":"lt-LT","potentialAction":[{"@type":"ReadAction","target":["https:\/\/wipcool.pl\/lt\/atsisiusti\/"]}]},{"@type":"BreadcrumbList","@id":"https:\/\/wipcool.pl\/lt\/atsisiusti\/#breadcrumb","itemListElement":[{"@type":"ListItem","position":1,"name":"Strona g\u0142\u00f3wna","item":"https:\/\/wipcool.pl\/lt\/"},{"@type":"ListItem","position":2,"name":"Atsisi\u0173sti"}]},{"@type":"WebSite","@id":"https:\/\/wipcool.pl\/#website","url":"https:\/\/wipcool.pl\/","name":"Wipcool","description":"","potentialAction":[{"@type":"SearchAction","target":{"@type":"EntryPoint","urlTemplate":"https:\/\/wipcool.pl\/?s={search_term_string}"},"query-input":{"@type":"PropertyValueSpecification","valueRequired":true,"valueName":"search_term_string"}}],"inLanguage":"lt-LT"}]}},"_links":{"self":[{"href":"https:\/\/wipcool.pl\/lt\/wp-json\/wp\/v2\/pages\/905","targetHints":{"allow":["GET"]}}],"collection":[{"href":"https:\/\/wipcool.pl\/lt\/wp-json\/wp\/v2\/pages"}],"about":[{"href":"https:\/\/wipcool.pl\/lt\/wp-json\/wp\/v2\/types\/page"}],"author":[{"embeddable":true,"href":"https:\/\/wipcool.pl\/lt\/wp-json\/wp\/v2\/users\/1"}],"replies":[{"embeddable":true,"href":"https:\/\/wipcool.pl\/lt\/wp-json\/wp\/v2\/comments?post=905"}],"version-history":[{"count":1,"href":"https:\/\/wipcool.pl\/lt\/wp-json\/wp\/v2\/pages\/905\/revisions"}],"predecessor-version":[{"id":6050,"href":"https:\/\/wipcool.pl\/lt\/wp-json\/wp\/v2\/pages\/905\/revisions\/6050"}],"wp:attachment":[{"href":"https:\/\/wipcool.pl\/lt\/wp-json\/wp\/v2\/media?parent=905"}],"curies":[{"name":"wp","href":"https:\/\/api.w.org\/{rel}","templated":true}]}}