{"id":902,"date":"2024-07-23T12:09:46","date_gmt":"2024-07-23T10:09:46","guid":{"rendered":"https:\/\/wipcool.pl\/blogas\/"},"modified":"2025-05-30T12:22:38","modified_gmt":"2025-05-30T10:22:38","slug":"blogas","status":"publish","type":"page","link":"https:\/\/wipcool.pl\/lt\/blogas\/","title":{"rendered":"Blogas"},"content":{"rendered":"\n<section class=\"featured_articles\">\n  <div class=\"container\">\n    <div class=\"text-center\">\n      <h2>STRAIPSNIAI SPECIALISTAMS<\/h2>\n    <\/div>\n      <\/div>\n<\/section>\n\n\n    <section class=\"article-list pt-0\">\n      <div class=\"relative container\">\n        <ul class=\"filter-tabs\"><li><button data-category=\"\" class=\"uppercase category-filters-btn active\">VISI<\/button><\/li><li><button data-category=\"nauji-produktai\" class=\"uppercase category-filters-btn \">Nauji produktai<\/button><\/li><li><button data-category=\"nowosci-produktowe-lt\" class=\"uppercase category-filters-btn \">Nowo\u015bci produktowe<\/button><\/li><li><button data-category=\"patarimai\" class=\"uppercase category-filters-btn \">Patarimai<\/button><\/li><li><button data-category=\"renginiai\" class=\"uppercase category-filters-btn \">Renginiai<\/button><\/li><\/ul>        <select\n  id=\"sortOrder\"\n  data-placeholder=\"R\u016b\u0161iavimas\"\n  class=\"sm:absolute sm:top-0 sm:right-4 max-w-48 h-9 rounded-[10px] border border-outline px-4 text-sm font-normal leading-5 text-primary outline-none\"\n>\n  <option value=\"desc\">nuo naujausio<\/option>\n  <option value=\"asc\">nuo seniausio<\/option>\n<\/select>      <\/div>\n      <div class=\"container\">\n        <div class=\"relative min-h-96\">\n          <div class=\"wipcool-loader absolute top-1\/2 left-1\/2 -translate-x-1\/2 -translate-y-1\/2 z-10\"><\/div>\n          <div id=\"articles-grid\" class=\"article-list__content\"><\/div>\n        <\/div>\n              <\/div>\n    <\/section>\n  \n\n\n<p><\/p>\n","protected":false},"excerpt":{"rendered":"","protected":false},"author":1,"featured_media":0,"parent":0,"menu_order":0,"comment_status":"closed","ping_status":"closed","template":"","meta":{"_acf_changed":false,"footnotes":""},"class_list":["post-902","page","type-page","status-publish","hentry"],"acf":[],"yoast_head":"<!-- This site is optimized with the Yoast SEO plugin v25.9 - https:\/\/yoast.com\/wordpress\/plugins\/seo\/ -->\n<title>Wipcool blogas \u2013 naujienos, patarimai ir sprendimai HVAC\/R srityje | Wipcool<\/title>\n<meta name=\"description\" content=\"Apsilankykite Wipcool tinklara\u0161tyje ir su\u017einokite daugiau apie naujausius produktus, valymo sprendimus bei \u0161ilumos siurbli\u0173 prie\u017ei\u016br\u0105.\" \/>\n<meta name=\"robots\" content=\"index, follow, max-snippet:-1, max-image-preview:large, max-video-preview:-1\" \/>\n<link rel=\"canonical\" href=\"https:\/\/wipcool.pl\/lt\/blogas\/\" \/>\n<meta property=\"og:locale\" content=\"lt_LT\" \/>\n<meta property=\"og:type\" content=\"article\" \/>\n<meta property=\"og:title\" content=\"Wipcool blogas \u2013 naujienos, patarimai ir sprendimai HVAC\/R srityje | Wipcool\" \/>\n<meta property=\"og:description\" content=\"Apsilankykite Wipcool tinklara\u0161tyje ir su\u017einokite daugiau apie naujausius produktus, valymo sprendimus bei \u0161ilumos siurbli\u0173 prie\u017ei\u016br\u0105.\" \/>\n<meta property=\"og:url\" content=\"https:\/\/wipcool.pl\/lt\/blogas\/\" \/>\n<meta property=\"og:site_name\" content=\"Wipcool\" \/>\n<meta property=\"article:modified_time\" content=\"2025-05-30T10:22:38+00:00\" \/>\n<meta name=\"twitter:card\" content=\"summary_large_image\" \/>\n<script type=\"application\/ld+json\" class=\"yoast-schema-graph\">{\"@context\":\"https:\/\/schema.org\",\"@graph\":[{\"@type\":\"WebPage\",\"@id\":\"https:\/\/wipcool.pl\/lt\/blogas\/\",\"url\":\"https:\/\/wipcool.pl\/lt\/blogas\/\",\"name\":\"Wipcool blogas \u2013 naujienos, patarimai ir sprendimai HVAC\/R srityje | Wipcool\",\"isPartOf\":{\"@id\":\"https:\/\/wipcool.pl\/#website\"},\"datePublished\":\"2024-07-23T10:09:46+00:00\",\"dateModified\":\"2025-05-30T10:22:38+00:00\",\"description\":\"Apsilankykite Wipcool tinklara\u0161tyje ir su\u017einokite daugiau apie naujausius produktus, valymo sprendimus bei \u0161ilumos siurbli\u0173 prie\u017ei\u016br\u0105.\",\"breadcrumb\":{\"@id\":\"https:\/\/wipcool.pl\/lt\/blogas\/#breadcrumb\"},\"inLanguage\":\"lt-LT\",\"potentialAction\":[{\"@type\":\"ReadAction\",\"target\":[\"https:\/\/wipcool.pl\/lt\/blogas\/\"]}]},{\"@type\":\"BreadcrumbList\",\"@id\":\"https:\/\/wipcool.pl\/lt\/blogas\/#breadcrumb\",\"itemListElement\":[{\"@type\":\"ListItem\",\"position\":1,\"name\":\"Strona g\u0142\u00f3wna\",\"item\":\"https:\/\/wipcool.pl\/lt\/\"},{\"@type\":\"ListItem\",\"position\":2,\"name\":\"Blogas\"}]},{\"@type\":\"WebSite\",\"@id\":\"https:\/\/wipcool.pl\/#website\",\"url\":\"https:\/\/wipcool.pl\/\",\"name\":\"Wipcool\",\"description\":\"\",\"potentialAction\":[{\"@type\":\"SearchAction\",\"target\":{\"@type\":\"EntryPoint\",\"urlTemplate\":\"https:\/\/wipcool.pl\/?s={search_term_string}\"},\"query-input\":{\"@type\":\"PropertyValueSpecification\",\"valueRequired\":true,\"valueName\":\"search_term_string\"}}],\"inLanguage\":\"lt-LT\"}]}<\/script>\n<!-- \/ Yoast SEO plugin. -->","yoast_head_json":{"title":"Wipcool blogas \u2013 naujienos, patarimai ir sprendimai HVAC\/R srityje | Wipcool","description":"Apsilankykite Wipcool tinklara\u0161tyje ir su\u017einokite daugiau apie naujausius produktus, valymo sprendimus bei \u0161ilumos siurbli\u0173 prie\u017ei\u016br\u0105.","robots":{"index":"index","follow":"follow","max-snippet":"max-snippet:-1","max-image-preview":"max-image-preview:large","max-video-preview":"max-video-preview:-1"},"canonical":"https:\/\/wipcool.pl\/lt\/blogas\/","og_locale":"lt_LT","og_type":"article","og_title":"Wipcool blogas \u2013 naujienos, patarimai ir sprendimai HVAC\/R srityje | Wipcool","og_description":"Apsilankykite Wipcool tinklara\u0161tyje ir su\u017einokite daugiau apie naujausius produktus, valymo sprendimus bei \u0161ilumos siurbli\u0173 prie\u017ei\u016br\u0105.","og_url":"https:\/\/wipcool.pl\/lt\/blogas\/","og_site_name":"Wipcool","article_modified_time":"2025-05-30T10:22:38+00:00","twitter_card":"summary_large_image","schema":{"@context":"https:\/\/schema.org","@graph":[{"@type":"WebPage","@id":"https:\/\/wipcool.pl\/lt\/blogas\/","url":"https:\/\/wipcool.pl\/lt\/blogas\/","name":"Wipcool blogas \u2013 naujienos, patarimai ir sprendimai HVAC\/R srityje | Wipcool","isPartOf":{"@id":"https:\/\/wipcool.pl\/#website"},"datePublished":"2024-07-23T10:09:46+00:00","dateModified":"2025-05-30T10:22:38+00:00","description":"Apsilankykite Wipcool tinklara\u0161tyje ir su\u017einokite daugiau apie naujausius produktus, valymo sprendimus bei \u0161ilumos siurbli\u0173 prie\u017ei\u016br\u0105.","breadcrumb":{"@id":"https:\/\/wipcool.pl\/lt\/blogas\/#breadcrumb"},"inLanguage":"lt-LT","potentialAction":[{"@type":"ReadAction","target":["https:\/\/wipcool.pl\/lt\/blogas\/"]}]},{"@type":"BreadcrumbList","@id":"https:\/\/wipcool.pl\/lt\/blogas\/#breadcrumb","itemListElement":[{"@type":"ListItem","position":1,"name":"Strona g\u0142\u00f3wna","item":"https:\/\/wipcool.pl\/lt\/"},{"@type":"ListItem","position":2,"name":"Blogas"}]},{"@type":"WebSite","@id":"https:\/\/wipcool.pl\/#website","url":"https:\/\/wipcool.pl\/","name":"Wipcool","description":"","potentialAction":[{"@type":"SearchAction","target":{"@type":"EntryPoint","urlTemplate":"https:\/\/wipcool.pl\/?s={search_term_string}"},"query-input":{"@type":"PropertyValueSpecification","valueRequired":true,"valueName":"search_term_string"}}],"inLanguage":"lt-LT"}]}},"_links":{"self":[{"href":"https:\/\/wipcool.pl\/lt\/wp-json\/wp\/v2\/pages\/902","targetHints":{"allow":["GET"]}}],"collection":[{"href":"https:\/\/wipcool.pl\/lt\/wp-json\/wp\/v2\/pages"}],"about":[{"href":"https:\/\/wipcool.pl\/lt\/wp-json\/wp\/v2\/types\/page"}],"author":[{"embeddable":true,"href":"https:\/\/wipcool.pl\/lt\/wp-json\/wp\/v2\/users\/1"}],"replies":[{"embeddable":true,"href":"https:\/\/wipcool.pl\/lt\/wp-json\/wp\/v2\/comments?post=902"}],"version-history":[{"count":1,"href":"https:\/\/wipcool.pl\/lt\/wp-json\/wp\/v2\/pages\/902\/revisions"}],"predecessor-version":[{"id":6047,"href":"https:\/\/wipcool.pl\/lt\/wp-json\/wp\/v2\/pages\/902\/revisions\/6047"}],"wp:attachment":[{"href":"https:\/\/wipcool.pl\/lt\/wp-json\/wp\/v2\/media?parent=902"}],"curies":[{"name":"wp","href":"https:\/\/api.w.org\/{rel}","templated":true}]}}