{"id":1026,"date":"2024-07-25T23:07:29","date_gmt":"2024-07-25T21:07:29","guid":{"rendered":"https:\/\/wipcool.pl\/meist\/"},"modified":"2025-05-30T12:03:52","modified_gmt":"2025-05-30T10:03:52","slug":"meist","status":"publish","type":"page","link":"https:\/\/wipcool.pl\/et\/meist\/","title":{"rendered":"Meist"},"content":{"rendered":"\n<section>\n  <div class=\"container\">\n    <div class=\"grid grid-cols-12 gap-y-8 sm:gap-8\">\n      <div class=\"col-span-12 md:col-span-6\">\n        <img loading=\"lazy\" decoding=\"async\" width=\"792\" height=\"534\" src=\"https:\/\/wipcool.pl\/wp-content\/uploads\/2024\/07\/O-nas.png\" class=\"rounded-[15px] aspect-[640\/608] object-cover\" alt=\"\" srcset=\"https:\/\/wipcool.pl\/wp-content\/uploads\/2024\/07\/O-nas.png 792w, https:\/\/wipcool.pl\/wp-content\/uploads\/2024\/07\/O-nas-600x405.png 600w, https:\/\/wipcool.pl\/wp-content\/uploads\/2024\/07\/O-nas-300x202.png 300w, https:\/\/wipcool.pl\/wp-content\/uploads\/2024\/07\/O-nas-768x518.png 768w\" sizes=\"auto, (max-width: 792px) 100vw, 792px\" \/>      <\/div>\n\n      <div class=\"col-span-12 md:col-span-6\">\n        <div class=\"flex flex-col justify-center h-full space-y-2 sm:space-y-4\">\n          <h2 class=\"lg:text-4xl font-semibold leading-tight\">\n            Meist          <\/h2>\n          <div class=\"prose space-y-2 sm:space-y-4 max-w-full transition-all prose-headings:text-primary prose-headings:font-semibold prose-h3:text-3xl prose-h4:text-2xl prose-h5:text-xl prose-h6:text-lg prose-p:text-primary prose-a:text-primary prose-a:underline hover:prose-a:text-accent-1 prose-ul:list-[square] prose-ul:text-primary prose-ol:text-primary prose-li:marker:text-primary leading-normal\">\n            <p>Ettev\u00f5te WIPCOOL, asutatud 2011. aastal, on juhtiv k\u00f5rge tehnoloogia valdkonnas, spetsialiseerudes kondensaatide eemaldamise pumpade ja HVAC-s\u00fcsteemide hooldus- ja paigaldust\u00f6\u00f6riistade tootmisele. Omame \u00fcle 20 riikliku patendi ja m\u00fc\u00fcgiv\u00f5rgustikku 73 riigis, teenindades 5 tuntud kliimaseadmete br\u00e4ndi. Meie edasij\u00f5udnud tehnoloogia ja ranget juhtimiss\u00fcsteem tagavad k\u00f5rge kvaliteedi. Keskendume uuendustele, usaldusv\u00e4\u00e4rsusele ja l\u00fchikestele tarnet\u00e4htp\u00e4evadele, pakkudes meie klientidele parimaid lahendusi.<\/p>\n<p>Meie eesm\u00e4rk on pidevalt \u00fcllatada kliente WIPCOOLi seadmete tipptasemel kvaliteediga. Koost\u00f6\u00f6s spetsialiseeritud poodidega loome p\u00fcsivaid ja usaldusv\u00e4\u00e4rseid suhteid klientidega. Soovime, et iga\u00fcks, kes valib meie tooted, oleks mitte ainult rahul, vaid ka usaldaks meie br\u00e4ndi. Usume, et iga seade on sama usaldusv\u00e4\u00e4rne kui selle teenindus, seet\u00f5ttu pakume pikaajalist garantiid ja v\u00f5imalust meie toodete remontimiseks.<\/p>\n \n          <\/div>\n                  <\/div>\n      <\/div>\n    <\/div>\n  <\/div>\n<\/section>\n\n\n<section class=\"banner-with-icons\">\n  <div class=\"banner-with-icons__bg\" style=\"background-image: url(https:\/\/wipcool.pl\/wp-content\/uploads\/2024\/07\/Section-2-Product-Features.jpg)\">\n    <div class=\"container\">\n      <div class=\"grid grid-cols-1 lg:grid-cols-3 lg:gap-16\">\n        <div class=\"banner-with-icons__content\">\n          <span class=\"block mb-4\">MEIST<\/span>\n          <h2 class=\"font-semibold text-lg md:text-xl lg:text-2xl xl:text-3xl mb-4\">\n            Pakume parimaid lahendusi meie klientidele \u00fcle kogu maailma.          <\/h2>\n          <p class=\"mb-8\">\n                      <\/p>\n                      <a href=\"https:\/\/www.wp.pl\/\" target=\"_self\" class=\"btn btn--primary\">\n              Tutvu meie toodetega            <\/a>\n                  <\/div>\n        <div class=\"col-span-2\">\n                      <div class=\"grid grid-cols-1 sm:grid-cols-3 gap-4 xl:gap-10 py-4\">\n                              <div class=\"border border-secondary rounded-[10px] py-8 px-4 flex flex-col items-center text-white\">\n                  <div class=\"w-12 h-12 flex justify-center items-center mb-4\">\n                    <img loading=\"lazy\" decoding=\"async\" width=\"97\" height=\"96\" src=\"https:\/\/wipcool.pl\/wp-content\/uploads\/2024\/08\/Icons-two-color-5.png\" class=\"attachment-full size-full\" alt=\"\" \/>                  <\/div>\n                  <h3 class=\"md:text-lg text-center font-medium mb-0\">\n                    Kiirus<br \/>\r\nja T\u00f5husus                  <\/h3>\n                  <p class=\"text-center text-sm font-medium\">\n                                      <\/p>\n                <\/div>\n                              <div class=\"border border-secondary rounded-[10px] py-8 px-4 flex flex-col items-center text-white\">\n                  <div class=\"w-12 h-12 flex justify-center items-center mb-4\">\n                    <img loading=\"lazy\" decoding=\"async\" width=\"97\" height=\"96\" src=\"https:\/\/wipcool.pl\/wp-content\/uploads\/2024\/08\/Group-1.png\" class=\"attachment-full size-full\" alt=\"\" \/>                  <\/div>\n                  <h3 class=\"md:text-lg text-center font-medium mb-0\">\n                    Usaldusv\u00e4\u00e4rsus<br \/>\r\nja P\u00fchendumus                  <\/h3>\n                  <p class=\"text-center text-sm font-medium\">\n                                      <\/p>\n                <\/div>\n                              <div class=\"border border-secondary rounded-[10px] py-8 px-4 flex flex-col items-center text-white\">\n                  <div class=\"w-12 h-12 flex justify-center items-center mb-4\">\n                    <img loading=\"lazy\" decoding=\"async\" width=\"97\" height=\"96\" src=\"https:\/\/wipcool.pl\/wp-content\/uploads\/2024\/08\/Frame-1.png\" class=\"attachment-full size-full\" alt=\"\" \/>                  <\/div>\n                  <h3 class=\"md:text-lg text-center font-medium mb-0\">\n                    Kvaliteet<br \/>\r\nja T\u00e4psus                  <\/h3>\n                  <p class=\"text-center text-sm font-medium\">\n                                      <\/p>\n                <\/div>\n                          <\/div>\n                  <\/div>\n      <\/div>\n    <\/div>\n  <\/div>\n<\/section>\n\n\n<section>\n  <div class=\"container\">\n    <div class=\"grid grid-cols-1 md:grid-cols-2 md:gap-16\">\n      <div>\n        <img loading=\"lazy\" decoding=\"async\" width=\"633\" height=\"612\" src=\"https:\/\/wipcool.pl\/wp-content\/uploads\/2024\/07\/Object-Photo.png\" class=\"rounded-[10px] mb-8 md:mb-0\" alt=\"\" srcset=\"https:\/\/wipcool.pl\/wp-content\/uploads\/2024\/07\/Object-Photo.png 633w, https:\/\/wipcool.pl\/wp-content\/uploads\/2024\/07\/Object-Photo-600x580.png 600w, https:\/\/wipcool.pl\/wp-content\/uploads\/2024\/07\/Object-Photo-300x290.png 300w\" sizes=\"auto, (max-width: 633px) 100vw, 633px\" \/>      <\/div>\n      <div>\n        <h2 class=\"font-normal text-xl md:text-2xl lg:text-3xl xl:text-4xl mb-8 md:mb-14\">K\u00fcsimused ja vastused<\/h2>\n                  <div class=\"accordions accordion-container\">\n                          <div class=\"ac\">\n                <h3 class=\"ac-header text-base lg:text-lg xl:text-lg font-normal\">\n                  <button type=\"button\" class=\"ac-trigger\">\n                    Kui pikk on WIPCOOLi toodete garantii?                  <\/button>\n                <\/h3>\n                <div class=\"ac-panel\">\n                  <p>Garantii kestus s\u00f5ltub toote t\u00fc\u00fcbist ja on 12 kuni 24 kuud alates ostukuup\u00e4evast, kuid mitte rohkem kui 30 kuud esmasest m\u00fc\u00fcgist ettev\u00f5tte 4REF sp. z o.o. poolt.<\/p>\n                <\/div>\n              <\/div>\n                          <div class=\"ac\">\n                <h3 class=\"ac-header text-base lg:text-lg xl:text-lg font-normal\">\n                  <button type=\"button\" class=\"ac-trigger\">\n                    Kust ma saan leida l\u00e4himat jaoturit oma piirkonnas?                  <\/button>\n                <\/h3>\n                <div class=\"ac-panel\">\n                  <p>L\u00e4hima jaoturi leidmiseks palun k\u00fclastage meie veebisaidil olevat \u201eJaoturid\u201d sektsiooni.<\/p>\n                <\/div>\n              <\/div>\n                          <div class=\"ac\">\n                <h3 class=\"ac-header text-base lg:text-lg xl:text-lg font-normal\">\n                  <button type=\"button\" class=\"ac-trigger\">\n                    Kas WIPCOOL pakub n\u00f5uandeid oma toodete kohta?                  <\/button>\n                <\/h3>\n                <div class=\"ac-panel\">\n                  <p>Jah, n\u00f5uandeid meie toodete kohta saab leida meie blogi artiklitest.<\/p>\n                <\/div>\n              <\/div>\n                          <div class=\"ac\">\n                <h3 class=\"ac-header text-base lg:text-lg xl:text-lg font-normal\">\n                  <button type=\"button\" class=\"ac-trigger\">\n                    Kui suur on saatmiskulud garantiin\u00f5ude esitamisel?                  <\/button>\n                <\/h3>\n                <div class=\"ac-panel\">\n                  <p>P\u00f5hjendatud garantiin\u00f5ude esitamisel katab saatmiskulud ettev\u00f5te WIPCOOL.<\/p>\n                <\/div>\n              <\/div>\n                      <\/div>\n              <\/div>\n    <\/div>\n  <\/div>\n<\/section>","protected":false},"excerpt":{"rendered":"","protected":false},"author":1,"featured_media":0,"parent":0,"menu_order":0,"comment_status":"closed","ping_status":"closed","template":"","meta":{"_acf_changed":false,"footnotes":""},"class_list":["post-1026","page","type-page","status-publish","hentry"],"acf":[],"yoast_head":"<!-- This site is optimized with the Yoast SEO plugin v25.9 - https:\/\/yoast.com\/wordpress\/plugins\/seo\/ -->\n<title>Meist \u2013 HVAC tehnoloogia liider | Wipcool<\/title>\n<meta name=\"description\" content=\"Tutvu Wipcooliga \u2013 HVAC valdkonna tehnoloogialiider, mis on spetsialiseerunud kondensaadipumpadele ja hooldus- ning paigaldust\u00f6\u00f6riistadele.\" \/>\n<meta name=\"robots\" content=\"index, follow, max-snippet:-1, max-image-preview:large, max-video-preview:-1\" \/>\n<link rel=\"canonical\" href=\"https:\/\/wipcool.pl\/et\/meist\/\" \/>\n<meta property=\"og:locale\" content=\"et_EE\" \/>\n<meta property=\"og:type\" content=\"article\" \/>\n<meta property=\"og:title\" content=\"Meist \u2013 HVAC tehnoloogia liider | Wipcool\" \/>\n<meta property=\"og:description\" content=\"Tutvu Wipcooliga \u2013 HVAC valdkonna tehnoloogialiider, mis on spetsialiseerunud kondensaadipumpadele ja hooldus- ning paigaldust\u00f6\u00f6riistadele.\" \/>\n<meta property=\"og:url\" content=\"https:\/\/wipcool.pl\/et\/meist\/\" \/>\n<meta property=\"og:site_name\" content=\"Wipcool\" \/>\n<meta property=\"article:modified_time\" content=\"2025-05-30T10:03:52+00:00\" \/>\n<meta name=\"twitter:card\" content=\"summary_large_image\" \/>\n<script type=\"application\/ld+json\" class=\"yoast-schema-graph\">{\"@context\":\"https:\/\/schema.org\",\"@graph\":[{\"@type\":\"WebPage\",\"@id\":\"https:\/\/wipcool.pl\/et\/meist\/\",\"url\":\"https:\/\/wipcool.pl\/et\/meist\/\",\"name\":\"Meist \u2013 HVAC tehnoloogia liider | Wipcool\",\"isPartOf\":{\"@id\":\"https:\/\/wipcool.pl\/#website\"},\"datePublished\":\"2024-07-25T21:07:29+00:00\",\"dateModified\":\"2025-05-30T10:03:52+00:00\",\"description\":\"Tutvu Wipcooliga \u2013 HVAC valdkonna tehnoloogialiider, mis on spetsialiseerunud kondensaadipumpadele ja hooldus- ning paigaldust\u00f6\u00f6riistadele.\",\"breadcrumb\":{\"@id\":\"https:\/\/wipcool.pl\/et\/meist\/#breadcrumb\"},\"inLanguage\":\"et\",\"potentialAction\":[{\"@type\":\"ReadAction\",\"target\":[\"https:\/\/wipcool.pl\/et\/meist\/\"]}]},{\"@type\":\"BreadcrumbList\",\"@id\":\"https:\/\/wipcool.pl\/et\/meist\/#breadcrumb\",\"itemListElement\":[{\"@type\":\"ListItem\",\"position\":1,\"name\":\"Strona g\u0142\u00f3wna\",\"item\":\"https:\/\/wipcool.pl\/et\/\"},{\"@type\":\"ListItem\",\"position\":2,\"name\":\"Meist\"}]},{\"@type\":\"WebSite\",\"@id\":\"https:\/\/wipcool.pl\/#website\",\"url\":\"https:\/\/wipcool.pl\/\",\"name\":\"Wipcool\",\"description\":\"\",\"potentialAction\":[{\"@type\":\"SearchAction\",\"target\":{\"@type\":\"EntryPoint\",\"urlTemplate\":\"https:\/\/wipcool.pl\/?s={search_term_string}\"},\"query-input\":{\"@type\":\"PropertyValueSpecification\",\"valueRequired\":true,\"valueName\":\"search_term_string\"}}],\"inLanguage\":\"et\"}]}<\/script>\n<!-- \/ Yoast SEO plugin. -->","yoast_head_json":{"title":"Meist \u2013 HVAC tehnoloogia liider | Wipcool","description":"Tutvu Wipcooliga \u2013 HVAC valdkonna tehnoloogialiider, mis on spetsialiseerunud kondensaadipumpadele ja hooldus- ning paigaldust\u00f6\u00f6riistadele.","robots":{"index":"index","follow":"follow","max-snippet":"max-snippet:-1","max-image-preview":"max-image-preview:large","max-video-preview":"max-video-preview:-1"},"canonical":"https:\/\/wipcool.pl\/et\/meist\/","og_locale":"et_EE","og_type":"article","og_title":"Meist \u2013 HVAC tehnoloogia liider | Wipcool","og_description":"Tutvu Wipcooliga \u2013 HVAC valdkonna tehnoloogialiider, mis on spetsialiseerunud kondensaadipumpadele ja hooldus- ning paigaldust\u00f6\u00f6riistadele.","og_url":"https:\/\/wipcool.pl\/et\/meist\/","og_site_name":"Wipcool","article_modified_time":"2025-05-30T10:03:52+00:00","twitter_card":"summary_large_image","schema":{"@context":"https:\/\/schema.org","@graph":[{"@type":"WebPage","@id":"https:\/\/wipcool.pl\/et\/meist\/","url":"https:\/\/wipcool.pl\/et\/meist\/","name":"Meist \u2013 HVAC tehnoloogia liider | Wipcool","isPartOf":{"@id":"https:\/\/wipcool.pl\/#website"},"datePublished":"2024-07-25T21:07:29+00:00","dateModified":"2025-05-30T10:03:52+00:00","description":"Tutvu Wipcooliga \u2013 HVAC valdkonna tehnoloogialiider, mis on spetsialiseerunud kondensaadipumpadele ja hooldus- ning paigaldust\u00f6\u00f6riistadele.","breadcrumb":{"@id":"https:\/\/wipcool.pl\/et\/meist\/#breadcrumb"},"inLanguage":"et","potentialAction":[{"@type":"ReadAction","target":["https:\/\/wipcool.pl\/et\/meist\/"]}]},{"@type":"BreadcrumbList","@id":"https:\/\/wipcool.pl\/et\/meist\/#breadcrumb","itemListElement":[{"@type":"ListItem","position":1,"name":"Strona g\u0142\u00f3wna","item":"https:\/\/wipcool.pl\/et\/"},{"@type":"ListItem","position":2,"name":"Meist"}]},{"@type":"WebSite","@id":"https:\/\/wipcool.pl\/#website","url":"https:\/\/wipcool.pl\/","name":"Wipcool","description":"","potentialAction":[{"@type":"SearchAction","target":{"@type":"EntryPoint","urlTemplate":"https:\/\/wipcool.pl\/?s={search_term_string}"},"query-input":{"@type":"PropertyValueSpecification","valueRequired":true,"valueName":"search_term_string"}}],"inLanguage":"et"}]}},"_links":{"self":[{"href":"https:\/\/wipcool.pl\/et\/wp-json\/wp\/v2\/pages\/1026","targetHints":{"allow":["GET"]}}],"collection":[{"href":"https:\/\/wipcool.pl\/et\/wp-json\/wp\/v2\/pages"}],"about":[{"href":"https:\/\/wipcool.pl\/et\/wp-json\/wp\/v2\/types\/page"}],"author":[{"embeddable":true,"href":"https:\/\/wipcool.pl\/et\/wp-json\/wp\/v2\/users\/1"}],"replies":[{"embeddable":true,"href":"https:\/\/wipcool.pl\/et\/wp-json\/wp\/v2\/comments?post=1026"}],"version-history":[{"count":1,"href":"https:\/\/wipcool.pl\/et\/wp-json\/wp\/v2\/pages\/1026\/revisions"}],"predecessor-version":[{"id":6032,"href":"https:\/\/wipcool.pl\/et\/wp-json\/wp\/v2\/pages\/1026\/revisions\/6032"}],"wp:attachment":[{"href":"https:\/\/wipcool.pl\/et\/wp-json\/wp\/v2\/media?parent=1026"}],"curies":[{"name":"wp","href":"https:\/\/api.w.org\/{rel}","templated":true}]}}