{"id":1022,"date":"2024-07-26T21:16:44","date_gmt":"2024-07-26T19:16:44","guid":{"rendered":"https:\/\/wipcool.pl\/kontakt\/"},"modified":"2025-05-30T12:02:12","modified_gmt":"2025-05-30T10:02:12","slug":"kontakt","status":"publish","type":"page","link":"https:\/\/wipcool.pl\/et\/kontakt\/","title":{"rendered":"Kontakt"},"content":{"rendered":"\n<section>\n  <div class=\"container\">\n    <div class=\"relative grid grid-cols-12 gap-y-12 z-10\">\n      <div class=\"col-span-12 lg:-col-start-12 lg:col-span-4\">\n        <div class=\"h-full flex flex-col justify-center\">\n          <h1 class=\"font-semibold mb-4\">Kontakt<\/h1>\n          <p class=\"mb-8\">K\u00fcsimusi v\u00f5i soovite rohkem teada meie pakkumistest? Ootame teie kontakte telefoni, e-posti v\u00f5i kontaktvormi kaudu.<\/p>\n                      <div class=\"flex flex-col gap-8\">\n                              <div>\n                  <h2 class=\"text-base md:text-lg lg:text-xl font-medium uppercase mb-4\">\n                    TUGI                  <\/h2>\n                                      <div class=\"grid grid-cols-1 sm:grid-cols-2 gap-4 sm:gap-2\">\n                                              <div class=\"flex items-center gap-2\">\n                          <img decoding=\"async\" src=\"https:\/\/wipcool.pl\/wp-content\/themes\/wipcool-i3\/assets\/img\/ico-email.svg\" alt=\"\" \/>\n                                                      <a\n                              href=\"mailto:info@wipcool.pl\"\n                              class=\"text-base sm:text-xl text-primary font-medium hover:text-accent-1 transition-colors\"\n                            >\n                              info@wipcool.pl                            <\/a>\n                                                  <\/div>\n                                              <div class=\"flex items-center gap-2\">\n                          <img decoding=\"async\" src=\"https:\/\/wipcool.pl\/wp-content\/themes\/wipcool-i3\/assets\/img\/ico-phone.svg\" alt=\"\" \/>\n                                                      <a\n                              href=\"tel:+48602427270\"\n                              class=\"text-base sm:text-xl text-primary font-medium hover:text-accent-1 transition-colors\"\n                            >\n                              +48602427270                            <\/a>\n                                                  <\/div>\n                                          <\/div>\n                                  <\/div>\n                              <div>\n                  <h2 class=\"text-base md:text-lg lg:text-xl font-medium uppercase mb-4\">\n                    M\u00dc\u00dcK                  <\/h2>\n                                      <div class=\"grid grid-cols-1 sm:grid-cols-2 gap-4 sm:gap-2\">\n                                              <div class=\"flex items-center gap-2\">\n                          <img decoding=\"async\" src=\"https:\/\/wipcool.pl\/wp-content\/themes\/wipcool-i3\/assets\/img\/ico-email.svg\" alt=\"\" \/>\n                                                      <a\n                              href=\"mailto:info@wipcool.pl\"\n                              class=\"text-base sm:text-xl text-primary font-medium hover:text-accent-1 transition-colors\"\n                            >\n                              info@wipcool.pl                            <\/a>\n                                                  <\/div>\n                                              <div class=\"flex items-center gap-2\">\n                          <img decoding=\"async\" src=\"https:\/\/wipcool.pl\/wp-content\/themes\/wipcool-i3\/assets\/img\/ico-phone.svg\" alt=\"\" \/>\n                                                      <a\n                              href=\"tel:+48602427270\"\n                              class=\"text-base sm:text-xl text-primary font-medium hover:text-accent-1 transition-colors\"\n                            >\n                              +48602427270                            <\/a>\n                                                  <\/div>\n                                          <\/div>\n                                  <\/div>\n                          <\/div>\n                   <\/div>\n      <\/div>\n      <div class=\"col-start-1 lg:col-start-7 col-span-12 lg:col-span-5\">\n        <div class=\"p-4 sm:px-10 sm:py-8 rounded shadow-wipcool bg-white\">\n          <div class=\"mb-10\">\n            <h5 class=\"font-semibold text-accent-1\">Kirjuta meile<\/h5>\n            <p class=\"text-sm\">K\u00fcsimuste v\u00f5i kahtluste korral v\u00f5tke meiega \u00fchendust<\/p>\n          <\/div>\n          <div class=\"contact-form\">\n            \n<div class=\"wpcf7 no-js\" id=\"wpcf7-f6004-o1\" lang=\"et\" dir=\"ltr\" data-wpcf7-id=\"6004\">\n<div class=\"screen-reader-response\"><p role=\"status\" aria-live=\"polite\" aria-atomic=\"true\"><\/p> <ul><\/ul><\/div>\n<form action=\"\/et\/wp-json\/wp\/v2\/pages\/1022#wpcf7-f6004-o1\" method=\"post\" class=\"wpcf7-form init\" aria-label=\"Contact form\" novalidate=\"novalidate\" data-status=\"init\">\n<fieldset class=\"hidden-fields-container\"><input type=\"hidden\" name=\"_wpcf7\" value=\"6004\" \/><input type=\"hidden\" name=\"_wpcf7_version\" value=\"6.1.5\" \/><input type=\"hidden\" name=\"_wpcf7_locale\" value=\"et\" \/><input type=\"hidden\" name=\"_wpcf7_unit_tag\" value=\"wpcf7-f6004-o1\" \/><input type=\"hidden\" name=\"_wpcf7_container_post\" value=\"0\" \/><input type=\"hidden\" name=\"_wpcf7_posted_data_hash\" value=\"\" \/><input type=\"hidden\" name=\"_wpcf7_recaptcha_response\" value=\"\" \/>\n<\/fieldset>\n<p><label> Nimi* <span class=\"wpcf7-form-control-wrap\" data-name=\"your-name\"><input size=\"40\" maxlength=\"400\" class=\"wpcf7-form-control wpcf7-text wpcf7-validates-as-required\" autocomplete=\"name\" aria-required=\"true\" aria-invalid=\"false\" value=\"\" type=\"text\" name=\"your-name\" \/><\/span> <\/label>\n<\/p>\n<p><label> E-post* <span class=\"wpcf7-form-control-wrap\" data-name=\"your-email\"><input size=\"40\" maxlength=\"400\" class=\"wpcf7-form-control wpcf7-email wpcf7-validates-as-required wpcf7-text wpcf7-validates-as-email\" autocomplete=\"email\" aria-required=\"true\" aria-invalid=\"false\" value=\"\" type=\"email\" name=\"your-email\" \/><\/span> <\/label>\n<\/p>\n<p><label> Telefoninumber* <span class=\"wpcf7-form-control-wrap\" data-name=\"your-tel\"><input size=\"40\" maxlength=\"400\" class=\"wpcf7-form-control wpcf7-tel wpcf7-validates-as-required wpcf7-text wpcf7-validates-as-tel\" autocomplete=\"phone\" aria-required=\"true\" aria-invalid=\"false\" value=\"\" type=\"tel\" name=\"your-tel\" \/><\/span> <\/label>\n<\/p>\n<p><label> Teie s\u00f5num <span class=\"wpcf7-form-control-wrap\" data-name=\"your-message\"><textarea cols=\"40\" rows=\"10\" maxlength=\"2000\" class=\"wpcf7-form-control wpcf7-textarea\" aria-invalid=\"false\" name=\"your-message\"><\/textarea><\/span> <\/label>\n<\/p>\n<p><input class=\"wpcf7-form-control wpcf7-submit has-spinner\" type=\"submit\" value=\"Saada\" \/>\n<\/p><div class=\"wpcf7-response-output\" aria-hidden=\"true\"><\/div>\n<\/form>\n<\/div>\n          <\/div>\n        <\/div>\n      <\/div>\n    <\/div>\n    <div class=\"mt-8 lg:-mt-16\">\n      <iframe\n        src=\"https:\/\/www.google.com\/maps\/embed?pb=!1m18!1m12!1m3!1d1198.0209711804634!2d23.11264443750762!3d53.091481693761914!2m3!1f0!2f0!3f0!3m2!1i1024!2i768!4f13.1!3m3!1m2!1s0x471ffbce72d26411%3A0x14f366f691c3940a!2sBoles%C5%82awa%20Prusa%207a%2C%2016-001%20Kleosin!5e0!3m2!1spl!2spl!4v1722020048704!5m2!1spl!2spl\"\n        class=\"h-60 sm:h-80 lg:h-96 w-full border-none rounded-lg outline-none\"\n        loading=\"lazy\"\n        referrerpolicy=\"no-referrer-when-downgrade\"\n      ><\/iframe>\n    <\/div>\n  <\/div>\n<\/section>","protected":false},"excerpt":{"rendered":"","protected":false},"author":1,"featured_media":0,"parent":0,"menu_order":0,"comment_status":"closed","ping_status":"closed","template":"","meta":{"_acf_changed":false,"footnotes":""},"class_list":["post-1022","page","type-page","status-publish","hentry"],"acf":[],"yoast_head":"<!-- This site is optimized with the Yoast SEO plugin v25.9 - https:\/\/yoast.com\/wordpress\/plugins\/seo\/ -->\n<title>V\u00f5ta Wipcooliga \u00fchendust \u2013 K\u00fcsi infot! | Wipcool<\/title>\n<meta name=\"description\" content=\"V\u00f5ta Wipcooliga \u00fchendust, et saada teavet meie toodete ja teenuste kohta kliimaseadmete ja soojuspumpade hoolduse valdkonnas. Vaata kontaktandmeid ja t\u00e4ida vorm.\" \/>\n<meta name=\"robots\" content=\"index, follow, max-snippet:-1, max-image-preview:large, max-video-preview:-1\" \/>\n<link rel=\"canonical\" href=\"https:\/\/wipcool.pl\/et\/kontakt\/\" \/>\n<meta property=\"og:locale\" content=\"et_EE\" \/>\n<meta property=\"og:type\" content=\"article\" \/>\n<meta property=\"og:title\" content=\"V\u00f5ta Wipcooliga \u00fchendust \u2013 K\u00fcsi infot! | Wipcool\" \/>\n<meta property=\"og:description\" content=\"V\u00f5ta Wipcooliga \u00fchendust, et saada teavet meie toodete ja teenuste kohta kliimaseadmete ja soojuspumpade hoolduse valdkonnas. Vaata kontaktandmeid ja t\u00e4ida vorm.\" \/>\n<meta property=\"og:url\" content=\"https:\/\/wipcool.pl\/et\/kontakt\/\" \/>\n<meta property=\"og:site_name\" content=\"Wipcool\" \/>\n<meta property=\"article:modified_time\" content=\"2025-05-30T10:02:12+00:00\" \/>\n<meta name=\"twitter:card\" content=\"summary_large_image\" \/>\n<script type=\"application\/ld+json\" class=\"yoast-schema-graph\">{\"@context\":\"https:\/\/schema.org\",\"@graph\":[{\"@type\":\"WebPage\",\"@id\":\"https:\/\/wipcool.pl\/et\/kontakt\/\",\"url\":\"https:\/\/wipcool.pl\/et\/kontakt\/\",\"name\":\"V\u00f5ta Wipcooliga \u00fchendust \u2013 K\u00fcsi infot! | Wipcool\",\"isPartOf\":{\"@id\":\"https:\/\/wipcool.pl\/#website\"},\"datePublished\":\"2024-07-26T19:16:44+00:00\",\"dateModified\":\"2025-05-30T10:02:12+00:00\",\"description\":\"V\u00f5ta Wipcooliga \u00fchendust, et saada teavet meie toodete ja teenuste kohta kliimaseadmete ja soojuspumpade hoolduse valdkonnas. Vaata kontaktandmeid ja t\u00e4ida vorm.\",\"breadcrumb\":{\"@id\":\"https:\/\/wipcool.pl\/et\/kontakt\/#breadcrumb\"},\"inLanguage\":\"et\",\"potentialAction\":[{\"@type\":\"ReadAction\",\"target\":[\"https:\/\/wipcool.pl\/et\/kontakt\/\"]}]},{\"@type\":\"BreadcrumbList\",\"@id\":\"https:\/\/wipcool.pl\/et\/kontakt\/#breadcrumb\",\"itemListElement\":[{\"@type\":\"ListItem\",\"position\":1,\"name\":\"Strona g\u0142\u00f3wna\",\"item\":\"https:\/\/wipcool.pl\/et\/\"},{\"@type\":\"ListItem\",\"position\":2,\"name\":\"Kontakt\"}]},{\"@type\":\"WebSite\",\"@id\":\"https:\/\/wipcool.pl\/#website\",\"url\":\"https:\/\/wipcool.pl\/\",\"name\":\"Wipcool\",\"description\":\"\",\"potentialAction\":[{\"@type\":\"SearchAction\",\"target\":{\"@type\":\"EntryPoint\",\"urlTemplate\":\"https:\/\/wipcool.pl\/?s={search_term_string}\"},\"query-input\":{\"@type\":\"PropertyValueSpecification\",\"valueRequired\":true,\"valueName\":\"search_term_string\"}}],\"inLanguage\":\"et\"}]}<\/script>\n<!-- \/ Yoast SEO plugin. -->","yoast_head_json":{"title":"V\u00f5ta Wipcooliga \u00fchendust \u2013 K\u00fcsi infot! | Wipcool","description":"V\u00f5ta Wipcooliga \u00fchendust, et saada teavet meie toodete ja teenuste kohta kliimaseadmete ja soojuspumpade hoolduse valdkonnas. Vaata kontaktandmeid ja t\u00e4ida vorm.","robots":{"index":"index","follow":"follow","max-snippet":"max-snippet:-1","max-image-preview":"max-image-preview:large","max-video-preview":"max-video-preview:-1"},"canonical":"https:\/\/wipcool.pl\/et\/kontakt\/","og_locale":"et_EE","og_type":"article","og_title":"V\u00f5ta Wipcooliga \u00fchendust \u2013 K\u00fcsi infot! | Wipcool","og_description":"V\u00f5ta Wipcooliga \u00fchendust, et saada teavet meie toodete ja teenuste kohta kliimaseadmete ja soojuspumpade hoolduse valdkonnas. Vaata kontaktandmeid ja t\u00e4ida vorm.","og_url":"https:\/\/wipcool.pl\/et\/kontakt\/","og_site_name":"Wipcool","article_modified_time":"2025-05-30T10:02:12+00:00","twitter_card":"summary_large_image","schema":{"@context":"https:\/\/schema.org","@graph":[{"@type":"WebPage","@id":"https:\/\/wipcool.pl\/et\/kontakt\/","url":"https:\/\/wipcool.pl\/et\/kontakt\/","name":"V\u00f5ta Wipcooliga \u00fchendust \u2013 K\u00fcsi infot! | Wipcool","isPartOf":{"@id":"https:\/\/wipcool.pl\/#website"},"datePublished":"2024-07-26T19:16:44+00:00","dateModified":"2025-05-30T10:02:12+00:00","description":"V\u00f5ta Wipcooliga \u00fchendust, et saada teavet meie toodete ja teenuste kohta kliimaseadmete ja soojuspumpade hoolduse valdkonnas. Vaata kontaktandmeid ja t\u00e4ida vorm.","breadcrumb":{"@id":"https:\/\/wipcool.pl\/et\/kontakt\/#breadcrumb"},"inLanguage":"et","potentialAction":[{"@type":"ReadAction","target":["https:\/\/wipcool.pl\/et\/kontakt\/"]}]},{"@type":"BreadcrumbList","@id":"https:\/\/wipcool.pl\/et\/kontakt\/#breadcrumb","itemListElement":[{"@type":"ListItem","position":1,"name":"Strona g\u0142\u00f3wna","item":"https:\/\/wipcool.pl\/et\/"},{"@type":"ListItem","position":2,"name":"Kontakt"}]},{"@type":"WebSite","@id":"https:\/\/wipcool.pl\/#website","url":"https:\/\/wipcool.pl\/","name":"Wipcool","description":"","potentialAction":[{"@type":"SearchAction","target":{"@type":"EntryPoint","urlTemplate":"https:\/\/wipcool.pl\/?s={search_term_string}"},"query-input":{"@type":"PropertyValueSpecification","valueRequired":true,"valueName":"search_term_string"}}],"inLanguage":"et"}]}},"_links":{"self":[{"href":"https:\/\/wipcool.pl\/et\/wp-json\/wp\/v2\/pages\/1022","targetHints":{"allow":["GET"]}}],"collection":[{"href":"https:\/\/wipcool.pl\/et\/wp-json\/wp\/v2\/pages"}],"about":[{"href":"https:\/\/wipcool.pl\/et\/wp-json\/wp\/v2\/types\/page"}],"author":[{"embeddable":true,"href":"https:\/\/wipcool.pl\/et\/wp-json\/wp\/v2\/users\/1"}],"replies":[{"embeddable":true,"href":"https:\/\/wipcool.pl\/et\/wp-json\/wp\/v2\/comments?post=1022"}],"version-history":[{"count":1,"href":"https:\/\/wipcool.pl\/et\/wp-json\/wp\/v2\/pages\/1022\/revisions"}],"predecessor-version":[{"id":6031,"href":"https:\/\/wipcool.pl\/et\/wp-json\/wp\/v2\/pages\/1022\/revisions\/6031"}],"wp:attachment":[{"href":"https:\/\/wipcool.pl\/et\/wp-json\/wp\/v2\/media?parent=1022"}],"curies":[{"name":"wp","href":"https:\/\/api.w.org\/{rel}","templated":true}]}}