{"id":1010,"date":"2024-07-31T12:22:35","date_gmt":"2024-07-31T10:22:35","guid":{"rendered":"https:\/\/wipcool.pl\/jaoturid\/"},"modified":"2025-05-30T12:11:08","modified_gmt":"2025-05-30T10:11:08","slug":"jaoturid","status":"publish","type":"page","link":"https:\/\/wipcool.pl\/et\/jaoturid\/","title":{"rendered":"Edasim\u00fc\u00fcjad"},"content":{"rendered":"<p>[SUPER-STORE-FINDER]<\/p>\n","protected":false},"excerpt":{"rendered":"","protected":false},"author":1,"featured_media":0,"parent":0,"menu_order":0,"comment_status":"closed","ping_status":"closed","template":"","meta":{"_acf_changed":false,"footnotes":""},"class_list":["post-1010","page","type-page","status-publish","hentry"],"acf":[],"yoast_head":"<!-- This site is optimized with the Yoast SEO plugin v25.9 - https:\/\/yoast.com\/wordpress\/plugins\/seo\/ -->\n<title>Edasim\u00fc\u00fcjad \u2013 HVAC puhastus- ja hooldust\u00f6\u00f6riistad | Wipcool<\/title>\n<meta name=\"description\" content=\"Leia oma piirkonna volitatud Wipcooli edasim\u00fc\u00fcjad. Pakume ligip\u00e4\u00e4su originaaltoodetele ja professionaalsele tehnilisele toele.\" \/>\n<meta name=\"robots\" content=\"index, follow, max-snippet:-1, max-image-preview:large, max-video-preview:-1\" \/>\n<link rel=\"canonical\" href=\"https:\/\/wipcool.pl\/et\/jaoturid\/\" \/>\n<meta property=\"og:locale\" content=\"et_EE\" \/>\n<meta property=\"og:type\" content=\"article\" \/>\n<meta property=\"og:title\" content=\"Edasim\u00fc\u00fcjad \u2013 HVAC puhastus- ja hooldust\u00f6\u00f6riistad | Wipcool\" \/>\n<meta property=\"og:description\" content=\"Leia oma piirkonna volitatud Wipcooli edasim\u00fc\u00fcjad. Pakume ligip\u00e4\u00e4su originaaltoodetele ja professionaalsele tehnilisele toele.\" \/>\n<meta property=\"og:url\" content=\"https:\/\/wipcool.pl\/et\/jaoturid\/\" \/>\n<meta property=\"og:site_name\" content=\"Wipcool\" \/>\n<meta property=\"article:modified_time\" content=\"2025-05-30T10:11:08+00:00\" \/>\n<meta name=\"twitter:card\" content=\"summary_large_image\" \/>\n<meta name=\"twitter:label1\" content=\"Est. reading time\" \/>\n\t<meta name=\"twitter:data1\" content=\"1 minut\" \/>\n<script type=\"application\/ld+json\" class=\"yoast-schema-graph\">{\"@context\":\"https:\/\/schema.org\",\"@graph\":[{\"@type\":\"WebPage\",\"@id\":\"https:\/\/wipcool.pl\/et\/jaoturid\/\",\"url\":\"https:\/\/wipcool.pl\/et\/jaoturid\/\",\"name\":\"Edasim\u00fc\u00fcjad \u2013 HVAC puhastus- ja hooldust\u00f6\u00f6riistad | Wipcool\",\"isPartOf\":{\"@id\":\"https:\/\/wipcool.pl\/#website\"},\"datePublished\":\"2024-07-31T10:22:35+00:00\",\"dateModified\":\"2025-05-30T10:11:08+00:00\",\"description\":\"Leia oma piirkonna volitatud Wipcooli edasim\u00fc\u00fcjad. Pakume ligip\u00e4\u00e4su originaaltoodetele ja professionaalsele tehnilisele toele.\",\"breadcrumb\":{\"@id\":\"https:\/\/wipcool.pl\/et\/jaoturid\/#breadcrumb\"},\"inLanguage\":\"et\",\"potentialAction\":[{\"@type\":\"ReadAction\",\"target\":[\"https:\/\/wipcool.pl\/et\/jaoturid\/\"]}]},{\"@type\":\"BreadcrumbList\",\"@id\":\"https:\/\/wipcool.pl\/et\/jaoturid\/#breadcrumb\",\"itemListElement\":[{\"@type\":\"ListItem\",\"position\":1,\"name\":\"Strona g\u0142\u00f3wna\",\"item\":\"https:\/\/wipcool.pl\/et\/\"},{\"@type\":\"ListItem\",\"position\":2,\"name\":\"Edasim\u00fc\u00fcjad\"}]},{\"@type\":\"WebSite\",\"@id\":\"https:\/\/wipcool.pl\/#website\",\"url\":\"https:\/\/wipcool.pl\/\",\"name\":\"Wipcool\",\"description\":\"\",\"potentialAction\":[{\"@type\":\"SearchAction\",\"target\":{\"@type\":\"EntryPoint\",\"urlTemplate\":\"https:\/\/wipcool.pl\/?s={search_term_string}\"},\"query-input\":{\"@type\":\"PropertyValueSpecification\",\"valueRequired\":true,\"valueName\":\"search_term_string\"}}],\"inLanguage\":\"et\"}]}<\/script>\n<!-- \/ Yoast SEO plugin. -->","yoast_head_json":{"title":"Edasim\u00fc\u00fcjad \u2013 HVAC puhastus- ja hooldust\u00f6\u00f6riistad | Wipcool","description":"Leia oma piirkonna volitatud Wipcooli edasim\u00fc\u00fcjad. Pakume ligip\u00e4\u00e4su originaaltoodetele ja professionaalsele tehnilisele toele.","robots":{"index":"index","follow":"follow","max-snippet":"max-snippet:-1","max-image-preview":"max-image-preview:large","max-video-preview":"max-video-preview:-1"},"canonical":"https:\/\/wipcool.pl\/et\/jaoturid\/","og_locale":"et_EE","og_type":"article","og_title":"Edasim\u00fc\u00fcjad \u2013 HVAC puhastus- ja hooldust\u00f6\u00f6riistad | Wipcool","og_description":"Leia oma piirkonna volitatud Wipcooli edasim\u00fc\u00fcjad. Pakume ligip\u00e4\u00e4su originaaltoodetele ja professionaalsele tehnilisele toele.","og_url":"https:\/\/wipcool.pl\/et\/jaoturid\/","og_site_name":"Wipcool","article_modified_time":"2025-05-30T10:11:08+00:00","twitter_card":"summary_large_image","twitter_misc":{"Est. reading time":"1 minut"},"schema":{"@context":"https:\/\/schema.org","@graph":[{"@type":"WebPage","@id":"https:\/\/wipcool.pl\/et\/jaoturid\/","url":"https:\/\/wipcool.pl\/et\/jaoturid\/","name":"Edasim\u00fc\u00fcjad \u2013 HVAC puhastus- ja hooldust\u00f6\u00f6riistad | Wipcool","isPartOf":{"@id":"https:\/\/wipcool.pl\/#website"},"datePublished":"2024-07-31T10:22:35+00:00","dateModified":"2025-05-30T10:11:08+00:00","description":"Leia oma piirkonna volitatud Wipcooli edasim\u00fc\u00fcjad. Pakume ligip\u00e4\u00e4su originaaltoodetele ja professionaalsele tehnilisele toele.","breadcrumb":{"@id":"https:\/\/wipcool.pl\/et\/jaoturid\/#breadcrumb"},"inLanguage":"et","potentialAction":[{"@type":"ReadAction","target":["https:\/\/wipcool.pl\/et\/jaoturid\/"]}]},{"@type":"BreadcrumbList","@id":"https:\/\/wipcool.pl\/et\/jaoturid\/#breadcrumb","itemListElement":[{"@type":"ListItem","position":1,"name":"Strona g\u0142\u00f3wna","item":"https:\/\/wipcool.pl\/et\/"},{"@type":"ListItem","position":2,"name":"Edasim\u00fc\u00fcjad"}]},{"@type":"WebSite","@id":"https:\/\/wipcool.pl\/#website","url":"https:\/\/wipcool.pl\/","name":"Wipcool","description":"","potentialAction":[{"@type":"SearchAction","target":{"@type":"EntryPoint","urlTemplate":"https:\/\/wipcool.pl\/?s={search_term_string}"},"query-input":{"@type":"PropertyValueSpecification","valueRequired":true,"valueName":"search_term_string"}}],"inLanguage":"et"}]}},"_links":{"self":[{"href":"https:\/\/wipcool.pl\/et\/wp-json\/wp\/v2\/pages\/1010","targetHints":{"allow":["GET"]}}],"collection":[{"href":"https:\/\/wipcool.pl\/et\/wp-json\/wp\/v2\/pages"}],"about":[{"href":"https:\/\/wipcool.pl\/et\/wp-json\/wp\/v2\/types\/page"}],"author":[{"embeddable":true,"href":"https:\/\/wipcool.pl\/et\/wp-json\/wp\/v2\/users\/1"}],"replies":[{"embeddable":true,"href":"https:\/\/wipcool.pl\/et\/wp-json\/wp\/v2\/comments?post=1010"}],"version-history":[{"count":2,"href":"https:\/\/wipcool.pl\/et\/wp-json\/wp\/v2\/pages\/1010\/revisions"}],"predecessor-version":[{"id":6036,"href":"https:\/\/wipcool.pl\/et\/wp-json\/wp\/v2\/pages\/1010\/revisions\/6036"}],"wp:attachment":[{"href":"https:\/\/wipcool.pl\/et\/wp-json\/wp\/v2\/media?parent=1010"}],"curies":[{"name":"wp","href":"https:\/\/api.w.org\/{rel}","templated":true}]}}