{"id":639,"date":"2024-07-26T21:16:44","date_gmt":"2024-07-26T19:16:44","guid":{"rendered":"https:\/\/wipcool.pl\/kontakty\/"},"modified":"2025-05-30T11:10:23","modified_gmt":"2025-05-30T09:10:23","slug":"kontakty","status":"publish","type":"page","link":"https:\/\/wipcool.pl\/cs\/kontakty\/","title":{"rendered":"Kontakty"},"content":{"rendered":"\n<section>\n  <div class=\"container\">\n    <div class=\"relative grid grid-cols-12 gap-y-12 z-10\">\n      <div class=\"col-span-12 lg:-col-start-12 lg:col-span-4\">\n        <div class=\"h-full flex flex-col justify-center\">\n          <h1 class=\"font-semibold mb-4\"> Kontakty<\/h1>\n          <p class=\"mb-8\">M\u00e1te dotaz nebo se chcete dozv\u011bd\u011bt v\u00edce o na\u0161\u00ed nab\u00eddce? Nev\u00e1hejte n\u00e1s kontaktovat telefonicky, e-mailem nebo prost\u0159ednictv\u00edm kontaktn\u00edho formul\u00e1\u0159e.<\/p>\n                      <div class=\"flex flex-col gap-8\">\n                              <div>\n                  <h2 class=\"text-base md:text-lg lg:text-xl font-medium uppercase mb-4\">\n                    PODPORA                  <\/h2>\n                                      <div class=\"grid grid-cols-1 sm:grid-cols-2 gap-4 sm:gap-2\">\n                                              <div class=\"flex items-center gap-2\">\n                          <img decoding=\"async\" src=\"https:\/\/wipcool.pl\/wp-content\/themes\/wipcool-i3\/assets\/img\/ico-email.svg\" alt=\"\" \/>\n                                                      <a\n                              href=\"mailto:info@wipcool.pl\"\n                              class=\"text-base sm:text-xl text-primary font-medium hover:text-accent-1 transition-colors\"\n                            >\n                              info@wipcool.pl                            <\/a>\n                                                  <\/div>\n                                              <div class=\"flex items-center gap-2\">\n                          <img decoding=\"async\" src=\"https:\/\/wipcool.pl\/wp-content\/themes\/wipcool-i3\/assets\/img\/ico-phone.svg\" alt=\"\" \/>\n                                                      <a\n                              href=\"tel:+48602427270\"\n                              class=\"text-base sm:text-xl text-primary font-medium hover:text-accent-1 transition-colors\"\n                            >\n                              +48602427270                            <\/a>\n                                                  <\/div>\n                                          <\/div>\n                                  <\/div>\n                              <div>\n                  <h2 class=\"text-base md:text-lg lg:text-xl font-medium uppercase mb-4\">\n                     PRODEJ                  <\/h2>\n                                      <div class=\"grid grid-cols-1 sm:grid-cols-2 gap-4 sm:gap-2\">\n                                              <div class=\"flex items-center gap-2\">\n                          <img decoding=\"async\" src=\"https:\/\/wipcool.pl\/wp-content\/themes\/wipcool-i3\/assets\/img\/ico-email.svg\" alt=\"\" \/>\n                                                      <a\n                              href=\"mailto:info@wipcool.pl\"\n                              class=\"text-base sm:text-xl text-primary font-medium hover:text-accent-1 transition-colors\"\n                            >\n                              info@wipcool.pl                            <\/a>\n                                                  <\/div>\n                                              <div class=\"flex items-center gap-2\">\n                          <img decoding=\"async\" src=\"https:\/\/wipcool.pl\/wp-content\/themes\/wipcool-i3\/assets\/img\/ico-phone.svg\" alt=\"\" \/>\n                                                      <a\n                              href=\"tel:+48602427270\"\n                              class=\"text-base sm:text-xl text-primary font-medium hover:text-accent-1 transition-colors\"\n                            >\n                              +48602427270                            <\/a>\n                                                  <\/div>\n                                          <\/div>\n                                  <\/div>\n                          <\/div>\n                   <\/div>\n      <\/div>\n      <div class=\"col-start-1 lg:col-start-7 col-span-12 lg:col-span-5\">\n        <div class=\"p-4 sm:px-10 sm:py-8 rounded shadow-wipcool bg-white\">\n          <div class=\"mb-10\">\n            <h5 class=\"font-semibold text-accent-1\">Napi\u0161te n\u00e1m<\/h5>\n            <p class=\"text-sm\">V p\u0159\u00edpad\u011b dotaz\u016f nebo pochybnost\u00ed se na n\u00e1s obra\u0165te<\/p>\n          <\/div>\n          <div class=\"contact-form\">\n            <p class=\"wpcf7-contact-form-not-found\"><strong>Chyba:<\/strong> Kontaktn\u00ed formul\u00e1\u0159 nebyl nalezen.<\/p>          <\/div>\n        <\/div>\n      <\/div>\n    <\/div>\n    <div class=\"mt-8 lg:-mt-16\">\n      <iframe\n        src=\"https:\/\/www.google.com\/maps\/embed?pb=!1m18!1m12!1m3!1d1198.0209711804634!2d23.11264443750762!3d53.091481693761914!2m3!1f0!2f0!3f0!3m2!1i1024!2i768!4f13.1!3m3!1m2!1s0x471ffbce72d26411%3A0x14f366f691c3940a!2sBoles%C5%82awa%20Prusa%207a%2C%2016-001%20Kleosin!5e0!3m2!1spl!2spl!4v1722020048704!5m2!1spl!2spl\"\n        class=\"h-60 sm:h-80 lg:h-96 w-full border-none rounded-lg outline-none\"\n        loading=\"lazy\"\n        referrerpolicy=\"no-referrer-when-downgrade\"\n      ><\/iframe>\n    <\/div>\n  <\/div>\n<\/section>","protected":false},"excerpt":{"rendered":"","protected":false},"author":1,"featured_media":0,"parent":0,"menu_order":0,"comment_status":"closed","ping_status":"closed","template":"","meta":{"_acf_changed":false,"footnotes":""},"class_list":["post-639","page","type-page","status-publish","hentry"],"acf":[],"yoast_head":"<!-- This site is optimized with the Yoast SEO plugin v25.9 - https:\/\/yoast.com\/wordpress\/plugins\/seo\/ -->\n<title>Kontaktujte Wipcool \u2013 Spojte se s n\u00e1mi! | Wipcool<\/title>\n<meta name=\"description\" content=\"Kontaktujte Wipcool a z\u00edskejte informace o na\u0161ich produktech a slu\u017eb\u00e1ch v oblasti servisu klimatizac\u00ed a tepeln\u00fdch \u010derpadel. Pod\u00edvejte se na kontaktn\u00ed \u00fadaje a vypl\u0148te formul\u00e1\u0159.\" \/>\n<meta name=\"robots\" content=\"index, follow, max-snippet:-1, max-image-preview:large, max-video-preview:-1\" \/>\n<link rel=\"canonical\" href=\"https:\/\/wipcool.pl\/cs\/kontakty\/\" \/>\n<meta property=\"og:locale\" content=\"cs_CZ\" \/>\n<meta property=\"og:type\" content=\"article\" \/>\n<meta property=\"og:title\" content=\"Kontaktujte Wipcool \u2013 Spojte se s n\u00e1mi! | Wipcool\" \/>\n<meta property=\"og:description\" content=\"Kontaktujte Wipcool a z\u00edskejte informace o na\u0161ich produktech a slu\u017eb\u00e1ch v oblasti servisu klimatizac\u00ed a tepeln\u00fdch \u010derpadel. Pod\u00edvejte se na kontaktn\u00ed \u00fadaje a vypl\u0148te formul\u00e1\u0159.\" \/>\n<meta property=\"og:url\" content=\"https:\/\/wipcool.pl\/cs\/kontakty\/\" \/>\n<meta property=\"og:site_name\" content=\"Wipcool\" \/>\n<meta property=\"article:modified_time\" content=\"2025-05-30T09:10:23+00:00\" \/>\n<meta name=\"twitter:card\" content=\"summary_large_image\" \/>\n<script type=\"application\/ld+json\" class=\"yoast-schema-graph\">{\"@context\":\"https:\/\/schema.org\",\"@graph\":[{\"@type\":\"WebPage\",\"@id\":\"https:\/\/wipcool.pl\/cs\/kontakty\/\",\"url\":\"https:\/\/wipcool.pl\/cs\/kontakty\/\",\"name\":\"Kontaktujte Wipcool \u2013 Spojte se s n\u00e1mi! | Wipcool\",\"isPartOf\":{\"@id\":\"https:\/\/wipcool.pl\/#website\"},\"datePublished\":\"2024-07-26T19:16:44+00:00\",\"dateModified\":\"2025-05-30T09:10:23+00:00\",\"description\":\"Kontaktujte Wipcool a z\u00edskejte informace o na\u0161ich produktech a slu\u017eb\u00e1ch v oblasti servisu klimatizac\u00ed a tepeln\u00fdch \u010derpadel. Pod\u00edvejte se na kontaktn\u00ed \u00fadaje a vypl\u0148te formul\u00e1\u0159.\",\"breadcrumb\":{\"@id\":\"https:\/\/wipcool.pl\/cs\/kontakty\/#breadcrumb\"},\"inLanguage\":\"cs\",\"potentialAction\":[{\"@type\":\"ReadAction\",\"target\":[\"https:\/\/wipcool.pl\/cs\/kontakty\/\"]}]},{\"@type\":\"BreadcrumbList\",\"@id\":\"https:\/\/wipcool.pl\/cs\/kontakty\/#breadcrumb\",\"itemListElement\":[{\"@type\":\"ListItem\",\"position\":1,\"name\":\"Strona g\u0142\u00f3wna\",\"item\":\"https:\/\/wipcool.pl\/cs\/\"},{\"@type\":\"ListItem\",\"position\":2,\"name\":\"Kontakty\"}]},{\"@type\":\"WebSite\",\"@id\":\"https:\/\/wipcool.pl\/#website\",\"url\":\"https:\/\/wipcool.pl\/\",\"name\":\"Wipcool\",\"description\":\"\",\"potentialAction\":[{\"@type\":\"SearchAction\",\"target\":{\"@type\":\"EntryPoint\",\"urlTemplate\":\"https:\/\/wipcool.pl\/?s={search_term_string}\"},\"query-input\":{\"@type\":\"PropertyValueSpecification\",\"valueRequired\":true,\"valueName\":\"search_term_string\"}}],\"inLanguage\":\"cs\"}]}<\/script>\n<!-- \/ Yoast SEO plugin. -->","yoast_head_json":{"title":"Kontaktujte Wipcool \u2013 Spojte se s n\u00e1mi! | Wipcool","description":"Kontaktujte Wipcool a z\u00edskejte informace o na\u0161ich produktech a slu\u017eb\u00e1ch v oblasti servisu klimatizac\u00ed a tepeln\u00fdch \u010derpadel. Pod\u00edvejte se na kontaktn\u00ed \u00fadaje a vypl\u0148te formul\u00e1\u0159.","robots":{"index":"index","follow":"follow","max-snippet":"max-snippet:-1","max-image-preview":"max-image-preview:large","max-video-preview":"max-video-preview:-1"},"canonical":"https:\/\/wipcool.pl\/cs\/kontakty\/","og_locale":"cs_CZ","og_type":"article","og_title":"Kontaktujte Wipcool \u2013 Spojte se s n\u00e1mi! | Wipcool","og_description":"Kontaktujte Wipcool a z\u00edskejte informace o na\u0161ich produktech a slu\u017eb\u00e1ch v oblasti servisu klimatizac\u00ed a tepeln\u00fdch \u010derpadel. Pod\u00edvejte se na kontaktn\u00ed \u00fadaje a vypl\u0148te formul\u00e1\u0159.","og_url":"https:\/\/wipcool.pl\/cs\/kontakty\/","og_site_name":"Wipcool","article_modified_time":"2025-05-30T09:10:23+00:00","twitter_card":"summary_large_image","schema":{"@context":"https:\/\/schema.org","@graph":[{"@type":"WebPage","@id":"https:\/\/wipcool.pl\/cs\/kontakty\/","url":"https:\/\/wipcool.pl\/cs\/kontakty\/","name":"Kontaktujte Wipcool \u2013 Spojte se s n\u00e1mi! | Wipcool","isPartOf":{"@id":"https:\/\/wipcool.pl\/#website"},"datePublished":"2024-07-26T19:16:44+00:00","dateModified":"2025-05-30T09:10:23+00:00","description":"Kontaktujte Wipcool a z\u00edskejte informace o na\u0161ich produktech a slu\u017eb\u00e1ch v oblasti servisu klimatizac\u00ed a tepeln\u00fdch \u010derpadel. Pod\u00edvejte se na kontaktn\u00ed \u00fadaje a vypl\u0148te formul\u00e1\u0159.","breadcrumb":{"@id":"https:\/\/wipcool.pl\/cs\/kontakty\/#breadcrumb"},"inLanguage":"cs","potentialAction":[{"@type":"ReadAction","target":["https:\/\/wipcool.pl\/cs\/kontakty\/"]}]},{"@type":"BreadcrumbList","@id":"https:\/\/wipcool.pl\/cs\/kontakty\/#breadcrumb","itemListElement":[{"@type":"ListItem","position":1,"name":"Strona g\u0142\u00f3wna","item":"https:\/\/wipcool.pl\/cs\/"},{"@type":"ListItem","position":2,"name":"Kontakty"}]},{"@type":"WebSite","@id":"https:\/\/wipcool.pl\/#website","url":"https:\/\/wipcool.pl\/","name":"Wipcool","description":"","potentialAction":[{"@type":"SearchAction","target":{"@type":"EntryPoint","urlTemplate":"https:\/\/wipcool.pl\/?s={search_term_string}"},"query-input":{"@type":"PropertyValueSpecification","valueRequired":true,"valueName":"search_term_string"}}],"inLanguage":"cs"}]}},"_links":{"self":[{"href":"https:\/\/wipcool.pl\/cs\/wp-json\/wp\/v2\/pages\/639","targetHints":{"allow":["GET"]}}],"collection":[{"href":"https:\/\/wipcool.pl\/cs\/wp-json\/wp\/v2\/pages"}],"about":[{"href":"https:\/\/wipcool.pl\/cs\/wp-json\/wp\/v2\/types\/page"}],"author":[{"embeddable":true,"href":"https:\/\/wipcool.pl\/cs\/wp-json\/wp\/v2\/users\/1"}],"replies":[{"embeddable":true,"href":"https:\/\/wipcool.pl\/cs\/wp-json\/wp\/v2\/comments?post=639"}],"version-history":[{"count":1,"href":"https:\/\/wipcool.pl\/cs\/wp-json\/wp\/v2\/pages\/639\/revisions"}],"predecessor-version":[{"id":6015,"href":"https:\/\/wipcool.pl\/cs\/wp-json\/wp\/v2\/pages\/639\/revisions\/6015"}],"wp:attachment":[{"href":"https:\/\/wipcool.pl\/cs\/wp-json\/wp\/v2\/media?parent=639"}],"curies":[{"name":"wp","href":"https:\/\/api.w.org\/{rel}","templated":true}]}}