{"id":621,"date":"2024-07-23T12:09:46","date_gmt":"2024-07-23T10:09:46","guid":{"rendered":"https:\/\/wipcool.pl\/blog\/"},"modified":"2025-05-30T11:08:57","modified_gmt":"2025-05-30T09:08:57","slug":"blog","status":"publish","type":"page","link":"https:\/\/wipcool.pl\/cs\/blog\/","title":{"rendered":"Blog"},"content":{"rendered":"\n<section class=\"featured_articles\">\n  <div class=\"container\">\n    <div class=\"text-center\">\n      <h2>\u010cL\u00c1NKY PRO SPECIALISTY<\/h2>\n    <\/div>\n      <\/div>\n<\/section>\n\n\n    <section class=\"article-list pt-0\">\n      <div class=\"relative container\">\n        <ul class=\"filter-tabs\"><li><button data-category=\"\" class=\"uppercase category-filters-btn active\">V\u0160ECHNY<\/button><\/li><li><button data-category=\"jaunie-produkti\" class=\"uppercase category-filters-btn \">Jaunie produkti<\/button><\/li><li><button data-category=\"rady\" class=\"uppercase category-filters-btn \">Rady<\/button><\/li><li><button data-category=\"udalosti\" class=\"uppercase category-filters-btn \">Ud\u00e1losti<\/button><\/li><\/ul>        <select\n  id=\"sortOrder\"\n  data-placeholder=\"\u0158azen\u00ed\"\n  class=\"sm:absolute sm:top-0 sm:right-4 max-w-48 h-9 rounded-[10px] border border-outline px-4 text-sm font-normal leading-5 text-primary outline-none\"\n>\n  <option value=\"desc\">od nejnov\u011bj\u0161\u00edho<\/option>\n  <option value=\"asc\">od nejstar\u0161\u00edho<\/option>\n<\/select>      <\/div>\n      <div class=\"container\">\n        <div class=\"relative min-h-96\">\n          <div class=\"wipcool-loader absolute top-1\/2 left-1\/2 -translate-x-1\/2 -translate-y-1\/2 z-10\"><\/div>\n          <div id=\"articles-grid\" class=\"article-list__content\"><\/div>\n        <\/div>\n              <\/div>\n    <\/section>\n  \n\n\n<p><\/p>\n","protected":false},"excerpt":{"rendered":"","protected":false},"author":1,"featured_media":0,"parent":0,"menu_order":0,"comment_status":"closed","ping_status":"closed","template":"","meta":{"_acf_changed":false,"footnotes":""},"class_list":["post-621","page","type-page","status-publish","hentry"],"acf":[],"yoast_head":"<!-- This site is optimized with the Yoast SEO plugin v25.9 - https:\/\/yoast.com\/wordpress\/plugins\/seo\/ -->\n<title>Blog Wipcool \u2013 novinky, tipy a trendy v oblasti HVAC\/R | Wipcool<\/title>\n<meta name=\"description\" content=\"Nav\u0161tivte blog Wipcool a zjist\u011bte v\u00edce o novink\u00e1ch, produktech a \u0159e\u0161en\u00edch v oblasti \u010di\u0161t\u011bn\u00ed a servisu klimatizac\u00ed a tepeln\u00fdch \u010derpadel.\" \/>\n<meta name=\"robots\" content=\"index, follow, max-snippet:-1, max-image-preview:large, max-video-preview:-1\" \/>\n<link rel=\"canonical\" href=\"https:\/\/wipcool.pl\/cs\/blog\/\" \/>\n<meta property=\"og:locale\" content=\"cs_CZ\" \/>\n<meta property=\"og:type\" content=\"article\" \/>\n<meta property=\"og:title\" content=\"Blog Wipcool \u2013 novinky, tipy a trendy v oblasti HVAC\/R | Wipcool\" \/>\n<meta property=\"og:description\" content=\"Nav\u0161tivte blog Wipcool a zjist\u011bte v\u00edce o novink\u00e1ch, produktech a \u0159e\u0161en\u00edch v oblasti \u010di\u0161t\u011bn\u00ed a servisu klimatizac\u00ed a tepeln\u00fdch \u010derpadel.\" \/>\n<meta property=\"og:url\" content=\"https:\/\/wipcool.pl\/cs\/blog\/\" \/>\n<meta property=\"og:site_name\" content=\"Wipcool\" \/>\n<meta property=\"article:modified_time\" content=\"2025-05-30T09:08:57+00:00\" \/>\n<meta name=\"twitter:card\" content=\"summary_large_image\" \/>\n<script type=\"application\/ld+json\" class=\"yoast-schema-graph\">{\"@context\":\"https:\/\/schema.org\",\"@graph\":[{\"@type\":\"WebPage\",\"@id\":\"https:\/\/wipcool.pl\/cs\/blog\/\",\"url\":\"https:\/\/wipcool.pl\/cs\/blog\/\",\"name\":\"Blog Wipcool \u2013 novinky, tipy a trendy v oblasti HVAC\/R | Wipcool\",\"isPartOf\":{\"@id\":\"https:\/\/wipcool.pl\/#website\"},\"datePublished\":\"2024-07-23T10:09:46+00:00\",\"dateModified\":\"2025-05-30T09:08:57+00:00\",\"description\":\"Nav\u0161tivte blog Wipcool a zjist\u011bte v\u00edce o novink\u00e1ch, produktech a \u0159e\u0161en\u00edch v oblasti \u010di\u0161t\u011bn\u00ed a servisu klimatizac\u00ed a tepeln\u00fdch \u010derpadel.\",\"breadcrumb\":{\"@id\":\"https:\/\/wipcool.pl\/cs\/blog\/#breadcrumb\"},\"inLanguage\":\"cs\",\"potentialAction\":[{\"@type\":\"ReadAction\",\"target\":[\"https:\/\/wipcool.pl\/cs\/blog\/\"]}]},{\"@type\":\"BreadcrumbList\",\"@id\":\"https:\/\/wipcool.pl\/cs\/blog\/#breadcrumb\",\"itemListElement\":[{\"@type\":\"ListItem\",\"position\":1,\"name\":\"Strona g\u0142\u00f3wna\",\"item\":\"https:\/\/wipcool.pl\/cs\/\"},{\"@type\":\"ListItem\",\"position\":2,\"name\":\"Blog\"}]},{\"@type\":\"WebSite\",\"@id\":\"https:\/\/wipcool.pl\/#website\",\"url\":\"https:\/\/wipcool.pl\/\",\"name\":\"Wipcool\",\"description\":\"\",\"potentialAction\":[{\"@type\":\"SearchAction\",\"target\":{\"@type\":\"EntryPoint\",\"urlTemplate\":\"https:\/\/wipcool.pl\/?s={search_term_string}\"},\"query-input\":{\"@type\":\"PropertyValueSpecification\",\"valueRequired\":true,\"valueName\":\"search_term_string\"}}],\"inLanguage\":\"cs\"}]}<\/script>\n<!-- \/ Yoast SEO plugin. -->","yoast_head_json":{"title":"Blog Wipcool \u2013 novinky, tipy a trendy v oblasti HVAC\/R | Wipcool","description":"Nav\u0161tivte blog Wipcool a zjist\u011bte v\u00edce o novink\u00e1ch, produktech a \u0159e\u0161en\u00edch v oblasti \u010di\u0161t\u011bn\u00ed a servisu klimatizac\u00ed a tepeln\u00fdch \u010derpadel.","robots":{"index":"index","follow":"follow","max-snippet":"max-snippet:-1","max-image-preview":"max-image-preview:large","max-video-preview":"max-video-preview:-1"},"canonical":"https:\/\/wipcool.pl\/cs\/blog\/","og_locale":"cs_CZ","og_type":"article","og_title":"Blog Wipcool \u2013 novinky, tipy a trendy v oblasti HVAC\/R | Wipcool","og_description":"Nav\u0161tivte blog Wipcool a zjist\u011bte v\u00edce o novink\u00e1ch, produktech a \u0159e\u0161en\u00edch v oblasti \u010di\u0161t\u011bn\u00ed a servisu klimatizac\u00ed a tepeln\u00fdch \u010derpadel.","og_url":"https:\/\/wipcool.pl\/cs\/blog\/","og_site_name":"Wipcool","article_modified_time":"2025-05-30T09:08:57+00:00","twitter_card":"summary_large_image","schema":{"@context":"https:\/\/schema.org","@graph":[{"@type":"WebPage","@id":"https:\/\/wipcool.pl\/cs\/blog\/","url":"https:\/\/wipcool.pl\/cs\/blog\/","name":"Blog Wipcool \u2013 novinky, tipy a trendy v oblasti HVAC\/R | Wipcool","isPartOf":{"@id":"https:\/\/wipcool.pl\/#website"},"datePublished":"2024-07-23T10:09:46+00:00","dateModified":"2025-05-30T09:08:57+00:00","description":"Nav\u0161tivte blog Wipcool a zjist\u011bte v\u00edce o novink\u00e1ch, produktech a \u0159e\u0161en\u00edch v oblasti \u010di\u0161t\u011bn\u00ed a servisu klimatizac\u00ed a tepeln\u00fdch \u010derpadel.","breadcrumb":{"@id":"https:\/\/wipcool.pl\/cs\/blog\/#breadcrumb"},"inLanguage":"cs","potentialAction":[{"@type":"ReadAction","target":["https:\/\/wipcool.pl\/cs\/blog\/"]}]},{"@type":"BreadcrumbList","@id":"https:\/\/wipcool.pl\/cs\/blog\/#breadcrumb","itemListElement":[{"@type":"ListItem","position":1,"name":"Strona g\u0142\u00f3wna","item":"https:\/\/wipcool.pl\/cs\/"},{"@type":"ListItem","position":2,"name":"Blog"}]},{"@type":"WebSite","@id":"https:\/\/wipcool.pl\/#website","url":"https:\/\/wipcool.pl\/","name":"Wipcool","description":"","potentialAction":[{"@type":"SearchAction","target":{"@type":"EntryPoint","urlTemplate":"https:\/\/wipcool.pl\/?s={search_term_string}"},"query-input":{"@type":"PropertyValueSpecification","valueRequired":true,"valueName":"search_term_string"}}],"inLanguage":"cs"}]}},"_links":{"self":[{"href":"https:\/\/wipcool.pl\/cs\/wp-json\/wp\/v2\/pages\/621","targetHints":{"allow":["GET"]}}],"collection":[{"href":"https:\/\/wipcool.pl\/cs\/wp-json\/wp\/v2\/pages"}],"about":[{"href":"https:\/\/wipcool.pl\/cs\/wp-json\/wp\/v2\/types\/page"}],"author":[{"embeddable":true,"href":"https:\/\/wipcool.pl\/cs\/wp-json\/wp\/v2\/users\/1"}],"replies":[{"embeddable":true,"href":"https:\/\/wipcool.pl\/cs\/wp-json\/wp\/v2\/comments?post=621"}],"version-history":[{"count":1,"href":"https:\/\/wipcool.pl\/cs\/wp-json\/wp\/v2\/pages\/621\/revisions"}],"predecessor-version":[{"id":6014,"href":"https:\/\/wipcool.pl\/cs\/wp-json\/wp\/v2\/pages\/621\/revisions\/6014"}],"wp:attachment":[{"href":"https:\/\/wipcool.pl\/cs\/wp-json\/wp\/v2\/media?parent=621"}],"curies":[{"name":"wp","href":"https:\/\/api.w.org\/{rel}","templated":true}]}}