{"id":579,"date":"2024-07-31T12:22:35","date_gmt":"2024-07-31T10:22:35","guid":{"rendered":"https:\/\/wipcool.pl\/dystrybutorzy\/"},"modified":"2025-05-30T11:11:43","modified_gmt":"2025-05-30T09:11:43","slug":"distributori","status":"publish","type":"page","link":"https:\/\/wipcool.pl\/cs\/distributori\/","title":{"rendered":"Distributo\u0159i"},"content":{"rendered":"<p>[SUPER-STORE-FINDER]<\/p>\n\n\n\n<p><\/p>\n","protected":false},"excerpt":{"rendered":"","protected":false},"author":1,"featured_media":0,"parent":0,"menu_order":0,"comment_status":"closed","ping_status":"closed","template":"","meta":{"_acf_changed":false,"footnotes":""},"class_list":["post-579","page","type-page","status-publish","hentry"],"acf":[],"yoast_head":"<!-- This site is optimized with the Yoast SEO plugin v25.9 - https:\/\/yoast.com\/wordpress\/plugins\/seo\/ -->\n<title>Distributo\u0159i \u2013 n\u00e1stroje pro \u010di\u0161t\u011bn\u00ed a servis klimatizac\u00ed | Wipcool<\/title>\n<meta name=\"description\" content=\"Najd\u011bte autorizovan\u00e9 distributory Wipcool ve sv\u00e9m okol\u00ed. Zaji\u0161\u0165ujeme p\u0159\u00edstup k origin\u00e1ln\u00edm produkt\u016fm a profesion\u00e1ln\u00ed technick\u00e9 podpo\u0159e.\" \/>\n<meta name=\"robots\" content=\"index, follow, max-snippet:-1, max-image-preview:large, max-video-preview:-1\" \/>\n<link rel=\"canonical\" href=\"https:\/\/wipcool.pl\/cs\/distributori\/\" \/>\n<meta property=\"og:locale\" content=\"cs_CZ\" \/>\n<meta property=\"og:type\" content=\"article\" \/>\n<meta property=\"og:title\" content=\"Distributo\u0159i \u2013 n\u00e1stroje pro \u010di\u0161t\u011bn\u00ed a servis klimatizac\u00ed | Wipcool\" \/>\n<meta property=\"og:description\" content=\"Najd\u011bte autorizovan\u00e9 distributory Wipcool ve sv\u00e9m okol\u00ed. Zaji\u0161\u0165ujeme p\u0159\u00edstup k origin\u00e1ln\u00edm produkt\u016fm a profesion\u00e1ln\u00ed technick\u00e9 podpo\u0159e.\" \/>\n<meta property=\"og:url\" content=\"https:\/\/wipcool.pl\/cs\/distributori\/\" \/>\n<meta property=\"og:site_name\" content=\"Wipcool\" \/>\n<meta property=\"article:modified_time\" content=\"2025-05-30T09:11:43+00:00\" \/>\n<meta name=\"twitter:card\" content=\"summary_large_image\" \/>\n<meta name=\"twitter:label1\" content=\"Odhadovan\u00e1 doba \u010dten\u00ed\" \/>\n\t<meta name=\"twitter:data1\" content=\"1 minuta\" \/>\n<script type=\"application\/ld+json\" class=\"yoast-schema-graph\">{\"@context\":\"https:\/\/schema.org\",\"@graph\":[{\"@type\":\"WebPage\",\"@id\":\"https:\/\/wipcool.pl\/cs\/distributori\/\",\"url\":\"https:\/\/wipcool.pl\/cs\/distributori\/\",\"name\":\"Distributo\u0159i \u2013 n\u00e1stroje pro \u010di\u0161t\u011bn\u00ed a servis klimatizac\u00ed | Wipcool\",\"isPartOf\":{\"@id\":\"https:\/\/wipcool.pl\/#website\"},\"datePublished\":\"2024-07-31T10:22:35+00:00\",\"dateModified\":\"2025-05-30T09:11:43+00:00\",\"description\":\"Najd\u011bte autorizovan\u00e9 distributory Wipcool ve sv\u00e9m okol\u00ed. Zaji\u0161\u0165ujeme p\u0159\u00edstup k origin\u00e1ln\u00edm produkt\u016fm a profesion\u00e1ln\u00ed technick\u00e9 podpo\u0159e.\",\"breadcrumb\":{\"@id\":\"https:\/\/wipcool.pl\/cs\/distributori\/#breadcrumb\"},\"inLanguage\":\"cs\",\"potentialAction\":[{\"@type\":\"ReadAction\",\"target\":[\"https:\/\/wipcool.pl\/cs\/distributori\/\"]}]},{\"@type\":\"BreadcrumbList\",\"@id\":\"https:\/\/wipcool.pl\/cs\/distributori\/#breadcrumb\",\"itemListElement\":[{\"@type\":\"ListItem\",\"position\":1,\"name\":\"Strona g\u0142\u00f3wna\",\"item\":\"https:\/\/wipcool.pl\/cs\/\"},{\"@type\":\"ListItem\",\"position\":2,\"name\":\"Distributo\u0159i\"}]},{\"@type\":\"WebSite\",\"@id\":\"https:\/\/wipcool.pl\/#website\",\"url\":\"https:\/\/wipcool.pl\/\",\"name\":\"Wipcool\",\"description\":\"\",\"potentialAction\":[{\"@type\":\"SearchAction\",\"target\":{\"@type\":\"EntryPoint\",\"urlTemplate\":\"https:\/\/wipcool.pl\/?s={search_term_string}\"},\"query-input\":{\"@type\":\"PropertyValueSpecification\",\"valueRequired\":true,\"valueName\":\"search_term_string\"}}],\"inLanguage\":\"cs\"}]}<\/script>\n<!-- \/ Yoast SEO plugin. -->","yoast_head_json":{"title":"Distributo\u0159i \u2013 n\u00e1stroje pro \u010di\u0161t\u011bn\u00ed a servis klimatizac\u00ed | Wipcool","description":"Najd\u011bte autorizovan\u00e9 distributory Wipcool ve sv\u00e9m okol\u00ed. Zaji\u0161\u0165ujeme p\u0159\u00edstup k origin\u00e1ln\u00edm produkt\u016fm a profesion\u00e1ln\u00ed technick\u00e9 podpo\u0159e.","robots":{"index":"index","follow":"follow","max-snippet":"max-snippet:-1","max-image-preview":"max-image-preview:large","max-video-preview":"max-video-preview:-1"},"canonical":"https:\/\/wipcool.pl\/cs\/distributori\/","og_locale":"cs_CZ","og_type":"article","og_title":"Distributo\u0159i \u2013 n\u00e1stroje pro \u010di\u0161t\u011bn\u00ed a servis klimatizac\u00ed | Wipcool","og_description":"Najd\u011bte autorizovan\u00e9 distributory Wipcool ve sv\u00e9m okol\u00ed. Zaji\u0161\u0165ujeme p\u0159\u00edstup k origin\u00e1ln\u00edm produkt\u016fm a profesion\u00e1ln\u00ed technick\u00e9 podpo\u0159e.","og_url":"https:\/\/wipcool.pl\/cs\/distributori\/","og_site_name":"Wipcool","article_modified_time":"2025-05-30T09:11:43+00:00","twitter_card":"summary_large_image","twitter_misc":{"Odhadovan\u00e1 doba \u010dten\u00ed":"1 minuta"},"schema":{"@context":"https:\/\/schema.org","@graph":[{"@type":"WebPage","@id":"https:\/\/wipcool.pl\/cs\/distributori\/","url":"https:\/\/wipcool.pl\/cs\/distributori\/","name":"Distributo\u0159i \u2013 n\u00e1stroje pro \u010di\u0161t\u011bn\u00ed a servis klimatizac\u00ed | Wipcool","isPartOf":{"@id":"https:\/\/wipcool.pl\/#website"},"datePublished":"2024-07-31T10:22:35+00:00","dateModified":"2025-05-30T09:11:43+00:00","description":"Najd\u011bte autorizovan\u00e9 distributory Wipcool ve sv\u00e9m okol\u00ed. Zaji\u0161\u0165ujeme p\u0159\u00edstup k origin\u00e1ln\u00edm produkt\u016fm a profesion\u00e1ln\u00ed technick\u00e9 podpo\u0159e.","breadcrumb":{"@id":"https:\/\/wipcool.pl\/cs\/distributori\/#breadcrumb"},"inLanguage":"cs","potentialAction":[{"@type":"ReadAction","target":["https:\/\/wipcool.pl\/cs\/distributori\/"]}]},{"@type":"BreadcrumbList","@id":"https:\/\/wipcool.pl\/cs\/distributori\/#breadcrumb","itemListElement":[{"@type":"ListItem","position":1,"name":"Strona g\u0142\u00f3wna","item":"https:\/\/wipcool.pl\/cs\/"},{"@type":"ListItem","position":2,"name":"Distributo\u0159i"}]},{"@type":"WebSite","@id":"https:\/\/wipcool.pl\/#website","url":"https:\/\/wipcool.pl\/","name":"Wipcool","description":"","potentialAction":[{"@type":"SearchAction","target":{"@type":"EntryPoint","urlTemplate":"https:\/\/wipcool.pl\/?s={search_term_string}"},"query-input":{"@type":"PropertyValueSpecification","valueRequired":true,"valueName":"search_term_string"}}],"inLanguage":"cs"}]}},"_links":{"self":[{"href":"https:\/\/wipcool.pl\/cs\/wp-json\/wp\/v2\/pages\/579","targetHints":{"allow":["GET"]}}],"collection":[{"href":"https:\/\/wipcool.pl\/cs\/wp-json\/wp\/v2\/pages"}],"about":[{"href":"https:\/\/wipcool.pl\/cs\/wp-json\/wp\/v2\/types\/page"}],"author":[{"embeddable":true,"href":"https:\/\/wipcool.pl\/cs\/wp-json\/wp\/v2\/users\/1"}],"replies":[{"embeddable":true,"href":"https:\/\/wipcool.pl\/cs\/wp-json\/wp\/v2\/comments?post=579"}],"version-history":[{"count":1,"href":"https:\/\/wipcool.pl\/cs\/wp-json\/wp\/v2\/pages\/579\/revisions"}],"predecessor-version":[{"id":6016,"href":"https:\/\/wipcool.pl\/cs\/wp-json\/wp\/v2\/pages\/579\/revisions\/6016"}],"wp:attachment":[{"href":"https:\/\/wipcool.pl\/cs\/wp-json\/wp\/v2\/media?parent=579"}],"curies":[{"name":"wp","href":"https:\/\/api.w.org\/{rel}","templated":true}]}}