{"id":575,"date":"2024-07-28T11:13:59","date_gmt":"2024-07-28T09:13:59","guid":{"rendered":"https:\/\/wipcool.pl\/do-pobrania\/"},"modified":"2025-05-30T11:14:59","modified_gmt":"2025-05-30T09:14:59","slug":"ke-stazeni","status":"publish","type":"page","link":"https:\/\/wipcool.pl\/cs\/ke-stazeni\/","title":{"rendered":"Ke Sta\u017een\u00ed"},"content":{"rendered":"<div class=\"innerblocks\">\n  <div class=\"container\">\n    <div class=\"grid grid-cols-12 gap-4\">\n      <div class=\"innerblocks__content\">\n        <div class=\"acf-innerblocks-container\">\n\n<h5 class=\"wp-block-heading\"><br><br><strong>NAJDI P\u0158\u00cdRU\u010cKU K POU\u017d\u00cdV\u00c1N\u00cd PRODUKT\u016e WIPCOOL A PROHL\u00c1\u0160EN\u00cd O SHOD\u011a<\/strong><\/h5>\n\n\n\n<p>Na tomto m\u00edst\u011b si m\u016f\u017eete prohl\u00e9dnout n\u00e1vody k pou\u017eit\u00ed za\u0159\u00edzen\u00ed WIPCOOL a st\u00e1hnout je ve form\u00e1tu PDF v angli\u010dtin\u011b.<\/p>\n\n\n\n<p>Chcete-li naj\u00edt spr\u00e1vn\u00fd n\u00e1vod, sta\u010d\u00ed zadat p\u0159esn\u00fd n\u00e1zev produktu n\u00ed\u017ee. <strong>P\u0159\u00edklad: C28B cordless pressure washer.<\/strong><br><\/p>\n\n<\/div>\n      <\/div>\n    <\/div>\n  <\/div>\n<\/div>\n\n\n<section>\n  <div class=\"container\">\n    <div class=\"grid grid-cols-12 gap-y-8\">\n      \n      <div class=\"col-span-12\">\n        <div class=\"bg-[#F9F9F9] rounded-[10px] p-8\">\n                     <div class=\"relative flex flex-col items-center justify-center mb-6\">\n            <form id=\"search-form\" method=\"post\" class=\"relative flex items-center max-w-[416px] w-full\">\n              <input type=\"text\" id=\"fileNameInput\" name=\"search\" placeholder=\"Wpisz nazw\u0119 pliku\" class=\"w-full h-11 rounded-[5px] border border-outline px-4 pr-8 text-sm font-normal leading-5 text-primary outline-none focus:border-dark-outline active:border-dark-outline\" \/>\n              <button type=\"submit\" id=\"searchFileBtn\" class=\"h-4 w-4 absolute right-4 z-10\">\n                <img decoding=\"async\" src=\"https:\/\/wipcool.pl\/wp-content\/themes\/wipcool-i3\/assets\/img\/ico-loupe.svg\" alt=\"\" class=\"w-full h-full\" \/>\n              <\/button>\n            <\/form>\n            <p class=\"text-info hidden absolute -bottom-6 text-xs text-red mt-1\">Prosz\u0119 wpisa\u0107 minimum 3 znaki<\/p>\n          <\/div>\n          <div class=\"relative\">\n            <div class=\"loader-wrapper\"><\/div>\n            <div id=\"files-list\"><\/div>\n          <\/div>\n        <\/div>\n      <\/div>\n\n              <div class=\"col-span-12\">\n                      <h2 class=\"text-xl font-bold mb-6\">Dal\u0161\u00ed soubory ke sta\u017een\u00ed<\/h2>\n                                <ul class=\"flex flex-wrap gap-6\">\n                              <li>\n                  <a href=\"https:\/\/wipcool.pl\/wp-content\/uploads\/2024\/07\/Pompka-skroplin-Wipcool-P580.pdf\" class=\"flex items-center gap-1 font-medium text-sm text-accent-1\" download>\n                    <img decoding=\"async\" src=\"https:\/\/wipcool.pl\/wp-content\/themes\/wipcool-i3\/assets\/img\/pdf-file.svg\" alt=\"pdf\"> Pompka skroplin Wipcool P580                  <\/a>\n                <\/li>\n                          <\/ul>\n                  <\/div>\n          <\/div>\n  <\/div>\n<\/section>","protected":false},"excerpt":{"rendered":"","protected":false},"author":1,"featured_media":0,"parent":0,"menu_order":0,"comment_status":"closed","ping_status":"closed","template":"","meta":{"_acf_changed":false,"footnotes":""},"class_list":["post-575","page","type-page","status-publish","hentry"],"acf":[],"yoast_head":"<!-- This site is optimized with the Yoast SEO plugin v25.9 - https:\/\/yoast.com\/wordpress\/plugins\/seo\/ -->\n<title>Materi\u00e1ly ke sta\u017een\u00ed \u2013 Katalogy a n\u00e1vody | Wipcool<\/title>\n<meta name=\"description\" content=\"St\u00e1hn\u011bte si katalogy, n\u00e1vody k pou\u017eit\u00ed a dal\u0161\u00ed materi\u00e1ly t\u00fdkaj\u00edc\u00ed se produkt\u016f Wipcool. V\u0161e, co pot\u0159ebujete, na jednom m\u00edst\u011b.\" \/>\n<meta name=\"robots\" content=\"index, follow, max-snippet:-1, max-image-preview:large, max-video-preview:-1\" \/>\n<link rel=\"canonical\" href=\"https:\/\/wipcool.pl\/cs\/ke-stazeni\/\" \/>\n<meta property=\"og:locale\" content=\"cs_CZ\" \/>\n<meta property=\"og:type\" content=\"article\" \/>\n<meta property=\"og:title\" content=\"Materi\u00e1ly ke sta\u017een\u00ed \u2013 Katalogy a n\u00e1vody | Wipcool\" \/>\n<meta property=\"og:description\" content=\"St\u00e1hn\u011bte si katalogy, n\u00e1vody k pou\u017eit\u00ed a dal\u0161\u00ed materi\u00e1ly t\u00fdkaj\u00edc\u00ed se produkt\u016f Wipcool. V\u0161e, co pot\u0159ebujete, na jednom m\u00edst\u011b.\" \/>\n<meta property=\"og:url\" content=\"https:\/\/wipcool.pl\/cs\/ke-stazeni\/\" \/>\n<meta property=\"og:site_name\" content=\"Wipcool\" \/>\n<meta property=\"article:modified_time\" content=\"2025-05-30T09:14:59+00:00\" \/>\n<meta name=\"twitter:card\" content=\"summary_large_image\" \/>\n<meta name=\"twitter:label1\" content=\"Odhadovan\u00e1 doba \u010dten\u00ed\" \/>\n\t<meta name=\"twitter:data1\" content=\"1 minuta\" \/>\n<script type=\"application\/ld+json\" class=\"yoast-schema-graph\">{\"@context\":\"https:\/\/schema.org\",\"@graph\":[{\"@type\":\"WebPage\",\"@id\":\"https:\/\/wipcool.pl\/cs\/ke-stazeni\/\",\"url\":\"https:\/\/wipcool.pl\/cs\/ke-stazeni\/\",\"name\":\"Materi\u00e1ly ke sta\u017een\u00ed \u2013 Katalogy a n\u00e1vody | Wipcool\",\"isPartOf\":{\"@id\":\"https:\/\/wipcool.pl\/#website\"},\"datePublished\":\"2024-07-28T09:13:59+00:00\",\"dateModified\":\"2025-05-30T09:14:59+00:00\",\"description\":\"St\u00e1hn\u011bte si katalogy, n\u00e1vody k pou\u017eit\u00ed a dal\u0161\u00ed materi\u00e1ly t\u00fdkaj\u00edc\u00ed se produkt\u016f Wipcool. V\u0161e, co pot\u0159ebujete, na jednom m\u00edst\u011b.\",\"breadcrumb\":{\"@id\":\"https:\/\/wipcool.pl\/cs\/ke-stazeni\/#breadcrumb\"},\"inLanguage\":\"cs\",\"potentialAction\":[{\"@type\":\"ReadAction\",\"target\":[\"https:\/\/wipcool.pl\/cs\/ke-stazeni\/\"]}]},{\"@type\":\"BreadcrumbList\",\"@id\":\"https:\/\/wipcool.pl\/cs\/ke-stazeni\/#breadcrumb\",\"itemListElement\":[{\"@type\":\"ListItem\",\"position\":1,\"name\":\"Strona g\u0142\u00f3wna\",\"item\":\"https:\/\/wipcool.pl\/cs\/\"},{\"@type\":\"ListItem\",\"position\":2,\"name\":\"Ke Sta\u017een\u00ed\"}]},{\"@type\":\"WebSite\",\"@id\":\"https:\/\/wipcool.pl\/#website\",\"url\":\"https:\/\/wipcool.pl\/\",\"name\":\"Wipcool\",\"description\":\"\",\"potentialAction\":[{\"@type\":\"SearchAction\",\"target\":{\"@type\":\"EntryPoint\",\"urlTemplate\":\"https:\/\/wipcool.pl\/?s={search_term_string}\"},\"query-input\":{\"@type\":\"PropertyValueSpecification\",\"valueRequired\":true,\"valueName\":\"search_term_string\"}}],\"inLanguage\":\"cs\"}]}<\/script>\n<!-- \/ Yoast SEO plugin. -->","yoast_head_json":{"title":"Materi\u00e1ly ke sta\u017een\u00ed \u2013 Katalogy a n\u00e1vody | Wipcool","description":"St\u00e1hn\u011bte si katalogy, n\u00e1vody k pou\u017eit\u00ed a dal\u0161\u00ed materi\u00e1ly t\u00fdkaj\u00edc\u00ed se produkt\u016f Wipcool. V\u0161e, co pot\u0159ebujete, na jednom m\u00edst\u011b.","robots":{"index":"index","follow":"follow","max-snippet":"max-snippet:-1","max-image-preview":"max-image-preview:large","max-video-preview":"max-video-preview:-1"},"canonical":"https:\/\/wipcool.pl\/cs\/ke-stazeni\/","og_locale":"cs_CZ","og_type":"article","og_title":"Materi\u00e1ly ke sta\u017een\u00ed \u2013 Katalogy a n\u00e1vody | Wipcool","og_description":"St\u00e1hn\u011bte si katalogy, n\u00e1vody k pou\u017eit\u00ed a dal\u0161\u00ed materi\u00e1ly t\u00fdkaj\u00edc\u00ed se produkt\u016f Wipcool. V\u0161e, co pot\u0159ebujete, na jednom m\u00edst\u011b.","og_url":"https:\/\/wipcool.pl\/cs\/ke-stazeni\/","og_site_name":"Wipcool","article_modified_time":"2025-05-30T09:14:59+00:00","twitter_card":"summary_large_image","twitter_misc":{"Odhadovan\u00e1 doba \u010dten\u00ed":"1 minuta"},"schema":{"@context":"https:\/\/schema.org","@graph":[{"@type":"WebPage","@id":"https:\/\/wipcool.pl\/cs\/ke-stazeni\/","url":"https:\/\/wipcool.pl\/cs\/ke-stazeni\/","name":"Materi\u00e1ly ke sta\u017een\u00ed \u2013 Katalogy a n\u00e1vody | Wipcool","isPartOf":{"@id":"https:\/\/wipcool.pl\/#website"},"datePublished":"2024-07-28T09:13:59+00:00","dateModified":"2025-05-30T09:14:59+00:00","description":"St\u00e1hn\u011bte si katalogy, n\u00e1vody k pou\u017eit\u00ed a dal\u0161\u00ed materi\u00e1ly t\u00fdkaj\u00edc\u00ed se produkt\u016f Wipcool. V\u0161e, co pot\u0159ebujete, na jednom m\u00edst\u011b.","breadcrumb":{"@id":"https:\/\/wipcool.pl\/cs\/ke-stazeni\/#breadcrumb"},"inLanguage":"cs","potentialAction":[{"@type":"ReadAction","target":["https:\/\/wipcool.pl\/cs\/ke-stazeni\/"]}]},{"@type":"BreadcrumbList","@id":"https:\/\/wipcool.pl\/cs\/ke-stazeni\/#breadcrumb","itemListElement":[{"@type":"ListItem","position":1,"name":"Strona g\u0142\u00f3wna","item":"https:\/\/wipcool.pl\/cs\/"},{"@type":"ListItem","position":2,"name":"Ke Sta\u017een\u00ed"}]},{"@type":"WebSite","@id":"https:\/\/wipcool.pl\/#website","url":"https:\/\/wipcool.pl\/","name":"Wipcool","description":"","potentialAction":[{"@type":"SearchAction","target":{"@type":"EntryPoint","urlTemplate":"https:\/\/wipcool.pl\/?s={search_term_string}"},"query-input":{"@type":"PropertyValueSpecification","valueRequired":true,"valueName":"search_term_string"}}],"inLanguage":"cs"}]}},"_links":{"self":[{"href":"https:\/\/wipcool.pl\/cs\/wp-json\/wp\/v2\/pages\/575","targetHints":{"allow":["GET"]}}],"collection":[{"href":"https:\/\/wipcool.pl\/cs\/wp-json\/wp\/v2\/pages"}],"about":[{"href":"https:\/\/wipcool.pl\/cs\/wp-json\/wp\/v2\/types\/page"}],"author":[{"embeddable":true,"href":"https:\/\/wipcool.pl\/cs\/wp-json\/wp\/v2\/users\/1"}],"replies":[{"embeddable":true,"href":"https:\/\/wipcool.pl\/cs\/wp-json\/wp\/v2\/comments?post=575"}],"version-history":[{"count":1,"href":"https:\/\/wipcool.pl\/cs\/wp-json\/wp\/v2\/pages\/575\/revisions"}],"predecessor-version":[{"id":6017,"href":"https:\/\/wipcool.pl\/cs\/wp-json\/wp\/v2\/pages\/575\/revisions\/6017"}],"wp:attachment":[{"href":"https:\/\/wipcool.pl\/cs\/wp-json\/wp\/v2\/media?parent=575"}],"curies":[{"name":"wp","href":"https:\/\/api.w.org\/{rel}","templated":true}]}}