{"id":565,"date":"2024-07-05T14:02:07","date_gmt":"2024-07-05T12:02:07","guid":{"rendered":"https:\/\/wipcool.pl\/home\/"},"modified":"2025-05-30T11:19:19","modified_gmt":"2025-05-30T09:19:19","slug":"home","status":"publish","type":"page","link":"https:\/\/wipcool.pl\/cs\/","title":{"rendered":"Domovsk\u00e1 str\u00e1nka"},"content":{"rendered":"\n<section class=\"hero relative\">\n  <div class=\"container\">\n    <div class=\"relative px-4 md:px-10 lg:px-20 pt-[80vw] sm:pt-[460px] md:pt-40 lg:pt-40 pb-8 md:pb-16 lg:pb-32 text-white rounded-[20px] overflow-hidden bg-[#222222]\">\n      <div class=\"relative z-10\">\n        <span class=\"relative block text-xs sm:text-sm leading-5 font-semibold uppercase text-secondary lg:mb-2 xl:mb-4 pl-12 before:absolute before:top-1\/2 before:left-0 before:w-10 before:border-t-2 before:border-secondary before:content-[''] before:-translate-y-1\/2\">o n\u00e1s<\/span>\n        <h1 class=\"text-base lg:text-2xl xl:text-4xl mb-2 xl:mb-4\">\n                  <\/h1>\n        <p class=\"text-2xl lg:text-4xl xl:text-5xl font-bold max-w-[480px] leading-tight lg:leading-tight xl:leading-tight mb-6 xl:mb-8\">\n                  <\/p>\n        <div class=\"flex flex-col md:flex-row gap-4 lg:gap-8 xl:gap-12\">\n                      <a href=\"https:\/\/www.wp.pl\/\" target=\"_self\" class=\"btn btn--primary\">\n              Pod\u00edvejte se do katalogu produkt\u016f            <\/a>\n                                <a href=\"https:\/\/www.wp.pl\/\" target=\"_self\" class=\"btn btn--outline\">\n               Zjist\u011bte v\u00edce            <\/a>\n                  <\/div>\n      <\/div>\n\n      <img id=\"heroImageMob\" fetchpriority=\"high\" data-src=\"\" alt=\"\" class=\"absolute top-0 left-0 w-full\">\n      \n    <\/div>\n  <\/div>\n<\/section>\n\n  <section class=\"icons-with-descriptions\">\n    <div class=\"container\">\n      <div class=\"grid grid-cols-1 sm:grid-cols-3 gap-14 xl:py-14\">\n                  <div class=\"icon-with-description\">\n            <div class=\"icon-with-description__icon\">\n              <img loading=\"lazy\" decoding=\"async\" width=\"48\" height=\"48\" src=\"https:\/\/wipcool.pl\/wp-content\/uploads\/2024\/08\/Icons-two-color-1.svg\" class=\"attachment-full size-full\" alt=\"\" \/>            <\/div>\n            <div class=\"icon-with-description__text\">\n              <h6>Prodejn\u00ed s\u00edt\u011b ve v\u00edce ne\u017e 73 zem\u00edch<\/h6>\n              <p>\u00dazk\u00e1 spolupr\u00e1ce se z\u00e1kazn\u00edky a obchodn\u00edmi partnery po cel\u00e9m sv\u011bt\u011b.<\/p>\n            <\/div>\n          <\/div>\n                  <div class=\"icon-with-description\">\n            <div class=\"icon-with-description__icon\">\n              <img loading=\"lazy\" decoding=\"async\" width=\"49\" height=\"48\" src=\"https:\/\/wipcool.pl\/wp-content\/uploads\/2024\/08\/Frame-1.svg\" class=\"attachment-full size-full\" alt=\"\" \/>            <\/div>\n            <div class=\"icon-with-description__text\">\n              <h6>Pokro\u010dil\u00e1 technologie<\/h6>\n              <p>Pou\u017e\u00edv\u00e1n\u00ed nejnov\u011bj\u0161\u00edch technologi\u00ed\u2028ve v\u00fdrob\u011b a v\u00fdzkumu.<\/p>\n            <\/div>\n          <\/div>\n                  <div class=\"icon-with-description\">\n            <div class=\"icon-with-description__icon\">\n              <img loading=\"lazy\" decoding=\"async\" width=\"97\" height=\"96\" src=\"https:\/\/wipcool.pl\/wp-content\/uploads\/2024\/08\/Icons-two-color-4.png\" class=\"attachment-full size-full\" alt=\"\" \/>            <\/div>\n            <div class=\"icon-with-description__text\">\n              <h6>Spolehlivost produkt\u016f<\/h6>\n              <p> Produkty s bezchybn\u011b funguj\u00edc\u00edmi vlastnostmi, kter\u00e9 vytv\u00e1\u0159ej\u00ed vy\u0161\u0161\u00ed obchodn\u00ed hodnotu pro z\u00e1kazn\u00edky.<\/p>\n            <\/div>\n          <\/div>\n              <\/div>\n    <\/div>\n  <\/section>\n\n\n\n<section class=\"best-products\">\n  <div class=\"container\">\n    <div class=\"mb-6 md:mb-8\">\n      <div class=\"best-products__header text-center\">\n        <h3>NA\u0160E NEJLEP\u0160\u00cd PRODUKTY<\/h3>\n      <\/div>\n    <\/div>\n    <div class=\"relative min-h-96\">\n        \n        <!--\n            <div class=\"wipcool-loader absolute top-1\/2 left-1\/2 -translate-x-1\/2 -translate-y-1\/2 z-10\"><\/div>\n            <div id=\"best-products-grid\" class=\"grid grid-cols-2 lg:grid-cols-4 gap-2 sm:gap-4 lg:gap-y-16 pb-6 md:pb-8 xl:pb-16\"><\/div>\n        -->\n      \n       <div id=\"best-custom-products-grid\" class=\"grid grid-cols-2 lg:grid-cols-4 gap-2 sm:gap-4 lg:gap-y-16 pb-6 md:pb-8 xl:pb-16\">\n             <\/div>\n    <\/div>\n\n          <div class=\"text-center\">\n        <a\n          class=\"btn btn--primary\"\n          href=\"https:\/\/wipcool.pl\/produkty\/\"\n          target=\"_self\"\n        >\n          V\u0161echny produkty        <\/a>\n      <\/div>\n    \n  <\/div>\n<\/section>\n\n\n<section class=\"banner\">\n  <div class=\"banner__bg\" style=\"background-image: url()\">\n    <div class=\"container\">\n      <div class=\"banner__content\">\n        <span>o n\u00e1s<\/span>\n        <h1><strong>Specialist\u00e9 nejen<\/strong><br \/>\n<strong>NA \u010cI\u0160T\u011aN\u00cd<\/strong><\/h1>\n        <div class=\"prose space-y-2 sm:space-y-4 max-w-full lg:w-3\/5 mb-6 md:mb-8 xl:mb-12 prose-headings:text-white prose-headings:font-semibold prose-h3:text-3xl prose-h4:text-2xl prose-h5:text-xl prose-h6:text-lg prose-p:text-white prose-a:text-white prose-a:underline hover:prose-a:text-accent-1 prose-ul:list-disc prose-ul:text-white prose-ol:text-white prose-li:marker:text-white prose-strong:text-white leading-normal\">\n          <p>Firma WIPCOOL, zalo\u017een\u00e1 v roce 2011, je l\u00eddrem v oblasti pokro\u010dil\u00fdch technologi\u00ed, specializuj\u00edc\u00ed se na v\u00fdrobu \u010derpadel pro odstra\u0148ov\u00e1n\u00ed kondenz\u00e1tu a n\u00e1stroj\u016f pro \u00fadr\u017ebu a instalaci syst\u00e9m\u016f HVAC. M\u00e1me v\u00edce ne\u017e 20 n\u00e1rodn\u00edch patent\u016f\u2028a prodejn\u00ed s\u00edt\u011b ve 73 zem\u00edch, obsluhuj\u00edc\u00ed 5 zn\u00e1m\u00fdch zna\u010dek klimatizace.<\/p>\n        <\/div>\n                  <a href=\"http:\/\/www.wp.pl\" target=\"_self\" class=\"btn btn--primary\">\n            Zjist\u011bte v\u00edce          <\/a>\n              <\/div>\n    <\/div>\n  <\/div>\n<\/section>\n\n\n<section class=\"tips-section\">\n  <div class=\"container\">\n    <div class=\"text-center\">\n      <h2>PORADY PRO SPECIALISTY<\/h2>\n    <\/div>\n          <div class=\"tips-section__boxes\">\n                  <article class=\"tip-box\">\n            <div class=\"tip-box__bg-wrapper\">\n              <div class=\"tip-box__bg\" style=\"\"><\/div>\n            <\/div>\n            <div class=\"tip-box__content\">\n              <div class=\"space-y-3 mb-6\">\n                <span>STRONA<\/span>\n                <h3 class=\"font-normal text-base md:text-lg lg:text-xl xl:text-2xl uppercase mt-1\">Z\u00e1ruka<\/h3>\n                <p><\/p>\n              <\/div>\n              <a href=\"https:\/\/wipcool.pl\/cs\/zaruka\/\" class=\"btn btn--link\">DOZV\u011aD\u011aT SE V\u00cdCE<\/a>\n            <\/div>\n          <\/article>\n                      <\/div>\n        \n          <div class=\"text-center\">\n        <a href=\"https:\/\/wipcool.pl\/blog\/\" target=\"_self\" class=\"btn btn--primary\">V\u0161echny \u010dl\u00e1nky<\/a>\n      <\/div>\n      <\/div>\n<\/section>","protected":false},"excerpt":{"rendered":"","protected":false},"author":1,"featured_media":0,"parent":0,"menu_order":0,"comment_status":"closed","ping_status":"closed","template":"","meta":{"_acf_changed":false,"footnotes":""},"class_list":["post-565","page","type-page","status-publish","hentry"],"acf":[],"yoast_head":"<!-- This site is optimized with the Yoast SEO plugin v25.9 - https:\/\/yoast.com\/wordpress\/plugins\/seo\/ -->\n<title>Profesion\u00e1ln\u00ed n\u00e1stroje pro \u010di\u0161t\u011bn\u00ed a servis klimatizac\u00ed | Wipcool<\/title>\n<meta name=\"description\" content=\"Wipcool \u2013 l\u00eddr na trhu s n\u00e1stroji pro \u010di\u0161t\u011bn\u00ed klimatizac\u00ed. Pod\u00edvejte se, pro\u010d se vyplat\u00ed zvolit na\u0161e n\u00e1stroje HVAC.\" \/>\n<meta name=\"robots\" content=\"index, follow, max-snippet:-1, max-image-preview:large, max-video-preview:-1\" \/>\n<link rel=\"canonical\" href=\"https:\/\/wipcool.pl\/cs\/\" \/>\n<meta property=\"og:locale\" content=\"cs_CZ\" \/>\n<meta property=\"og:type\" content=\"article\" \/>\n<meta property=\"og:title\" content=\"Profesion\u00e1ln\u00ed n\u00e1stroje pro \u010di\u0161t\u011bn\u00ed a servis klimatizac\u00ed | Wipcool\" \/>\n<meta property=\"og:description\" content=\"Wipcool \u2013 l\u00eddr na trhu s n\u00e1stroji pro \u010di\u0161t\u011bn\u00ed klimatizac\u00ed. Pod\u00edvejte se, pro\u010d se vyplat\u00ed zvolit na\u0161e n\u00e1stroje HVAC.\" \/>\n<meta property=\"og:url\" content=\"https:\/\/wipcool.pl\/cs\/\" \/>\n<meta property=\"og:site_name\" content=\"Wipcool\" \/>\n<meta property=\"article:modified_time\" content=\"2025-05-30T09:19:19+00:00\" \/>\n<meta name=\"twitter:card\" content=\"summary_large_image\" \/>\n<script type=\"application\/ld+json\" class=\"yoast-schema-graph\">{\"@context\":\"https:\/\/schema.org\",\"@graph\":[{\"@type\":\"WebPage\",\"@id\":\"https:\/\/wipcool.pl\/cs\/\",\"url\":\"https:\/\/wipcool.pl\/cs\/\",\"name\":\"Profesion\u00e1ln\u00ed n\u00e1stroje pro \u010di\u0161t\u011bn\u00ed a servis klimatizac\u00ed | Wipcool\",\"isPartOf\":{\"@id\":\"https:\/\/wipcool.pl\/#website\"},\"datePublished\":\"2024-07-05T12:02:07+00:00\",\"dateModified\":\"2025-05-30T09:19:19+00:00\",\"description\":\"Wipcool \u2013 l\u00eddr na trhu s n\u00e1stroji pro \u010di\u0161t\u011bn\u00ed klimatizac\u00ed. Pod\u00edvejte se, pro\u010d se vyplat\u00ed zvolit na\u0161e n\u00e1stroje HVAC.\",\"breadcrumb\":{\"@id\":\"https:\/\/wipcool.pl\/cs\/#breadcrumb\"},\"inLanguage\":\"cs\",\"potentialAction\":[{\"@type\":\"ReadAction\",\"target\":[\"https:\/\/wipcool.pl\/cs\/\"]}]},{\"@type\":\"BreadcrumbList\",\"@id\":\"https:\/\/wipcool.pl\/cs\/#breadcrumb\",\"itemListElement\":[{\"@type\":\"ListItem\",\"position\":1,\"name\":\"Strona g\u0142\u00f3wna\",\"item\":\"https:\/\/wipcool.pl\/cs\/\"},{\"@type\":\"ListItem\",\"position\":2,\"name\":\"Domovsk\u00e1 str\u00e1nka\"}]},{\"@type\":\"WebSite\",\"@id\":\"https:\/\/wipcool.pl\/#website\",\"url\":\"https:\/\/wipcool.pl\/\",\"name\":\"Wipcool\",\"description\":\"\",\"potentialAction\":[{\"@type\":\"SearchAction\",\"target\":{\"@type\":\"EntryPoint\",\"urlTemplate\":\"https:\/\/wipcool.pl\/?s={search_term_string}\"},\"query-input\":{\"@type\":\"PropertyValueSpecification\",\"valueRequired\":true,\"valueName\":\"search_term_string\"}}],\"inLanguage\":\"cs\"}]}<\/script>\n<!-- \/ Yoast SEO plugin. -->","yoast_head_json":{"title":"Profesion\u00e1ln\u00ed n\u00e1stroje pro \u010di\u0161t\u011bn\u00ed a servis klimatizac\u00ed | Wipcool","description":"Wipcool \u2013 l\u00eddr na trhu s n\u00e1stroji pro \u010di\u0161t\u011bn\u00ed klimatizac\u00ed. Pod\u00edvejte se, pro\u010d se vyplat\u00ed zvolit na\u0161e n\u00e1stroje HVAC.","robots":{"index":"index","follow":"follow","max-snippet":"max-snippet:-1","max-image-preview":"max-image-preview:large","max-video-preview":"max-video-preview:-1"},"canonical":"https:\/\/wipcool.pl\/cs\/","og_locale":"cs_CZ","og_type":"article","og_title":"Profesion\u00e1ln\u00ed n\u00e1stroje pro \u010di\u0161t\u011bn\u00ed a servis klimatizac\u00ed | Wipcool","og_description":"Wipcool \u2013 l\u00eddr na trhu s n\u00e1stroji pro \u010di\u0161t\u011bn\u00ed klimatizac\u00ed. Pod\u00edvejte se, pro\u010d se vyplat\u00ed zvolit na\u0161e n\u00e1stroje HVAC.","og_url":"https:\/\/wipcool.pl\/cs\/","og_site_name":"Wipcool","article_modified_time":"2025-05-30T09:19:19+00:00","twitter_card":"summary_large_image","schema":{"@context":"https:\/\/schema.org","@graph":[{"@type":"WebPage","@id":"https:\/\/wipcool.pl\/cs\/","url":"https:\/\/wipcool.pl\/cs\/","name":"Profesion\u00e1ln\u00ed n\u00e1stroje pro \u010di\u0161t\u011bn\u00ed a servis klimatizac\u00ed | Wipcool","isPartOf":{"@id":"https:\/\/wipcool.pl\/#website"},"datePublished":"2024-07-05T12:02:07+00:00","dateModified":"2025-05-30T09:19:19+00:00","description":"Wipcool \u2013 l\u00eddr na trhu s n\u00e1stroji pro \u010di\u0161t\u011bn\u00ed klimatizac\u00ed. Pod\u00edvejte se, pro\u010d se vyplat\u00ed zvolit na\u0161e n\u00e1stroje HVAC.","breadcrumb":{"@id":"https:\/\/wipcool.pl\/cs\/#breadcrumb"},"inLanguage":"cs","potentialAction":[{"@type":"ReadAction","target":["https:\/\/wipcool.pl\/cs\/"]}]},{"@type":"BreadcrumbList","@id":"https:\/\/wipcool.pl\/cs\/#breadcrumb","itemListElement":[{"@type":"ListItem","position":1,"name":"Strona g\u0142\u00f3wna","item":"https:\/\/wipcool.pl\/cs\/"},{"@type":"ListItem","position":2,"name":"Domovsk\u00e1 str\u00e1nka"}]},{"@type":"WebSite","@id":"https:\/\/wipcool.pl\/#website","url":"https:\/\/wipcool.pl\/","name":"Wipcool","description":"","potentialAction":[{"@type":"SearchAction","target":{"@type":"EntryPoint","urlTemplate":"https:\/\/wipcool.pl\/?s={search_term_string}"},"query-input":{"@type":"PropertyValueSpecification","valueRequired":true,"valueName":"search_term_string"}}],"inLanguage":"cs"}]}},"_links":{"self":[{"href":"https:\/\/wipcool.pl\/cs\/wp-json\/wp\/v2\/pages\/565","targetHints":{"allow":["GET"]}}],"collection":[{"href":"https:\/\/wipcool.pl\/cs\/wp-json\/wp\/v2\/pages"}],"about":[{"href":"https:\/\/wipcool.pl\/cs\/wp-json\/wp\/v2\/types\/page"}],"author":[{"embeddable":true,"href":"https:\/\/wipcool.pl\/cs\/wp-json\/wp\/v2\/users\/1"}],"replies":[{"embeddable":true,"href":"https:\/\/wipcool.pl\/cs\/wp-json\/wp\/v2\/comments?post=565"}],"version-history":[{"count":1,"href":"https:\/\/wipcool.pl\/cs\/wp-json\/wp\/v2\/pages\/565\/revisions"}],"predecessor-version":[{"id":6012,"href":"https:\/\/wipcool.pl\/cs\/wp-json\/wp\/v2\/pages\/565\/revisions\/6012"}],"wp:attachment":[{"href":"https:\/\/wipcool.pl\/cs\/wp-json\/wp\/v2\/media?parent=565"}],"curies":[{"name":"wp","href":"https:\/\/api.w.org\/{rel}","templated":true}]}}