{"id":551,"date":"2024-07-25T23:07:29","date_gmt":"2024-07-25T21:07:29","guid":{"rendered":"https:\/\/wipcool.pl\/about-us\/"},"modified":"2025-05-30T11:16:17","modified_gmt":"2025-05-30T09:16:17","slug":"o-nas","status":"publish","type":"page","link":"https:\/\/wipcool.pl\/cs\/o-nas\/","title":{"rendered":"O n\u00e1s"},"content":{"rendered":"\n<section>\n  <div class=\"container\">\n    <div class=\"grid grid-cols-12 gap-y-8 sm:gap-8\">\n      <div class=\"col-span-12 md:col-span-6\">\n        <img loading=\"lazy\" decoding=\"async\" width=\"792\" height=\"534\" src=\"https:\/\/wipcool.pl\/wp-content\/uploads\/2024\/07\/O-nas.png\" class=\"rounded-[15px] aspect-[640\/608] object-cover\" alt=\"\" srcset=\"https:\/\/wipcool.pl\/wp-content\/uploads\/2024\/07\/O-nas.png 792w, https:\/\/wipcool.pl\/wp-content\/uploads\/2024\/07\/O-nas-600x405.png 600w, https:\/\/wipcool.pl\/wp-content\/uploads\/2024\/07\/O-nas-300x202.png 300w, https:\/\/wipcool.pl\/wp-content\/uploads\/2024\/07\/O-nas-768x518.png 768w\" sizes=\"auto, (max-width: 792px) 100vw, 792px\" \/>      <\/div>\n\n      <div class=\"col-span-12 md:col-span-6\">\n        <div class=\"flex flex-col justify-center h-full space-y-2 sm:space-y-4\">\n          <h2 class=\"lg:text-4xl font-semibold leading-tight\">\n            O n\u00e1s          <\/h2>\n          <div class=\"prose space-y-2 sm:space-y-4 max-w-full transition-all prose-headings:text-primary prose-headings:font-semibold prose-h3:text-3xl prose-h4:text-2xl prose-h5:text-xl prose-h6:text-lg prose-p:text-primary prose-a:text-primary prose-a:underline hover:prose-a:text-accent-1 prose-ul:list-[square] prose-ul:text-primary prose-ol:text-primary prose-li:marker:text-primary leading-normal\">\n            <p>WIPCOOL, zalo\u017een\u00fd v roce 2011, je l\u00eddrem v oblasti high-tech \u0159e\u0161en\u00ed, specializuj\u00edc\u00ed se na v\u00fdrobu \u010derpadel pro odvod kondenz\u00e1tu a n\u00e1stroj\u016f pro \u00fadr\u017ebu a instalaci HVAC syst\u00e9m\u016f. Vlastn\u00edme v\u00edce ne\u017e 20 n\u00e1rodn\u00edch patent\u016f a m\u00e1me prodejn\u00ed s\u00edt\u011b v 73 zem\u00edch, slou\u017e\u00edme 5 zn\u00e1m\u00fdm zna\u010dk\u00e1m klimatizac\u00ed. Na\u0161e pokro\u010dil\u00e9 technologie a p\u0159\u00edsn\u00fd syst\u00e9m \u0159\u00edzen\u00ed zaji\u0161\u0165uj\u00ed vysokou kvalitu. Zam\u011b\u0159ujeme se na inovace, spolehlivost a kr\u00e1tk\u00e9 dodac\u00ed lh\u016fty, poskytuj\u00edce na\u0161im klient\u016fm ta nejlep\u0161\u00ed \u0159e\u0161en\u00ed.<\/p>\n<p>Na\u0161\u00edm c\u00edlem je neust\u00e1le t\u011b\u0161it z\u00e1kazn\u00edky vynikaj\u00edc\u00ed kvalitou produkt\u016f WIPCOOL. Spoluprac\u00ed se specializovan\u00fdmi prodejci budujeme trval\u00e9 a pevn\u00e9 vztahy s klienty. Usilujeme o to, aby ka\u017ed\u00fd z\u00e1kazn\u00edk, kter\u00fd si vybere na\u0161e produkty, byl nejen spokojen\u00fd, ale tak\u00e9 m\u011bl d\u016fv\u011bru v na\u0161i zna\u010dku. V\u011b\u0159\u00edme, \u017ee ka\u017ed\u00e9 za\u0159\u00edzen\u00ed je stejn\u011b spolehliv\u00e9 jako jeho servis, proto nab\u00edz\u00edme dlouhou z\u00e1ruku a mo\u017enosti oprav na\u0161ich produkt\u016f.<\/p>\n \n          <\/div>\n                  <\/div>\n      <\/div>\n    <\/div>\n  <\/div>\n<\/section>\n\n\n<section class=\"banner-with-icons\">\n  <div class=\"banner-with-icons__bg\" style=\"background-image: url(https:\/\/wipcool.pl\/wp-content\/uploads\/2024\/07\/Section-2-Product-Features.jpg)\">\n    <div class=\"container\">\n      <div class=\"grid grid-cols-1 lg:grid-cols-3 lg:gap-16\">\n        <div class=\"banner-with-icons__content\">\n          <span class=\"block mb-4\">O N\u00c1S<\/span>\n          <h2 class=\"font-semibold text-lg md:text-xl lg:text-2xl xl:text-3xl mb-4\">\n            Poskytujeme nejlep\u0161\u00ed \u0159e\u0161en\u00ed pro na\u0161e z\u00e1kazn\u00edky po cel\u00e9m sv\u011bt\u011b.          <\/h2>\n          <p class=\"mb-8\">\n                      <\/p>\n                      <a href=\"https:\/\/www.wp.pl\/\" target=\"_self\" class=\"btn btn--primary\">\n              Objevte na\u0161e produkty            <\/a>\n                  <\/div>\n        <div class=\"col-span-2\">\n                      <div class=\"grid grid-cols-1 sm:grid-cols-3 gap-4 xl:gap-10 py-4\">\n                              <div class=\"border border-secondary rounded-[10px] py-8 px-4 flex flex-col items-center text-white\">\n                  <div class=\"w-12 h-12 flex justify-center items-center mb-4\">\n                    <img loading=\"lazy\" decoding=\"async\" width=\"97\" height=\"96\" src=\"https:\/\/wipcool.pl\/wp-content\/uploads\/2024\/08\/Icons-two-color-5.png\" class=\"attachment-full size-full\" alt=\"\" \/>                  <\/div>\n                  <h3 class=\"md:text-lg text-center font-medium mb-0\">\n                    Rychlost<br \/>\r\na Efektivita                  <\/h3>\n                  <p class=\"text-center text-sm font-medium\">\n                                      <\/p>\n                <\/div>\n                              <div class=\"border border-secondary rounded-[10px] py-8 px-4 flex flex-col items-center text-white\">\n                  <div class=\"w-12 h-12 flex justify-center items-center mb-4\">\n                    <img loading=\"lazy\" decoding=\"async\" width=\"97\" height=\"96\" src=\"https:\/\/wipcool.pl\/wp-content\/uploads\/2024\/08\/Group-1.png\" class=\"attachment-full size-full\" alt=\"\" \/>                  <\/div>\n                  <h3 class=\"md:text-lg text-center font-medium mb-0\">\n                    Spolehlivost<br \/>\r\na Odhodl\u00e1n\u00ed                  <\/h3>\n                  <p class=\"text-center text-sm font-medium\">\n                                      <\/p>\n                <\/div>\n                              <div class=\"border border-secondary rounded-[10px] py-8 px-4 flex flex-col items-center text-white\">\n                  <div class=\"w-12 h-12 flex justify-center items-center mb-4\">\n                    <img loading=\"lazy\" decoding=\"async\" width=\"97\" height=\"96\" src=\"https:\/\/wipcool.pl\/wp-content\/uploads\/2024\/08\/Frame-1.png\" class=\"attachment-full size-full\" alt=\"\" \/>                  <\/div>\n                  <h3 class=\"md:text-lg text-center font-medium mb-0\">\n                    Kvalita<br \/>\r\na P\u0159esnost                  <\/h3>\n                  <p class=\"text-center text-sm font-medium\">\n                                      <\/p>\n                <\/div>\n                          <\/div>\n                  <\/div>\n      <\/div>\n    <\/div>\n  <\/div>\n<\/section>\n\n\n<section>\n  <div class=\"container\">\n    <div class=\"grid grid-cols-1 md:grid-cols-2 md:gap-16\">\n      <div>\n        <img loading=\"lazy\" decoding=\"async\" width=\"633\" height=\"612\" src=\"https:\/\/wipcool.pl\/wp-content\/uploads\/2024\/07\/Object-Photo.png\" class=\"rounded-[10px] mb-8 md:mb-0\" alt=\"\" srcset=\"https:\/\/wipcool.pl\/wp-content\/uploads\/2024\/07\/Object-Photo.png 633w, https:\/\/wipcool.pl\/wp-content\/uploads\/2024\/07\/Object-Photo-600x580.png 600w, https:\/\/wipcool.pl\/wp-content\/uploads\/2024\/07\/Object-Photo-300x290.png 300w\" sizes=\"auto, (max-width: 633px) 100vw, 633px\" \/>      <\/div>\n      <div>\n        <h2 class=\"font-normal text-xl md:text-2xl lg:text-3xl xl:text-4xl mb-8 md:mb-14\">Ot\u00e1zky a odpov\u011bdi<\/h2>\n                  <div class=\"accordions accordion-container\">\n                          <div class=\"ac\">\n                <h3 class=\"ac-header text-base lg:text-lg xl:text-lg font-normal\">\n                  <button type=\"button\" class=\"ac-trigger\">\n                    Jak dlouh\u00e1 je z\u00e1ruka na produkty WIPCOOL?                  <\/button>\n                <\/h3>\n                <div class=\"ac-panel\">\n                  <p>Z\u00e1ru\u010dn\u00ed doba se li\u0161\u00ed v z\u00e1vislosti na typu produktu a pohybuje se od 12 do 24 m\u011bs\u00edc\u016f od data n\u00e1kupu, ale ne v\u00edce ne\u017e 30 m\u011bs\u00edc\u016f od jeho prvn\u00edho prodeje spole\u010dnost\u00ed 4REF sp. z o.o.<\/p>\n                <\/div>\n              <\/div>\n                          <div class=\"ac\">\n                <h3 class=\"ac-header text-base lg:text-lg xl:text-lg font-normal\">\n                  <button type=\"button\" class=\"ac-trigger\">\n                    Kde najdu nejbli\u017e\u0161\u00edho distributora v m\u00e9 oblasti?                  <\/button>\n                <\/h3>\n                <div class=\"ac-panel\">\n                  <p>Chcete-li naj\u00edt nejbli\u017e\u0161\u00edho distributora, nav\u0161tivte pros\u00edm sekci &#8222;Distributo\u0159i&#8220; dostupnou na na\u0161ich webov\u00fdch str\u00e1nk\u00e1ch.<\/p>\n                <\/div>\n              <\/div>\n                          <div class=\"ac\">\n                <h3 class=\"ac-header text-base lg:text-lg xl:text-lg font-normal\">\n                  <button type=\"button\" class=\"ac-trigger\">\n                    Poskytuje WIPCOOL n\u011bjak\u00e9 poradenstv\u00ed ke sv\u00fdm produkt\u016fm?                  <\/button>\n                <\/h3>\n                <div class=\"ac-panel\">\n                  <p>Ano, rady k na\u0161im produkt\u016fm najdete v \u010dl\u00e1nc\u00edch na na\u0161em blogu.<\/p>\n                <\/div>\n              <\/div>\n                          <div class=\"ac\">\n                <h3 class=\"ac-header text-base lg:text-lg xl:text-lg font-normal\">\n                  <button type=\"button\" class=\"ac-trigger\">\n                    Jak\u00e9 jsou n\u00e1klady na dopravu p\u0159i uplatn\u011bn\u00ed z\u00e1ru\u010dn\u00ed reklamace?                  <\/button>\n                <\/h3>\n                <div class=\"ac-panel\">\n                  <p>N\u00e1klady na dopravu p\u0159i opr\u00e1vn\u011bn\u00e9 z\u00e1ru\u010dn\u00ed reklamaci hrad\u00ed WIPCOOL.<\/p>\n                <\/div>\n              <\/div>\n                      <\/div>\n              <\/div>\n    <\/div>\n  <\/div>\n<\/section>","protected":false},"excerpt":{"rendered":"","protected":false},"author":1,"featured_media":0,"parent":0,"menu_order":0,"comment_status":"closed","ping_status":"closed","template":"","meta":{"_acf_changed":false,"footnotes":""},"class_list":["post-551","page","type-page","status-publish","hentry"],"acf":[],"yoast_head":"<!-- This site is optimized with the Yoast SEO plugin v25.9 - https:\/\/yoast.com\/wordpress\/plugins\/seo\/ -->\n<title>O n\u00e1s \u2013 L\u00eddr v technologii HVAC | Wipcool<\/title>\n<meta name=\"description\" content=\"Poznejte spole\u010dnost Wipcool \u2013 l\u00eddra v oblasti \u0161pi\u010dkov\u00fdch technologi\u00ed, specializuj\u00edc\u00edho se na v\u00fdrobu \u010derpadel pro odvod kondenz\u00e1tu a n\u00e1stroj\u016f pro \u00fadr\u017ebu a instalaci syst\u00e9m\u016f HVAC.\" \/>\n<meta name=\"robots\" content=\"index, follow, max-snippet:-1, max-image-preview:large, max-video-preview:-1\" \/>\n<link rel=\"canonical\" href=\"https:\/\/wipcool.pl\/cs\/o-nas\/\" \/>\n<meta property=\"og:locale\" content=\"cs_CZ\" \/>\n<meta property=\"og:type\" content=\"article\" \/>\n<meta property=\"og:title\" content=\"O n\u00e1s \u2013 L\u00eddr v technologii HVAC | Wipcool\" \/>\n<meta property=\"og:description\" content=\"Poznejte spole\u010dnost Wipcool \u2013 l\u00eddra v oblasti \u0161pi\u010dkov\u00fdch technologi\u00ed, specializuj\u00edc\u00edho se na v\u00fdrobu \u010derpadel pro odvod kondenz\u00e1tu a n\u00e1stroj\u016f pro \u00fadr\u017ebu a instalaci syst\u00e9m\u016f HVAC.\" \/>\n<meta property=\"og:url\" content=\"https:\/\/wipcool.pl\/cs\/o-nas\/\" \/>\n<meta property=\"og:site_name\" content=\"Wipcool\" \/>\n<meta property=\"article:modified_time\" content=\"2025-05-30T09:16:17+00:00\" \/>\n<meta name=\"twitter:card\" content=\"summary_large_image\" \/>\n<script type=\"application\/ld+json\" class=\"yoast-schema-graph\">{\"@context\":\"https:\/\/schema.org\",\"@graph\":[{\"@type\":\"WebPage\",\"@id\":\"https:\/\/wipcool.pl\/cs\/o-nas\/\",\"url\":\"https:\/\/wipcool.pl\/cs\/o-nas\/\",\"name\":\"O n\u00e1s \u2013 L\u00eddr v technologii HVAC | Wipcool\",\"isPartOf\":{\"@id\":\"https:\/\/wipcool.pl\/#website\"},\"datePublished\":\"2024-07-25T21:07:29+00:00\",\"dateModified\":\"2025-05-30T09:16:17+00:00\",\"description\":\"Poznejte spole\u010dnost Wipcool \u2013 l\u00eddra v oblasti \u0161pi\u010dkov\u00fdch technologi\u00ed, specializuj\u00edc\u00edho se na v\u00fdrobu \u010derpadel pro odvod kondenz\u00e1tu a n\u00e1stroj\u016f pro \u00fadr\u017ebu a instalaci syst\u00e9m\u016f HVAC.\",\"breadcrumb\":{\"@id\":\"https:\/\/wipcool.pl\/cs\/o-nas\/#breadcrumb\"},\"inLanguage\":\"cs\",\"potentialAction\":[{\"@type\":\"ReadAction\",\"target\":[\"https:\/\/wipcool.pl\/cs\/o-nas\/\"]}]},{\"@type\":\"BreadcrumbList\",\"@id\":\"https:\/\/wipcool.pl\/cs\/o-nas\/#breadcrumb\",\"itemListElement\":[{\"@type\":\"ListItem\",\"position\":1,\"name\":\"Strona g\u0142\u00f3wna\",\"item\":\"https:\/\/wipcool.pl\/cs\/\"},{\"@type\":\"ListItem\",\"position\":2,\"name\":\"O n\u00e1s\"}]},{\"@type\":\"WebSite\",\"@id\":\"https:\/\/wipcool.pl\/#website\",\"url\":\"https:\/\/wipcool.pl\/\",\"name\":\"Wipcool\",\"description\":\"\",\"potentialAction\":[{\"@type\":\"SearchAction\",\"target\":{\"@type\":\"EntryPoint\",\"urlTemplate\":\"https:\/\/wipcool.pl\/?s={search_term_string}\"},\"query-input\":{\"@type\":\"PropertyValueSpecification\",\"valueRequired\":true,\"valueName\":\"search_term_string\"}}],\"inLanguage\":\"cs\"}]}<\/script>\n<!-- \/ Yoast SEO plugin. -->","yoast_head_json":{"title":"O n\u00e1s \u2013 L\u00eddr v technologii HVAC | Wipcool","description":"Poznejte spole\u010dnost Wipcool \u2013 l\u00eddra v oblasti \u0161pi\u010dkov\u00fdch technologi\u00ed, specializuj\u00edc\u00edho se na v\u00fdrobu \u010derpadel pro odvod kondenz\u00e1tu a n\u00e1stroj\u016f pro \u00fadr\u017ebu a instalaci syst\u00e9m\u016f HVAC.","robots":{"index":"index","follow":"follow","max-snippet":"max-snippet:-1","max-image-preview":"max-image-preview:large","max-video-preview":"max-video-preview:-1"},"canonical":"https:\/\/wipcool.pl\/cs\/o-nas\/","og_locale":"cs_CZ","og_type":"article","og_title":"O n\u00e1s \u2013 L\u00eddr v technologii HVAC | Wipcool","og_description":"Poznejte spole\u010dnost Wipcool \u2013 l\u00eddra v oblasti \u0161pi\u010dkov\u00fdch technologi\u00ed, specializuj\u00edc\u00edho se na v\u00fdrobu \u010derpadel pro odvod kondenz\u00e1tu a n\u00e1stroj\u016f pro \u00fadr\u017ebu a instalaci syst\u00e9m\u016f HVAC.","og_url":"https:\/\/wipcool.pl\/cs\/o-nas\/","og_site_name":"Wipcool","article_modified_time":"2025-05-30T09:16:17+00:00","twitter_card":"summary_large_image","schema":{"@context":"https:\/\/schema.org","@graph":[{"@type":"WebPage","@id":"https:\/\/wipcool.pl\/cs\/o-nas\/","url":"https:\/\/wipcool.pl\/cs\/o-nas\/","name":"O n\u00e1s \u2013 L\u00eddr v technologii HVAC | Wipcool","isPartOf":{"@id":"https:\/\/wipcool.pl\/#website"},"datePublished":"2024-07-25T21:07:29+00:00","dateModified":"2025-05-30T09:16:17+00:00","description":"Poznejte spole\u010dnost Wipcool \u2013 l\u00eddra v oblasti \u0161pi\u010dkov\u00fdch technologi\u00ed, specializuj\u00edc\u00edho se na v\u00fdrobu \u010derpadel pro odvod kondenz\u00e1tu a n\u00e1stroj\u016f pro \u00fadr\u017ebu a instalaci syst\u00e9m\u016f HVAC.","breadcrumb":{"@id":"https:\/\/wipcool.pl\/cs\/o-nas\/#breadcrumb"},"inLanguage":"cs","potentialAction":[{"@type":"ReadAction","target":["https:\/\/wipcool.pl\/cs\/o-nas\/"]}]},{"@type":"BreadcrumbList","@id":"https:\/\/wipcool.pl\/cs\/o-nas\/#breadcrumb","itemListElement":[{"@type":"ListItem","position":1,"name":"Strona g\u0142\u00f3wna","item":"https:\/\/wipcool.pl\/cs\/"},{"@type":"ListItem","position":2,"name":"O n\u00e1s"}]},{"@type":"WebSite","@id":"https:\/\/wipcool.pl\/#website","url":"https:\/\/wipcool.pl\/","name":"Wipcool","description":"","potentialAction":[{"@type":"SearchAction","target":{"@type":"EntryPoint","urlTemplate":"https:\/\/wipcool.pl\/?s={search_term_string}"},"query-input":{"@type":"PropertyValueSpecification","valueRequired":true,"valueName":"search_term_string"}}],"inLanguage":"cs"}]}},"_links":{"self":[{"href":"https:\/\/wipcool.pl\/cs\/wp-json\/wp\/v2\/pages\/551","targetHints":{"allow":["GET"]}}],"collection":[{"href":"https:\/\/wipcool.pl\/cs\/wp-json\/wp\/v2\/pages"}],"about":[{"href":"https:\/\/wipcool.pl\/cs\/wp-json\/wp\/v2\/types\/page"}],"author":[{"embeddable":true,"href":"https:\/\/wipcool.pl\/cs\/wp-json\/wp\/v2\/users\/1"}],"replies":[{"embeddable":true,"href":"https:\/\/wipcool.pl\/cs\/wp-json\/wp\/v2\/comments?post=551"}],"version-history":[{"count":1,"href":"https:\/\/wipcool.pl\/cs\/wp-json\/wp\/v2\/pages\/551\/revisions"}],"predecessor-version":[{"id":6018,"href":"https:\/\/wipcool.pl\/cs\/wp-json\/wp\/v2\/pages\/551\/revisions\/6018"}],"wp:attachment":[{"href":"https:\/\/wipcool.pl\/cs\/wp-json\/wp\/v2\/media?parent=551"}],"curies":[{"name":"wp","href":"https:\/\/api.w.org\/{rel}","templated":true}]}}